{"id":1027927,"date":"2024-06-17T16:12:05","date_gmt":"2024-06-17T08:12:05","guid":{"rendered":"https:\/\/vimaterial.de\/product\/oxyde-de-terbium-2\/"},"modified":"2024-10-23T10:35:17","modified_gmt":"2024-10-23T02:35:17","slug":"oxyde-de-terbium-2","status":"publish","type":"product","link":"https:\/\/vimaterial.de\/fr\/product\/oxyde-de-terbium-2\/","title":{"rendered":"Oxyde de terbium"},"content":{"rendered":"<p>Les cibles d\u2019oxyde de terbium sont un mat\u00e9riau fonctionnel important.<\/p>\n<h3>Informations de base :<\/h3>\n<p>Composition chimique : principalement compos\u00e9 d\u2019\u00e9l\u00e9ments terbium (Tb) et oxyg\u00e8ne (O), la formule chimique est Tb\u2084O\u2087, la masse mol\u00e9culaire relative est de 747,69.<\/p>\n<p>Num\u00e9ro CAS : 12037-01-3.<\/p>\n<p>Apparence : appara\u00eet g\u00e9n\u00e9ralement sous la forme d\u2019un solide beige.<\/p>\n<p>Densit\u00e9\u00a0: environ 7900 kg \/ m\u00b3, la densit\u00e9 relative est grande, ce qui lui conf\u00e8re une meilleure stabilit\u00e9 et uniformit\u00e9 dans le processus de pulv\u00e9risation.<\/p>\n<p>Point de fusion : Tb\u2084O\u2087 se d\u00e9composera en Tb\u2082O\u2083 \u00e0 haute temp\u00e9rature, il n\u2019y a pas de point de fusion fixe d\u00e9fini.<\/p>\n<h3>Caract\u00e9ristiques de performance :<\/h3>\n<p>Propri\u00e9t\u00e9s \u00e9lectriques : Le terbium a un certain degr\u00e9 de conductivit\u00e9 \u00e9lectrique, une propri\u00e9t\u00e9 qui le rend potentiellement utile dans la fabrication d\u2019appareils \u00e9lectroniques.<\/p>\n<p>Propri\u00e9t\u00e9s magn\u00e9tiques : Le terbium lui-m\u00eame a un certain degr\u00e9 de magn\u00e9tisme, et les cibles Tb\u2084O\u2087 peuvent \u00e9galement pr\u00e9senter des propri\u00e9t\u00e9s magn\u00e9tiques correspondantes, qui peuvent \u00eatre appliqu\u00e9es \u00e0 la pr\u00e9paration de mat\u00e9riaux magn\u00e9tiques.<\/p>\n<p>Propri\u00e9t\u00e9s optiques : Il a des applications importantes dans le domaine optique, par exemple, il peut \u00eatre utilis\u00e9 dans la pr\u00e9paration de films optiques, et il joue un r\u00f4le dans la technologie laser et le stockage optique.<\/p>\n<h3>Domaines d\u2019application :<\/h3>\n<p>Domaine des semi-conducteurs : Il peut \u00eatre utilis\u00e9 dans la fabrication de dispositifs \u00e0 semi-conducteurs, par exemple, comme mat\u00e9riau pour le d\u00e9p\u00f4t de couches minces dans les dispositifs CMOS (Complementary Metal Oxide Semiconductor), ce qui contribue \u00e0 am\u00e9liorer les performances des dispositifs \u00e0 semi-conducteurs.<\/p>\n<p>Champ de couche mince optique : Les couches minces d\u2019oxyde de terbium sont d\u00e9pos\u00e9es sur le substrat par pulv\u00e9risation cathodique et d\u2019autres m\u00e9thodes, et peuvent \u00eatre utilis\u00e9es pour fabriquer des lentilles optiques, des filtres et d\u2019autres composants optiques afin d\u2019am\u00e9liorer leurs propri\u00e9t\u00e9s optiques.<\/p>\n<p>Champ des mat\u00e9riaux magn\u00e9to-optiques : utilis\u00e9 pour pr\u00e9parer des mat\u00e9riaux de stockage magn\u00e9to-optiques, tels que des disques magn\u00e9tiques, etc., en utilisant son effet magn\u00e9to-optique pour r\u00e9aliser le stockage et la lecture d\u2019informations.<\/p>\n<p>Champ d\u2019affichage \u00e0 \u00e9cran plat : dans la technologie d\u2019affichage \u00e0 \u00e9cran plat, les cibles d\u2019oxyde de terbium peuvent \u00eatre utilis\u00e9es pour pr\u00e9parer certaines couches fonctionnelles dans les \u00e9crans plats afin d\u2019am\u00e9liorer l\u2019effet et les performances d\u2019affichage.<\/p>\n","protected":false},"excerpt":{"rendered":"<p>Les cibles d\u2019oxyde de terbium sont un mat\u00e9riau fonctionnel important.<\/p>\n<p>Domaine des semi-conducteurs : Il peut \u00eatre utilis\u00e9 dans la fabrication de dispositifs \u00e0 semi-conducteurs, par exemple, comme mat\u00e9riau pour le d\u00e9p\u00f4t de couches minces dans les dispositifs CMOS (Complementary Metal Oxide Semiconductor), ce qui contribue \u00e0 am\u00e9liorer les performances des dispositifs \u00e0 semi-conducteurs.<\/p>\n<p>Champ de couche mince optique : Les couches minces Tb\u2084O\u2087 sont d\u00e9pos\u00e9es sur le substrat par pulv\u00e9risation cathodique et d\u2019autres m\u00e9thodes, et peuvent \u00eatre utilis\u00e9es pour fabriquer des lentilles optiques, des filtres et d\u2019autres composants optiques afin d\u2019am\u00e9liorer leurs propri\u00e9t\u00e9s optiques.<\/p>\n","protected":false},"featured_media":1038670,"comment_status":"open","ping_status":"closed","template":"","meta":{"_acf_changed":false},"product_brand":[],"product_cat":[235],"product_tag":[],"class_list":{"0":"post-1027927","1":"product","2":"type-product","3":"status-publish","4":"has-post-thumbnail","6":"product_cat-cibles-de-pulverisation-planaire","8":"first","9":"instock","10":"shipping-taxable","11":"product-type-variable"},"acf":[],"_links":{"self":[{"href":"https:\/\/vimaterial.de\/fr\/wp-json\/wp\/v2\/product\/1027927","targetHints":{"allow":["GET"]}}],"collection":[{"href":"https:\/\/vimaterial.de\/fr\/wp-json\/wp\/v2\/product"}],"about":[{"href":"https:\/\/vimaterial.de\/fr\/wp-json\/wp\/v2\/types\/product"}],"replies":[{"embeddable":true,"href":"https:\/\/vimaterial.de\/fr\/wp-json\/wp\/v2\/comments?post=1027927"}],"wp:featuredmedia":[{"embeddable":true,"href":"https:\/\/vimaterial.de\/fr\/wp-json\/wp\/v2\/media\/1038670"}],"wp:attachment":[{"href":"https:\/\/vimaterial.de\/fr\/wp-json\/wp\/v2\/media?parent=1027927"}],"wp:term":[{"taxonomy":"product_brand","embeddable":true,"href":"https:\/\/vimaterial.de\/fr\/wp-json\/wp\/v2\/product_brand?post=1027927"},{"taxonomy":"product_cat","embeddable":true,"href":"https:\/\/vimaterial.de\/fr\/wp-json\/wp\/v2\/product_cat?post=1027927"},{"taxonomy":"product_tag","embeddable":true,"href":"https:\/\/vimaterial.de\/fr\/wp-json\/wp\/v2\/product_tag?post=1027927"}],"curies":[{"name":"wp","href":"https:\/\/api.w.org\/{rel}","templated":true}]}}