{"id":1027912,"date":"2024-06-17T16:12:06","date_gmt":"2024-06-17T08:12:06","guid":{"rendered":"https:\/\/vimaterial.de\/product\/chlorure-de-terbium\/"},"modified":"2024-10-22T15:01:53","modified_gmt":"2024-10-22T07:01:53","slug":"chlorure-de-terbium","status":"publish","type":"product","link":"https:\/\/vimaterial.de\/fr\/product\/chlorure-de-terbium\/","title":{"rendered":"Chlorure de terbium"},"content":{"rendered":"<p>La poudre de chlorure de terbium est un compos\u00e9 de terres rares important.<\/p>\n<h3>Informations de base<\/h3>\n<p>Formule chimique : TbCl\u2083 .<\/p>\n<p>Poids mol\u00e9culaire : 265,28 g\/mol .<\/p>\n<p>Apparence\u00a0: g\u00e9n\u00e9ralement de la poudre blanche.<\/p>\n<p>Densit\u00e9 : environ 4,35 g\/cm\u00b3.<\/p>\n<p>Point de fusion : 588\u00b0C.<\/p>\n<p>Solubilit\u00e9 : soluble dans l\u2019eau.<\/p>\n<h3>Propri\u00e9t\u00e9s chimiques<\/h3>\n<p>Stabilit\u00e9\u00a0: Il a une certaine stabilit\u00e9 \u00e0 une temp\u00e9rature et une pression normales, mais il est facile d\u2019absorber l\u2019humidit\u00e9 et peut se d\u00e9composer ou se d\u00e9t\u00e9riorer en raison d\u2019une r\u00e9action chimique dans certaines conditions telles qu\u2019une temp\u00e9rature \u00e9lev\u00e9e, une humidit\u00e9 \u00e9lev\u00e9e ou un oxydant fort.<\/p>\n<p>R\u00e9action avec d\u2019autres substances : il peut r\u00e9agir avec certains \u00e9l\u00e9ments ou compos\u00e9s m\u00e9talliques et non m\u00e9talliques, par exemple, il peut r\u00e9agir avec des halog\u00e9nures de m\u00e9taux alcalins dans certaines conditions.<\/p>\n<h3>Domaines d\u2019application<\/h3>\n<p>Mat\u00e9riaux optiques\u00a0: En raison des propri\u00e9t\u00e9s optiques sp\u00e9ciales des ions terbium, la poudre de chlorure de terbium peut \u00eatre utilis\u00e9e dans la pr\u00e9paration de verre optique, de fibres optiques, etc., ce qui peut am\u00e9liorer l\u2019indice de r\u00e9fraction, la transmission de la lumi\u00e8re et d\u2019autres propri\u00e9t\u00e9s du mat\u00e9riau, et a des applications importantes dans le domaine des communications optiques, de la technologie laser et d\u2019autres domaines.<\/p>\n<p>Dispositifs \u00e9lectroniques : dans la fabrication de composants \u00e9lectroniques, le chlorure de terbium peut \u00eatre utilis\u00e9 comme dopant dans les mat\u00e9riaux semi-conducteurs pour am\u00e9liorer leurs propri\u00e9t\u00e9s \u00e9lectriques, telles que l\u2019am\u00e9lioration de la conductivit\u00e9 \u00e9lectrique, la r\u00e9gulation de la concentration des porteurs, etc., pour aider \u00e0 fabriquer des dispositifs \u00e9lectroniques haute performance, tels que des transistors, des circuits int\u00e9gr\u00e9s, etc.<\/p>\n<p>Mat\u00e9riaux magn\u00e9tiques : Le terbium, un \u00e9l\u00e9ment de terre rare, a un certain degr\u00e9 de magn\u00e9tisme, et la poudre de chlorure de terbium peut jouer un r\u00f4le dans la pr\u00e9paration des mat\u00e9riaux magn\u00e9tiques, qui sont utilis\u00e9s dans la fabrication de capteurs magn\u00e9tiques, de supports de stockage magn\u00e9tiques, etc.<\/p>\n","protected":false},"excerpt":{"rendered":"<p>La poudre de chlorure de terbium est un compos\u00e9 de terres rares important.<\/p>\n<p>Mat\u00e9riaux optiques : En raison des propri\u00e9t\u00e9s optiques sp\u00e9ciales des ions terbium, la poudre TbCl\u2083 peut \u00eatre utilis\u00e9e dans la pr\u00e9paration de verre optique, de fibres optiques, etc., ce qui peut am\u00e9liorer l\u2019indice de r\u00e9fraction, la transmission de la lumi\u00e8re et d\u2019autres propri\u00e9t\u00e9s du mat\u00e9riau, et a des applications importantes dans le domaine des communications optiques, de la technologie laser et d\u2019autres domaines.<\/p>\n<p>&nbsp;<\/p>\n","protected":false},"featured_media":1038443,"comment_status":"open","ping_status":"closed","template":"","meta":{"_acf_changed":false},"product_brand":[],"product_cat":[241],"product_tag":[],"class_list":{"0":"post-1027912","1":"product","2":"type-product","3":"status-publish","4":"has-post-thumbnail","6":"product_cat-materiaux-a-base-de-terres-rares","8":"first","9":"instock","10":"shipping-taxable","11":"purchasable","12":"product-type-variable"},"acf":[],"_links":{"self":[{"href":"https:\/\/vimaterial.de\/fr\/wp-json\/wp\/v2\/product\/1027912","targetHints":{"allow":["GET"]}}],"collection":[{"href":"https:\/\/vimaterial.de\/fr\/wp-json\/wp\/v2\/product"}],"about":[{"href":"https:\/\/vimaterial.de\/fr\/wp-json\/wp\/v2\/types\/product"}],"replies":[{"embeddable":true,"href":"https:\/\/vimaterial.de\/fr\/wp-json\/wp\/v2\/comments?post=1027912"}],"wp:featuredmedia":[{"embeddable":true,"href":"https:\/\/vimaterial.de\/fr\/wp-json\/wp\/v2\/media\/1038443"}],"wp:attachment":[{"href":"https:\/\/vimaterial.de\/fr\/wp-json\/wp\/v2\/media?parent=1027912"}],"wp:term":[{"taxonomy":"product_brand","embeddable":true,"href":"https:\/\/vimaterial.de\/fr\/wp-json\/wp\/v2\/product_brand?post=1027912"},{"taxonomy":"product_cat","embeddable":true,"href":"https:\/\/vimaterial.de\/fr\/wp-json\/wp\/v2\/product_cat?post=1027912"},{"taxonomy":"product_tag","embeddable":true,"href":"https:\/\/vimaterial.de\/fr\/wp-json\/wp\/v2\/product_tag?post=1027912"}],"curies":[{"name":"wp","href":"https:\/\/api.w.org\/{rel}","templated":true}]}}