{"id":1027908,"date":"2024-06-17T16:12:06","date_gmt":"2024-06-17T08:12:06","guid":{"rendered":"https:\/\/vimaterial.de\/product\/bromure-de-terbium\/"},"modified":"2024-10-22T14:30:12","modified_gmt":"2024-10-22T06:30:12","slug":"bromure-de-terbium","status":"publish","type":"product","link":"https:\/\/vimaterial.de\/fr\/product\/bromure-de-terbium\/","title":{"rendered":"Bromure de terbium"},"content":{"rendered":"<p>Poudre de bromure de terbium, La poudre de bromure de terbium, est un compos\u00e9 de terres rares important.<\/p>\n<h3>Informations de base<\/h3>\n<p>Formule chimique : TbBr\u2083<br \/>\nPoids mol\u00e9culaire : 398,637 g\/mol<br \/>\nApparence : g\u00e9n\u00e9ralement de la poudre blanche. Densit\u00e9 : environ 4,62-4,67 g\/cm\u00b3. Point de fusion : 827-828\u00b0C. Point d\u2019\u00e9bullition : 1490\u00b0C. Solubilit\u00e9 : soluble dans l\u2019eau.<\/p>\n<h3>Propri\u00e9t\u00e9s chimiques<\/h3>\n<p>Stabilit\u00e9 : La poudre de bromure de terbium a un certain degr\u00e9 de stabilit\u00e9 \u00e0 temp\u00e9rature et pression ambiantes, mais dans certaines conditions telles qu\u2019une temp\u00e9rature \u00e9lev\u00e9e, une humidit\u00e9 \u00e9lev\u00e9e ou des agents oxydants puissants, elle peut se d\u00e9composer ou se d\u00e9t\u00e9riorer \u00e0 la suite de r\u00e9actions chimiques.<\/p>\n<p>R\u00e9action avec d\u2019autres substances : il peut r\u00e9agir avec certains \u00e9l\u00e9ments ou compos\u00e9s m\u00e9talliques et non m\u00e9talliques, par exemple, il peut r\u00e9agir avec des halog\u00e9nures de m\u00e9taux alcalins dans certaines conditions.<\/p>\n<h3>Domaines d\u2019application<\/h3>\n<p>Mat\u00e9riaux optiques : En raison des propri\u00e9t\u00e9s optiques particuli\u00e8res des ions terbium, la poudre TbBr\u2083 peut \u00eatre utilis\u00e9e pour la pr\u00e9paration de verre optique, de fibres optiques, etc. Il peut am\u00e9liorer l\u2019indice de r\u00e9fraction et la transmittance des mat\u00e9riaux, et a des applications importantes dans les communications optiques, la technologie laser et d\u2019autres domaines.<\/p>\n<p>Dispositifs \u00e9lectroniques\u00a0: dans la fabrication de composants \u00e9lectroniques, peuvent \u00eatre utilis\u00e9s comme dopant dans les mat\u00e9riaux semi-conducteurs pour am\u00e9liorer leurs propri\u00e9t\u00e9s \u00e9lectriques, telles que l\u2019am\u00e9lioration de la conductivit\u00e9 \u00e9lectrique, la r\u00e9gulation de la concentration des porteurs, etc., ce qui aide \u00e0 fabriquer des dispositifs \u00e9lectroniques haute performance, tels que des transistors, des circuits int\u00e9gr\u00e9s, etc.<\/p>\n<p>Mat\u00e9riaux magn\u00e9tiques : Le terbium, un \u00e9l\u00e9ment de terre rare, poss\u00e8de certaines propri\u00e9t\u00e9s magn\u00e9tiques, et la poudre TbBr\u2083 peut jouer un r\u00f4le dans la pr\u00e9paration de mat\u00e9riaux magn\u00e9tiques, qui sont utilis\u00e9s dans la fabrication de capteurs magn\u00e9tiques, de supports de stockage magn\u00e9tiques, etc.<\/p>\n","protected":false},"excerpt":{"rendered":"<p>La poudre de bromure de terbium est un compos\u00e9 important de terres rares.<\/p>\n<p>Mat\u00e9riaux optiques : En raison des propri\u00e9t\u00e9s optiques particuli\u00e8res des ions terbium, la poudre TbBr\u2083 peut \u00eatre utilis\u00e9e pour la pr\u00e9paration de verre optique, de fibres optiques, etc. Il peut am\u00e9liorer l\u2019indice de r\u00e9fraction et la transmittance des mat\u00e9riaux, et a des applications importantes dans les communications optiques, la technologie laser et d\u2019autres domaines.<\/p>\n<p>Dispositifs \u00e9lectroniques\u00a0: dans la fabrication de composants \u00e9lectroniques, peuvent \u00eatre utilis\u00e9s comme dopant dans les mat\u00e9riaux semi-conducteurs pour am\u00e9liorer leurs propri\u00e9t\u00e9s \u00e9lectriques, telles que l\u2019am\u00e9lioration de la conductivit\u00e9 \u00e9lectrique, la r\u00e9gulation de la concentration des porteurs, etc., ce qui aide \u00e0 fabriquer des dispositifs \u00e9lectroniques haute performance, tels que des transistors, des circuits int\u00e9gr\u00e9s, etc.<\/p>\n<p>&nbsp;<\/p>\n","protected":false},"featured_media":1038435,"comment_status":"open","ping_status":"closed","template":"","meta":{"_acf_changed":false},"product_brand":[],"product_cat":[241],"product_tag":[],"class_list":{"0":"post-1027908","1":"product","2":"type-product","3":"status-publish","4":"has-post-thumbnail","6":"product_cat-materiaux-a-base-de-terres-rares","8":"first","9":"instock","10":"shipping-taxable","11":"purchasable","12":"product-type-variable"},"acf":[],"_links":{"self":[{"href":"https:\/\/vimaterial.de\/fr\/wp-json\/wp\/v2\/product\/1027908","targetHints":{"allow":["GET"]}}],"collection":[{"href":"https:\/\/vimaterial.de\/fr\/wp-json\/wp\/v2\/product"}],"about":[{"href":"https:\/\/vimaterial.de\/fr\/wp-json\/wp\/v2\/types\/product"}],"replies":[{"embeddable":true,"href":"https:\/\/vimaterial.de\/fr\/wp-json\/wp\/v2\/comments?post=1027908"}],"wp:featuredmedia":[{"embeddable":true,"href":"https:\/\/vimaterial.de\/fr\/wp-json\/wp\/v2\/media\/1038435"}],"wp:attachment":[{"href":"https:\/\/vimaterial.de\/fr\/wp-json\/wp\/v2\/media?parent=1027908"}],"wp:term":[{"taxonomy":"product_brand","embeddable":true,"href":"https:\/\/vimaterial.de\/fr\/wp-json\/wp\/v2\/product_brand?post=1027908"},{"taxonomy":"product_cat","embeddable":true,"href":"https:\/\/vimaterial.de\/fr\/wp-json\/wp\/v2\/product_cat?post=1027908"},{"taxonomy":"product_tag","embeddable":true,"href":"https:\/\/vimaterial.de\/fr\/wp-json\/wp\/v2\/product_tag?post=1027908"}],"curies":[{"name":"wp","href":"https:\/\/api.w.org\/{rel}","templated":true}]}}