{"id":1027896,"date":"2024-06-17T16:12:06","date_gmt":"2024-06-17T08:12:06","guid":{"rendered":"https:\/\/vimaterial.de\/product\/chlorure-de-terbium-hexahydrate\/"},"modified":"2024-10-22T15:22:04","modified_gmt":"2024-10-22T07:22:04","slug":"chlorure-de-terbium-hexahydrate","status":"publish","type":"product","link":"https:\/\/vimaterial.de\/fr\/product\/chlorure-de-terbium-hexahydrate\/","title":{"rendered":"Chlorure de terbium hexahydrat\u00e9"},"content":{"rendered":"<p>La poudre hexahydrat\u00e9e de chlorure de terbium, de formule chimique TbCl\u2083\u30fb6H\u2082O, est une poudre cristalline blanche.<\/p>\n<h3>Informations de base<\/h3>\n<p>Poids mol\u00e9culaire : 373,38 g\/mol .<\/p>\n<p>Apparence\u00a0: cristallin blanc, la structure cristalline est orthorhombique, le groupe d\u2019espace est Cmcm.<\/p>\n<p>Densit\u00e9\u00a0: environ 2,67 g \/ cm\u00b3.<\/p>\n<p>Point de fusion : 145\u00b0C, lorsqu\u2019il est chauff\u00e9 au-dessus du point de fusion, le chlorure de terbium hexahydrat\u00e9 perdra son eau de cristallisation.<\/p>\n<p>Solubilit\u00e9 : soluble dans l\u2019eau, sa solution aqueuse est acide, peut ioniser l\u2019ion terbium (Tb\u00b3\u207a) et l\u2019ion chlorure (Cl-) dans l\u2019eau.<\/p>\n<h3>Domaines d\u2019application<\/h3>\n<p>Mat\u00e9riaux optiques\u00a0: l\u2019ion terbium a des propri\u00e9t\u00e9s optiques sp\u00e9ciales, la poudre de chlorure de terbium hexahydrat\u00e9 peut \u00eatre utilis\u00e9e dans la pr\u00e9paration du verre optique, des fibres optiques, etc., peut am\u00e9liorer l\u2019indice de r\u00e9fraction, la transmission de la lumi\u00e8re et d\u2019autres propri\u00e9t\u00e9s du mat\u00e9riau, et a des applications importantes dans le domaine des communications optiques, de la technologie laser et d\u2019autres domaines.<\/p>\n<p>Dispositifs \u00e9lectroniques : Le terbium peut \u00eatre utilis\u00e9 comme dopant dans la fabrication de composants \u00e9lectroniques pour am\u00e9liorer les propri\u00e9t\u00e9s \u00e9lectriques des mat\u00e9riaux semi-conducteurs, tels que l\u2019am\u00e9lioration de la conductivit\u00e9 \u00e9lectrique, la r\u00e9gulation de la concentration des porteurs, etc., ce qui aide \u00e0 fabriquer des dispositifs \u00e9lectroniques haute performance, tels que des transistors et des circuits int\u00e9gr\u00e9s.<\/p>\n<p>Mat\u00e9riaux magn\u00e9tiques : L\u2019hexahydrate de terbium a un certain degr\u00e9 de magn\u00e9tisme, et la poudre de chlorure de terbium hexahydrat\u00e9 peut jouer un r\u00f4le dans la pr\u00e9paration de mat\u00e9riaux magn\u00e9tiques, qui sont utilis\u00e9s dans la fabrication de capteurs magn\u00e9tiques, de supports de stockage magn\u00e9tiques, etc.<\/p>\n","protected":false},"excerpt":{"rendered":"<p>La poudre hexahydrat\u00e9e de chlorure de terbium, de formule chimique TbCl\u2083\u30fb6H\u2082O, est une poudre cristalline blanche.<\/p>\n<p>Mat\u00e9riaux optiques\u00a0: l\u2019ion terbium a des propri\u00e9t\u00e9s optiques sp\u00e9ciales, la poudre de chlorure de terbium hexahydrat\u00e9 peut \u00eatre utilis\u00e9e dans la pr\u00e9paration du verre optique, des fibres optiques, etc., peut am\u00e9liorer l\u2019indice de r\u00e9fraction, la transmission de la lumi\u00e8re et d\u2019autres propri\u00e9t\u00e9s du mat\u00e9riau, et a des applications importantes dans le domaine des communications optiques, de la technologie laser et d\u2019autres domaines.<\/p>\n<p>&nbsp;<\/p>\n","protected":false},"featured_media":1038450,"comment_status":"open","ping_status":"closed","template":"","meta":{"_acf_changed":false},"product_brand":[],"product_cat":[241],"product_tag":[],"class_list":{"0":"post-1027896","1":"product","2":"type-product","3":"status-publish","4":"has-post-thumbnail","6":"product_cat-materiaux-a-base-de-terres-rares","8":"first","9":"instock","10":"shipping-taxable","11":"purchasable","12":"product-type-variable"},"acf":[],"_links":{"self":[{"href":"https:\/\/vimaterial.de\/fr\/wp-json\/wp\/v2\/product\/1027896","targetHints":{"allow":["GET"]}}],"collection":[{"href":"https:\/\/vimaterial.de\/fr\/wp-json\/wp\/v2\/product"}],"about":[{"href":"https:\/\/vimaterial.de\/fr\/wp-json\/wp\/v2\/types\/product"}],"replies":[{"embeddable":true,"href":"https:\/\/vimaterial.de\/fr\/wp-json\/wp\/v2\/comments?post=1027896"}],"wp:featuredmedia":[{"embeddable":true,"href":"https:\/\/vimaterial.de\/fr\/wp-json\/wp\/v2\/media\/1038450"}],"wp:attachment":[{"href":"https:\/\/vimaterial.de\/fr\/wp-json\/wp\/v2\/media?parent=1027896"}],"wp:term":[{"taxonomy":"product_brand","embeddable":true,"href":"https:\/\/vimaterial.de\/fr\/wp-json\/wp\/v2\/product_brand?post=1027896"},{"taxonomy":"product_cat","embeddable":true,"href":"https:\/\/vimaterial.de\/fr\/wp-json\/wp\/v2\/product_cat?post=1027896"},{"taxonomy":"product_tag","embeddable":true,"href":"https:\/\/vimaterial.de\/fr\/wp-json\/wp\/v2\/product_tag?post=1027896"}],"curies":[{"name":"wp","href":"https:\/\/api.w.org\/{rel}","templated":true}]}}