{"id":1027861,"date":"2024-06-17T16:12:07","date_gmt":"2024-06-17T08:12:07","guid":{"rendered":"https:\/\/vimaterial.de\/product\/dysprosium-metal-4\/"},"modified":"2025-07-10T14:34:27","modified_gmt":"2025-07-10T06:34:27","slug":"dysprosium-metal-4","status":"publish","type":"product","link":"https:\/\/vimaterial.de\/fr\/product\/dysprosium-metal-4\/","title":{"rendered":"Dysprosium m\u00e9tal"},"content":{"rendered":"<p><span style=\"color: #0000ff;\"><a style=\"color: #0000ff;\" href=\"https:\/\/vimaterial.de\/fr\/product\/dysprosium-metal-3\/\"><strong>Le dysprosium m\u00e9tal<\/strong><\/a><\/span> est un m\u00e9tal de terre rare blanc argent\u00e9 avec un point de fusion de 1412\u00b0C, un point d\u2019\u00e9bullition de 2562\u00b0C, une densit\u00e9 de 8,55 g\/cm3, une faible duret\u00e9 et une supraconductivit\u00e9 proche du z\u00e9ro absolu. Le dysprosium est assez stable dans l\u2019air, actif \u00e0 des temp\u00e9ratures \u00e9lev\u00e9es et facilement oxyd\u00e9 par l\u2019air et l\u2019eau pour former de l\u2019oxyde de dysprosium. L\u2019abondance de dysprosium dans la cro\u00fbte terrestre est de 6 ppm, et il coexiste g\u00e9n\u00e9ralement avec l\u2019erbium, l\u2019holmium et d\u2019autres \u00e9l\u00e9ments de terres rares dans des min\u00e9raux tels que le sable de monazite.<\/p>\n<p>VIMATERIAl prend en charge la personnalisation des produits, <a href=\"https:\/\/vimaterial.de\/fr\/contact\/\"><span style=\"color: #0000ff;\">Contactez-nous<\/span><\/a><\/p>\n<h2><span style=\"font-size: 14pt;\">Propri\u00e9t\u00e9s du Dysprosium m\u00e9tal<\/span><\/h2>\n<p>Formule mol\u00e9culaire : Dy<\/p>\n<p>Poids mol\u00e9culaire : 162,50 g\/mol<\/p>\n<p>Apparence\u00a0: M\u00e9tal blanc argent\u00e9, facilement oxyd\u00e9<\/p>\n<p>Densit\u00e9 : 8,55 g\/cm\u00b3 (25\u00b0C)<\/p>\n<p>Point de fusion : 1412\u00b0C<\/p>\n<p>Point d\u2019\u00e9bullition : 2567\u00b0C<\/p>\n<p>Structure cristalline : Hexagonale compacte<\/p>\n<p>Solubilit\u00e9 : soluble dans l\u2019acide dilu\u00e9, insoluble dans l\u2019eau<\/p>\n<h3>Application du dysprosium m\u00e9tal<\/h3>\n<p>Aimants en terres rares : Le dysprosium m\u00e9tal est un mat\u00e9riau magn\u00e9tique important, particuli\u00e8rement utile pour la fabrication d\u2019aimants permanents puissants. Le dysprosium est utilis\u00e9 avec d\u2019autres \u00e9l\u00e9ments de terres rares pour fabriquer des aimants haute performance. Les aimants au dysprosium ont un produit \u00e0 \u00e9nergie magn\u00e9tique \u00e9lev\u00e9e et une t\u00e9nacit\u00e9 magn\u00e9tique \u00e9lev\u00e9e, et sont donc utilis\u00e9s dans un large \u00e9ventail d\u2019applications telles que les moteurs \u00e9lectriques et les capteurs magn\u00e9tiques.<\/p>\n<p>Technologie de r\u00e9frig\u00e9ration magn\u00e9tique : L\u2019effet d\u2019entropie magn\u00e9tique du dysprosium en fait un composant cl\u00e9 de la technologie de r\u00e9frig\u00e9ration magn\u00e9tique. Dans la r\u00e9frig\u00e9ration magn\u00e9tique, le dysprosium peut r\u00e9aliser un effet de r\u00e9frig\u00e9ration par changement d\u2019entropie magn\u00e9tique. Cette technologie peut \u00eatre utilis\u00e9e dans la r\u00e9frig\u00e9ration cryog\u00e9nique, les \u00e9quipements d\u2019imagerie m\u00e9dicale et les syst\u00e8mes d\u2019imagerie par r\u00e9sonance magn\u00e9tique (IRM).<\/p>\n<p>Technologies d\u2019\u00e9clairage et d\u2019affichage : Les compos\u00e9s m\u00e9talliques de dysprosium ont des propri\u00e9t\u00e9s luminescentes et sont utilis\u00e9s dans la fabrication de luminophores pour les lampes fluorescentes, les diodes \u00e9lectroluminescentes et les \u00e9crans. L\u2019utilisation du dysprosium dans la technologie d\u2019affichage fluorescent permet d\u2019am\u00e9liorer la stabilit\u00e9 des couleurs et les performances d\u2019affichage.<\/p>\n<p>R\u00e9sonance magn\u00e9tique nucl\u00e9aire (RMN) : Le dysprosium m\u00e9tal est utilis\u00e9 comme sonde dans les \u00e9tudes de r\u00e9sonance magn\u00e9tique nucl\u00e9aire (RMN), en particulier dans les exp\u00e9riences de RMN \u00e0 l\u2019\u00e9tat solide. Les propri\u00e9t\u00e9s magn\u00e9tiques particuli\u00e8res du dysprosium le rendent unique \u00e0 cet \u00e9gard.<\/p>\n<p>Alliages m\u00e9talliques : Le dysprosium m\u00e9tal peut \u00eatre alli\u00e9 avec du fer et d\u2019autres \u00e9l\u00e9ments de terres rares pour produire une gamme d\u2019alliages m\u00e9talliques pour des applications industrielles sp\u00e9cifiques. Ces alliages pr\u00e9sentent d\u2019excellentes performances dans des environnements tels que des temp\u00e9ratures \u00e9lev\u00e9es et des champs magn\u00e9tiques \u00e9lev\u00e9s.<\/p>\n<h3>M\u00e9thodes de d\u00e9tection du dysprosium m\u00e9tal<\/h3>\n<p>1. Spectroscopie d\u2019absorption atomique (AAS) : Il s\u2019agit d\u2019une m\u00e9thode d\u2019analyse quantitative courante qui utilise des spectres d\u2019absorption \u00e0 des longueurs d\u2019onde sp\u00e9cifiques pour d\u00e9terminer la concentration de dysprosium dans un \u00e9chantillon. L\u2019\u00e9chantillon est dissous ou converti sous une forme gazeuse, puis atomis\u00e9 \u00e0 un \u00e9tat atomique. Par la suite, une source lumineuse d\u2019une longueur d\u2019onde sp\u00e9cifique est utilis\u00e9e pour \u00e9clairer l\u2019\u00e9chantillon, et l\u2019intensit\u00e9 de la lumi\u00e8re absorb\u00e9e par l\u2019\u00e9chantillon est mesur\u00e9e pour d\u00e9duire la concentration de dysprosium.<\/p>\n<p>2. Spectrom\u00e9trie d\u2019\u00e9mission optique \u00e0 plasma \u00e0 couplage inductif (ICP-OES) : Il s\u2019agit d\u2019une m\u00e9thode d\u2019analyse tr\u00e8s sensible qui peut d\u00e9tecter plusieurs \u00e9l\u00e9ments en m\u00eame temps. L\u2019\u00e9chantillon est ionis\u00e9 et pulv\u00e9ris\u00e9 dans un plasma \u00e0 haute temp\u00e9rature, qui excite des spectres de rayonnement uniques \u00e0 divers \u00e9l\u00e9ments. L\u2019instrument de d\u00e9tection analyse ces spectres pour identifier et d\u00e9terminer le contenu du dysprosium en fonction de leur intensit\u00e9 et de leur longueur d\u2019onde.<\/p>\n<p>3. Spectrom\u00e9trie de masse (MS) : La spectrom\u00e9trie de masse d\u00e9tecte les \u00e9l\u00e9ments en mesurant avec pr\u00e9cision la masse mol\u00e9culaire des ions dans un \u00e9chantillon. Dans l\u2019analyse du dysprosium, un spectrom\u00e8tre de masse peut \u00eatre utilis\u00e9 pour mesurer la masse des ions dysprosium, et la pr\u00e9sence et la concentration du dysprosium peuvent \u00eatre d\u00e9termin\u00e9es en analysant la masse et l\u2019abondance relative de ses ions.<\/p>\n<p>4. Spectroscopie de fluorescence : Cette m\u00e9thode utilise la fluorescence produite par le dysprosium dans des conditions sp\u00e9cifiques pour la d\u00e9tection. Lorsque l\u2019\u00e9chantillon est expos\u00e9 \u00e0 une source lumineuse d\u2019excitation, l\u2019\u00e9l\u00e9ment dysprosium absorbe de l\u2019\u00e9nergie et \u00e9met une fluorescence d\u2019une longueur d\u2019onde sp\u00e9cifique. La pr\u00e9sence et la concentration de dysprosium sont d\u00e9termin\u00e9es en mesurant l\u2019intensit\u00e9 et les caract\u00e9ristiques de la fluorescence.<\/p>\n<p>5. Diffraction des rayons X (XRD) : Bien qu\u2019elle ne mesure pas directement le contenu du dysprosium, la diffraction des rayons X peut \u00eatre utilis\u00e9e pour analyser les caract\u00e9ristiques de la structure cristalline de l\u2019\u00e9chantillon. Cette m\u00e9thode peut aider \u00e0 confirmer le contenu relatif et la structure des compos\u00e9s de terres rares dans l\u2019\u00e9chantillon, d\u00e9terminant ainsi indirectement la pr\u00e9sence de dysprosium.<\/p>\n<h2><span style=\"font-size: 14pt;\">Contr\u00f4le de la qualit\u00e9<\/span><\/h2>\n<p><span style=\"color: #0000ff;\"><a style=\"color: #0000ff;\" href=\"https:\/\/vimaterial.de\/fr\/controle-qualite\/\">VI HALBLEITERMATERIAL GmbH<\/a><\/span> met en \u0153uvre un contr\u00f4le de qualit\u00e9 strict de l\u2019ensemble du processus et m\u00e9canisme de r\u00e9solution de probl\u00e8mes pour s\u2019assurer que les produits sont conformes aux normes REACH, ASTM et de l\u2019industrie, et soutenir le d\u00e9veloppement durable et la tra\u00e7abilit\u00e9 de la cha\u00eene d\u2019approvisionnement. L\u2019entreprise s\u2019engage \u00e0 fournir \u00e0 ses clients des produits et des services de haute qualit\u00e9 en g\u00e9rant l\u2019ensemble du processus, de la R&amp;D \u00e0 la livraison, et en adh\u00e9rant au principe de retraitement des produits non conformes.<\/p>\n<h2><span style=\"font-size: 14pt;\">Emballage et stockage<\/span><\/h2>\n<p>Les granul\u00e9s m\u00e9talliques de dysprosium doivent \u00eatre emball\u00e9s dans un emballage scell\u00e9 sous vide, doubl\u00e9s d\u2019un mat\u00e9riau antichoc et emball\u00e9s dans une bo\u00eete en carton sp\u00e9ciale. La capacit\u00e9 peut \u00eatre personnalis\u00e9e en fonction des exigences des clients.<\/p>\n<p>Les granules m\u00e9talliques de dysprosium doivent \u00eatre plac\u00e9s dans une armoire s\u00e8che en dessous du point de ros\u00e9e de -40 \u00b0C pour un stockage \u00e0 long terme, et il est strictement interdit de les stocker avec des acides et des oxydants.<\/p>\n","protected":false},"excerpt":{"rendered":"<p><span style=\"color: #0000ff;\"><a style=\"color: #0000ff;\" href=\"https:\/\/vimaterial.de\/fr\/product\/dysprosium-metal-3\/\"><strong>Le dysprosium m\u00e9tal<\/strong><\/a><\/span> est un m\u00e9tal de terre rare blanc argent\u00e9 avec un point de fusion de 1412\u00b0C, un point d\u2019\u00e9bullition de 2562\u00b0C, une densit\u00e9 de 8,55 g\/cm3, une faible duret\u00e9 et une supraconductivit\u00e9 proche du z\u00e9ro absolu. Le dysprosium est assez stable dans l\u2019air, actif \u00e0 des temp\u00e9ratures \u00e9lev\u00e9es et facilement oxyd\u00e9 par l\u2019air et l\u2019eau pour former de l\u2019oxyde de dysprosium. L\u2019abondance de dysprosium dans la cro\u00fbte terrestre est de 6 ppm, et il coexiste g\u00e9n\u00e9ralement avec l\u2019erbium, l\u2019holmium et d\u2019autres \u00e9l\u00e9ments de terres rares dans des min\u00e9raux tels que le sable de monazite.<\/p>\n<p>VIMATERIAl prend en charge la personnalisation des produits, <a href=\"https:\/\/vimaterial.de\/fr\/contact\/\"><span style=\"color: #0000ff;\">Contactez-nous<\/span><\/a><\/p>\n","protected":false},"featured_media":1036255,"comment_status":"open","ping_status":"closed","template":"","meta":{"_acf_changed":false},"product_brand":[],"product_cat":[236],"product_tag":[],"class_list":{"0":"post-1027861","1":"product","2":"type-product","3":"status-publish","4":"has-post-thumbnail","6":"product_cat-materiaux-devaporation","8":"first","9":"instock","10":"shipping-taxable","11":"purchasable","12":"product-type-variable"},"acf":[],"_links":{"self":[{"href":"https:\/\/vimaterial.de\/fr\/wp-json\/wp\/v2\/product\/1027861","targetHints":{"allow":["GET"]}}],"collection":[{"href":"https:\/\/vimaterial.de\/fr\/wp-json\/wp\/v2\/product"}],"about":[{"href":"https:\/\/vimaterial.de\/fr\/wp-json\/wp\/v2\/types\/product"}],"replies":[{"embeddable":true,"href":"https:\/\/vimaterial.de\/fr\/wp-json\/wp\/v2\/comments?post=1027861"}],"wp:featuredmedia":[{"embeddable":true,"href":"https:\/\/vimaterial.de\/fr\/wp-json\/wp\/v2\/media\/1036255"}],"wp:attachment":[{"href":"https:\/\/vimaterial.de\/fr\/wp-json\/wp\/v2\/media?parent=1027861"}],"wp:term":[{"taxonomy":"product_brand","embeddable":true,"href":"https:\/\/vimaterial.de\/fr\/wp-json\/wp\/v2\/product_brand?post=1027861"},{"taxonomy":"product_cat","embeddable":true,"href":"https:\/\/vimaterial.de\/fr\/wp-json\/wp\/v2\/product_cat?post=1027861"},{"taxonomy":"product_tag","embeddable":true,"href":"https:\/\/vimaterial.de\/fr\/wp-json\/wp\/v2\/product_tag?post=1027861"}],"curies":[{"name":"wp","href":"https:\/\/api.w.org\/{rel}","templated":true}]}}