{"id":1027854,"date":"2024-06-17T16:12:06","date_gmt":"2024-06-17T08:12:06","guid":{"rendered":"https:\/\/vimaterial.de\/product\/phosphate-de-terbium\/"},"modified":"2024-10-22T17:32:14","modified_gmt":"2024-10-22T09:32:14","slug":"phosphate-de-terbium","status":"publish","type":"product","link":"https:\/\/vimaterial.de\/fr\/product\/phosphate-de-terbium\/","title":{"rendered":"Terbium Phosphate"},"content":{"rendered":"<h3>Informations de base<\/h3>\n<p>Formule chimique : TbPO\u2084 .<\/p>\n<p>N\u00b0 CAS : 13863-48-4.<\/p>\n<p>Poids mol\u00e9culaire : 235,903.<\/p>\n<p>Couleur et forme : g\u00e9n\u00e9ralement de la poudre blanche.<\/p>\n<p>Structure cristalline : Terbium Phosphate existe diff\u00e9rentes structures cristallines telles que monoclinique et hexagonale.<\/p>\n<p>Densit\u00e9\u00a0: Sa densit\u00e9 est relativement grande, mais la valeur exacte varie l\u00e9g\u00e8rement en fonction de la m\u00e9thode de pr\u00e9paration et des conditions, environ 6-7 g \/ cm\u00b3.<\/p>\n<h3>Propri\u00e9t\u00e9s chimiques<\/h3>\n<p>Stabilit\u00e9\u00a0: chimiquement stable, pas facile \u00e0 d\u00e9composer \u00e0 une temp\u00e9rature et une pression normales, mais peut r\u00e9agir dans certaines conditions telles qu\u2019une temp\u00e9rature \u00e9lev\u00e9e, un acide fort et un alcali fort.<\/p>\n<p>Acidit\u00e9 et alcalinit\u00e9 : Terbium Phosphate a un certain degr\u00e9 d\u2019acidit\u00e9, et sa solution aqueuse est faiblement acide, car les ions phosphate vont subir une hydrolyse.<\/p>\n<h3>Domaines d\u2019application<\/h3>\n<p>Mat\u00e9riaux \u00e9lectroluminescents : Terbium Phosphate peut \u00e9mettre une fluorescence verte sous excitation UV, c\u2019est un mat\u00e9riau phosphore vert important, qui peut \u00eatre utilis\u00e9 pour fabriquer des lampes fluorescentes, des moniteurs et d\u2019autres dispositifs d\u2019\u00e9clairage et d\u2019affichage.<\/p>\n<p>Sur la base de ses propri\u00e9t\u00e9s physicochimiques particuli\u00e8res, il a une valeur d\u2019application potentielle dans les biomarqueurs, la bio-imagerie, l\u2019administration de m\u00e9dicaments, etc.<\/p>\n<p>Catalyse\u00a0: Le phosphate de terbium peut \u00eatre utilis\u00e9 comme catalyseur ou support de catalyseur pour certaines r\u00e9actions chimiques, telles que les r\u00e9actions de synth\u00e8se organique.<\/p>\n","protected":false},"excerpt":{"rendered":"<p>Mat\u00e9riaux \u00e9lectroluminescents : Le phosphate de terbium peut \u00e9mettre une fluorescence verte sous excitation UV, c\u2019est un mat\u00e9riau phosphore vert important, qui peut \u00eatre utilis\u00e9 pour fabriquer des lampes fluorescentes, des moniteurs et d\u2019autres dispositifs d\u2019\u00e9clairage et d\u2019affichage.<\/p>\n<p>Domaine biom\u00e9dical : Sur la base de ses propri\u00e9t\u00e9s physicochimiques particuli\u00e8res, il a une valeur d\u2019application potentielle dans les biomarqueurs, la bio-imagerie, l\u2019administration de m\u00e9dicaments, etc.<\/p>\n<p>Catalyse\u00a0: Il peut \u00eatre utilis\u00e9 comme catalyseur ou support de catalyseur pour certaines r\u00e9actions chimiques, telles que les r\u00e9actions de synth\u00e8se organique.<\/p>\n","protected":false},"featured_media":1038530,"comment_status":"open","ping_status":"closed","template":"","meta":{"_acf_changed":false},"product_brand":[],"product_cat":[166],"product_tag":[],"class_list":{"0":"post-1027854","1":"product","2":"type-product","3":"status-publish","4":"has-post-thumbnail","6":"product_cat-uncategorized-fr","8":"first","9":"instock","10":"shipping-taxable","11":"product-type-variable"},"acf":[],"_links":{"self":[{"href":"https:\/\/vimaterial.de\/fr\/wp-json\/wp\/v2\/product\/1027854","targetHints":{"allow":["GET"]}}],"collection":[{"href":"https:\/\/vimaterial.de\/fr\/wp-json\/wp\/v2\/product"}],"about":[{"href":"https:\/\/vimaterial.de\/fr\/wp-json\/wp\/v2\/types\/product"}],"replies":[{"embeddable":true,"href":"https:\/\/vimaterial.de\/fr\/wp-json\/wp\/v2\/comments?post=1027854"}],"wp:featuredmedia":[{"embeddable":true,"href":"https:\/\/vimaterial.de\/fr\/wp-json\/wp\/v2\/media\/1038530"}],"wp:attachment":[{"href":"https:\/\/vimaterial.de\/fr\/wp-json\/wp\/v2\/media?parent=1027854"}],"wp:term":[{"taxonomy":"product_brand","embeddable":true,"href":"https:\/\/vimaterial.de\/fr\/wp-json\/wp\/v2\/product_brand?post=1027854"},{"taxonomy":"product_cat","embeddable":true,"href":"https:\/\/vimaterial.de\/fr\/wp-json\/wp\/v2\/product_cat?post=1027854"},{"taxonomy":"product_tag","embeddable":true,"href":"https:\/\/vimaterial.de\/fr\/wp-json\/wp\/v2\/product_tag?post=1027854"}],"curies":[{"name":"wp","href":"https:\/\/api.w.org\/{rel}","templated":true}]}}