{"id":1027838,"date":"2024-06-17T16:12:07","date_gmt":"2024-06-17T08:12:07","guid":{"rendered":"https:\/\/vimaterial.de\/product\/dysprosium-metal-3\/"},"modified":"2025-07-10T17:11:03","modified_gmt":"2025-07-10T09:11:03","slug":"dysprosium-metal-3","status":"publish","type":"product","link":"https:\/\/vimaterial.de\/fr\/product\/dysprosium-metal-3\/","title":{"rendered":"Dysprosium m\u00e9tal"},"content":{"rendered":"<p><strong><span style=\"color: #0000ff;\">La poudre <a style=\"color: #0000ff;\" href=\"https:\/\/vimaterial.de\/fr\/product\/dysprosium-metal\/\">Dysprosium m\u00e9tal<\/a><\/span><\/strong><span style=\"color: #0000ff;\">\u00a0<\/span>est une sorte de poudre de m\u00e9tal de terre rare de haute activit\u00e9, gris-noir, qui a un moment magn\u00e9tique ultra-\u00e9lev\u00e9 et une excellente capacit\u00e9 d\u2019absorption des neutrons, et est principalement utilis\u00e9e dans les additifs pour les aimants ferroboroniques, les masses refroidies magn\u00e9tiquement et la pr\u00e9paration d\u2019alliages sp\u00e9ciaux.<\/p>\n<p>VIMATERIAL prend en charge les produits personnalis\u00e9s,<span style=\"color: #0000ff;\"><a style=\"color: #0000ff;\" href=\"https:\/\/vimaterial.de\/fr\/contact\/\"> contactez-nous.<\/a><\/span><\/p>\n<h2><span style=\"font-size: 14pt;\">Propri\u00e9t\u00e9s du Dysprosium m\u00e9tal<\/span><\/h2>\n<p>Formule mol\u00e9culaire : Dy<\/p>\n<p>Poids mol\u00e9culaire : 162,50 g\/mol<\/p>\n<p>Aspect : poudre gris-noir (\u00e9clat m\u00e9tallique sous protection contre les gaz inertes)<\/p>\n<p>Densit\u00e9 : 8,55 g\/cm\u00b3 (25\u00b0C)<\/p>\n<p>Point de fusion : 1412\u00b0C<\/p>\n<p>Point d\u2019\u00e9bullition : 2567\u00b0C<\/p>\n<p>Structure cristalline : hexagonale compacte<\/p>\n<p>Activit\u00e9 : s\u2019oxyde facilement \u00e0 l\u2019air, r\u00e9agit avec l\u2019eau, n\u00e9cessite une protection contre les gaz inertes<\/p>\n<h2><span style=\"font-size: 14pt;\">Applications du Dysprosium m\u00e9tal<\/span><\/h2>\n<p>Mat\u00e9riaux des aimants permanents : en tant qu\u2019additif cl\u00e9 (1-3 % en poids) des aimants NdFeB, il am\u00e9liore consid\u00e9rablement la coercivit\u00e9 et la stabilit\u00e9 \u00e0 haute temp\u00e9rature des aimants, et est largement utilis\u00e9 dans les moteurs d\u2019entra\u00eenement automobile \u00e0 \u00e9nergie nouvelle et les \u00e9oliennes.<\/p>\n<p>Alliages sp\u00e9ciaux : en tant qu\u2019additif de terres rares, il peut am\u00e9liorer consid\u00e9rablement les propri\u00e9t\u00e9s magn\u00e9tostrictives des alliages, utilis\u00e9s dans les capteurs de pr\u00e9cision et les syst\u00e8mes sonar et autres fabricants d\u2019\u00e9quipements haut de gamme.<\/p>\n<h2><span style=\"font-size: 14pt;\">Contr\u00f4le de la qualit\u00e9<\/span><\/h2>\n<p><span style=\"color: #0000ff;\"><a style=\"color: #0000ff;\" href=\"https:\/\/vimaterial.de\/fr\/controle-qualite\/\">VI HALBLEITERMATERIAL GmbH<\/a> <\/span>met en \u0153uvre un contr\u00f4le de qualit\u00e9 strict de l\u2019ensemble du processus et m\u00e9canisme de r\u00e9solution de probl\u00e8mes pour s\u2019assurer que les produits sont conformes aux normes REACH, ASTM et de l\u2019industrie, et soutenir le d\u00e9veloppement durable et la tra\u00e7abilit\u00e9 de la cha\u00eene d\u2019approvisionnement. L\u2019entreprise s\u2019engage \u00e0 fournir \u00e0 ses clients des produits et des services de haute qualit\u00e9 en g\u00e9rant l\u2019ensemble du processus, de la R&amp;D \u00e0 la livraison, et en adh\u00e9rant au principe de retraitement des produits non conformes.<\/p>\n<h2><span style=\"font-size: 14pt;\">Emballage et stockage<\/span><\/h2>\n<p>La poudre <strong>DyN<\/strong> doit \u00eatre emball\u00e9e dans des sacs en papier d\u2019aluminium sous vide \u00e0 double couche remplis de gaz argon et scell\u00e9s, et la bo\u00eete ext\u00e9rieure doit \u00eatre emball\u00e9e dans un carton sp\u00e9cial.<\/p>\n<p>La poudre <strong>DyN<\/strong> doit \u00eatre stock\u00e9e dans une bo\u00eete \u00e0 gants \u00e0 gaz inerte en dessous du point de ros\u00e9e de -30\u00b0C, et il est strictement interdit de coexister avec des acides et des oxydants.<\/p>\n","protected":false},"excerpt":{"rendered":"<p><strong><span style=\"color: #0000ff;\">La poudre <a style=\"color: #0000ff;\" href=\"https:\/\/vimaterial.de\/fr\/product\/dysprosium-metal\/\">Dysprosium m\u00e9tal<\/a><\/span><\/strong><span style=\"color: #0000ff;\">\u00a0<\/span>est une sorte de poudre de m\u00e9tal de terre rare de haute activit\u00e9, gris-noir, qui a un moment magn\u00e9tique ultra-\u00e9lev\u00e9 et une excellente capacit\u00e9 d\u2019absorption des neutrons, et est principalement utilis\u00e9e dans les additifs pour les aimants ferroboroniques, les masses refroidies magn\u00e9tiquement et la pr\u00e9paration d\u2019alliages sp\u00e9ciaux.<\/p>\n<p>VIMATERIAL prend en charge les produits personnalis\u00e9s,<span style=\"color: #0000ff;\"><a style=\"color: #0000ff;\" href=\"https:\/\/vimaterial.de\/fr\/contact\/\"> contactez-nous.<\/a><\/span><\/p>\n","protected":false},"featured_media":1036273,"comment_status":"open","ping_status":"closed","template":"","meta":{"_acf_changed":false},"product_brand":[],"product_cat":[241],"product_tag":[],"class_list":{"0":"post-1027838","1":"product","2":"type-product","3":"status-publish","4":"has-post-thumbnail","6":"product_cat-materiaux-a-base-de-terres-rares","8":"first","9":"instock","10":"shipping-taxable","11":"purchasable","12":"product-type-variable"},"acf":[],"_links":{"self":[{"href":"https:\/\/vimaterial.de\/fr\/wp-json\/wp\/v2\/product\/1027838","targetHints":{"allow":["GET"]}}],"collection":[{"href":"https:\/\/vimaterial.de\/fr\/wp-json\/wp\/v2\/product"}],"about":[{"href":"https:\/\/vimaterial.de\/fr\/wp-json\/wp\/v2\/types\/product"}],"replies":[{"embeddable":true,"href":"https:\/\/vimaterial.de\/fr\/wp-json\/wp\/v2\/comments?post=1027838"}],"wp:featuredmedia":[{"embeddable":true,"href":"https:\/\/vimaterial.de\/fr\/wp-json\/wp\/v2\/media\/1036273"}],"wp:attachment":[{"href":"https:\/\/vimaterial.de\/fr\/wp-json\/wp\/v2\/media?parent=1027838"}],"wp:term":[{"taxonomy":"product_brand","embeddable":true,"href":"https:\/\/vimaterial.de\/fr\/wp-json\/wp\/v2\/product_brand?post=1027838"},{"taxonomy":"product_cat","embeddable":true,"href":"https:\/\/vimaterial.de\/fr\/wp-json\/wp\/v2\/product_cat?post=1027838"},{"taxonomy":"product_tag","embeddable":true,"href":"https:\/\/vimaterial.de\/fr\/wp-json\/wp\/v2\/product_tag?post=1027838"}],"curies":[{"name":"wp","href":"https:\/\/api.w.org\/{rel}","templated":true}]}}