{"id":1027818,"date":"2024-06-17T16:12:07","date_gmt":"2024-06-17T08:12:07","guid":{"rendered":"https:\/\/vimaterial.de\/product\/dysprosium-metal-2\/"},"modified":"2025-07-10T17:57:29","modified_gmt":"2025-07-10T09:57:29","slug":"dysprosium-metal-2","status":"publish","type":"product","link":"https:\/\/vimaterial.de\/fr\/product\/dysprosium-metal-2\/","title":{"rendered":"Dysprosium m\u00e9tal"},"content":{"rendered":"<p>La cible de pulv\u00e9risation <span style=\"color: #0000ff;\"><strong><a style=\"color: #0000ff;\" href=\"https:\/\/vimaterial.de\/fr\/product\/dysprosium-metal-4\/\">de dysprosium m\u00e9tal<\/a><\/strong> <\/span>est faite de dysprosium, un \u00e9l\u00e9ment de terre rare de haute puret\u00e9, qui est souvent utilis\u00e9 pour la pr\u00e9paration de mat\u00e9riaux magn\u00e9tiques permanents, de mat\u00e9riaux de stockage optique magn\u00e9tique, de mat\u00e9riaux \u00e0 couche mince optique, de dopants semi-conducteurs, etc. par pulv\u00e9risation magn\u00e9tron, et il est largement utilis\u00e9 dans les domaines des composants \u00e9lectroniques, de la m\u00e9moire, des \u00e9crans plats, des instruments et des compteurs, et des moteurs.<\/p>\n<p>VIMATERIAL propose des services de personnalisation de produits et de reliure de cibles, <span style=\"color: #0000ff;\"><a style=\"color: #0000ff;\" href=\"https:\/\/vimaterial.de\/fr\/contact\/\">contactez-nous.<\/a><\/span><\/p>\n<p><span style=\"font-size: 14pt;\"><strong>Propri\u00e9t\u00e9s du Dysprosium m\u00e9tal <\/strong><\/span><\/p>\n<p>Formule mol\u00e9culaire : Dy<\/p>\n<p>Poids mol\u00e9culaire : 162,50 g\/mol<\/p>\n<p>Apparence\u00a0: gris argent\u00e9 lustr\u00e9 m\u00e9tallique, surface lisse et propre<\/p>\n<p>Densit\u00e9 : environ 8,551 g\/cm\u00b3.<\/p>\n<p>Point de fusion : 1412 \u00b0C<\/p>\n<p>Point d\u2019\u00e9bullition : 2562 \u00b0C<\/p>\n<p>Structure cristalline : Structure hexagonale compacte (hcp) \u00e0 temp\u00e9rature ambiante, transform\u00e9e en structure cubique centr\u00e9e sur le corps (bcc) \u00e0 haute temp\u00e9rature.<\/p>\n<h3>Application du Dysprosium m\u00e9tal<\/h3>\n<p>Dans le domaine des mat\u00e9riaux \u00e0 aimants permanents, nous pr\u00e9parons des rev\u00eatements modifi\u00e9s pour les aimants permanents NdFeB en tant que source de pulv\u00e9risation cathodique afin d\u2019am\u00e9liorer leurs propri\u00e9t\u00e9s magn\u00e9tiques \u00e0 haute temp\u00e9rature, qui sont utilis\u00e9es dans les moteurs haut de gamme et autres \u00e9quipements.<\/p>\n<p>Stockage magn\u00e9to-optique : Des couches minces magn\u00e9to-optiques dop\u00e9es au dysprosium peuvent \u00eatre pulv\u00e9ris\u00e9es pour cr\u00e9er des supports de stockage optiques haute densit\u00e9 afin d\u2019am\u00e9liorer la capacit\u00e9 de stockage et la stabilit\u00e9 des informations.<\/p>\n<p>Films optiques : Les films minces dop\u00e9s au dysprosium pr\u00e9par\u00e9s par pulv\u00e9risation cathodique peuvent \u00eatre utilis\u00e9s pour les filtres optiques et les films d\u2019am\u00e9lioration de la transparence, qui sont utilis\u00e9s dans les \u00e9quipements laser et les instruments optiques de pr\u00e9cision.<\/p>\n<p>Semi-conducteur : Le dysprosium est introduit dans les mat\u00e9riaux semi-conducteurs par la technologie de pulv\u00e9risation cathodique comme source de dopage pour r\u00e9guler ses propri\u00e9t\u00e9s \u00e9lectriques et est utilis\u00e9 dans la fabrication de dispositifs semi-conducteurs sp\u00e9cifiques.<\/p>\n<h2><span style=\"font-size: 14pt;\">Contr\u00f4le de la qualit\u00e9<\/span><\/h2>\n<p><span style=\"color: #0000ff;\"><a style=\"color: #0000ff;\" href=\"https:\/\/vimaterial.de\/fr\/controle-qualite\/\">VI HALBLEITERMATERIAL GmbH<\/a> <\/span>met en \u0153uvre un contr\u00f4le de qualit\u00e9 strict de l\u2019ensemble du processus et m\u00e9canisme de r\u00e9solution de probl\u00e8mes pour s\u2019assurer que les produits sont conformes aux normes REACH, ASTM et de l\u2019industrie, et soutenir le d\u00e9veloppement durable et la tra\u00e7abilit\u00e9 de la cha\u00eene d\u2019approvisionnement. L\u2019entreprise s\u2019engage \u00e0 fournir \u00e0 ses clients des produits et des services de haute qualit\u00e9 en g\u00e9rant l\u2019ensemble du processus, de la R&amp;D \u00e0 la livraison, et en adh\u00e9rant au principe de retraitement des produits non conformes.<\/p>\n<h2><span style=\"font-size: 14pt;\">Emballage et stockage<\/span><\/h2>\n<p>Les cibles de pulv\u00e9risation de <strong>dysprosium m\u00e9tallique <\/strong>sont emball\u00e9es dans des sacs scell\u00e9s sous vide dans des r\u00e9cipients scell\u00e9s pour isoler l\u2019air et l\u2019humidit\u00e9 afin d\u2019\u00e9viter l\u2019oxydation\u00a0; La couche ext\u00e9rieure est en bo\u00eetier rigide et la couche int\u00e9rieure est remplie d\u2019un mat\u00e9riau antichoc pour \u00e9viter la d\u00e9formation ou les dommages de surface caus\u00e9s par une collision pendant le transport.<\/p>\n<p>La cible de pulv\u00e9risation de <strong>dysprosium m\u00e9tal<\/strong> doit \u00eatre stock\u00e9e dans un entrep\u00f4t propre et sec et ventil\u00e9, avec une humidit\u00e9 relative de \u226450\u00a0% et une temp\u00e9rature contr\u00f4l\u00e9e \u00e0 15-30\u00b0C, \u00e0 l\u2019abri des gaz corrosifs, de la poussi\u00e8re et de la lumi\u00e8re forte\u00a0; Le mat\u00e9riau cible doit \u00eatre plac\u00e9 horizontalement sur une palette \u00e9tanche \u00e0 l\u2019humidit\u00e9, en \u00e9vitant l\u2019empilage et la compression.<\/p>\n","protected":false},"excerpt":{"rendered":"<p>La cible de pulv\u00e9risation <span style=\"color: #0000ff;\"><strong><a style=\"color: #0000ff;\" href=\"https:\/\/vimaterial.de\/fr\/product\/dysprosium-metal-4\/\">de dysprosium m\u00e9tal<\/a><\/strong> <\/span>est faite de dysprosium, un \u00e9l\u00e9ment de terre rare de haute puret\u00e9, qui est souvent utilis\u00e9 pour la pr\u00e9paration de mat\u00e9riaux magn\u00e9tiques permanents, de mat\u00e9riaux de stockage optique magn\u00e9tique, de mat\u00e9riaux \u00e0 couche mince optique, de dopants semi-conducteurs, etc. par pulv\u00e9risation magn\u00e9tron, et il est largement utilis\u00e9 dans les domaines des composants \u00e9lectroniques, de la m\u00e9moire, des \u00e9crans plats, des instruments et des compteurs, et des moteurs.<\/p>\n<p>VIMATERIAL propose des services de personnalisation de produits et de reliure de cibles, <span style=\"color: #0000ff;\"><a style=\"color: #0000ff;\" href=\"https:\/\/vimaterial.de\/fr\/contact\/\">contactez-nous.<\/a><\/span><\/p>\n","protected":false},"featured_media":1036261,"comment_status":"open","ping_status":"closed","template":"","meta":{"_acf_changed":false},"product_brand":[],"product_cat":[235],"product_tag":[],"class_list":{"0":"post-1027818","1":"product","2":"type-product","3":"status-publish","4":"has-post-thumbnail","6":"product_cat-cibles-de-pulverisation-planaire","8":"first","9":"instock","10":"shipping-taxable","11":"product-type-variable"},"acf":[],"_links":{"self":[{"href":"https:\/\/vimaterial.de\/fr\/wp-json\/wp\/v2\/product\/1027818","targetHints":{"allow":["GET"]}}],"collection":[{"href":"https:\/\/vimaterial.de\/fr\/wp-json\/wp\/v2\/product"}],"about":[{"href":"https:\/\/vimaterial.de\/fr\/wp-json\/wp\/v2\/types\/product"}],"replies":[{"embeddable":true,"href":"https:\/\/vimaterial.de\/fr\/wp-json\/wp\/v2\/comments?post=1027818"}],"wp:featuredmedia":[{"embeddable":true,"href":"https:\/\/vimaterial.de\/fr\/wp-json\/wp\/v2\/media\/1036261"}],"wp:attachment":[{"href":"https:\/\/vimaterial.de\/fr\/wp-json\/wp\/v2\/media?parent=1027818"}],"wp:term":[{"taxonomy":"product_brand","embeddable":true,"href":"https:\/\/vimaterial.de\/fr\/wp-json\/wp\/v2\/product_brand?post=1027818"},{"taxonomy":"product_cat","embeddable":true,"href":"https:\/\/vimaterial.de\/fr\/wp-json\/wp\/v2\/product_cat?post=1027818"},{"taxonomy":"product_tag","embeddable":true,"href":"https:\/\/vimaterial.de\/fr\/wp-json\/wp\/v2\/product_tag?post=1027818"}],"curies":[{"name":"wp","href":"https:\/\/api.w.org\/{rel}","templated":true}]}}