{"id":1027809,"date":"2024-06-17T16:12:07","date_gmt":"2024-06-17T08:12:07","guid":{"rendered":"https:\/\/vimaterial.de\/product\/dysprosium-metal\/"},"modified":"2025-07-10T17:40:05","modified_gmt":"2025-07-10T09:40:05","slug":"dysprosium-metal","status":"publish","type":"product","link":"https:\/\/vimaterial.de\/fr\/product\/dysprosium-metal\/","title":{"rendered":"Dysprosium m\u00e9tal"},"content":{"rendered":"<p><span style=\"color: #0000ff;\"><strong><a style=\"color: #0000ff;\" href=\"https:\/\/vimaterial.de\/fr\/product\/dysprosium-metal-2\/\">Les tiges Dysprosium m\u00e9tal<\/a><\/strong><\/span>\u00a0sont des tiges m\u00e9talliques dont le composant principal est le dysprosium (Dy), un \u00e9l\u00e9ment de terre rare, pr\u00e9sentant g\u00e9n\u00e9ralement un \u00e9clat m\u00e9tallique gris argent\u00e9, avec une densit\u00e9 \u00e9lev\u00e9e et un certain degr\u00e9 de ductilit\u00e9, et sont principalement utilis\u00e9es dans les mat\u00e9riaux magn\u00e9tiques permanents et les champs optiques.<\/p>\n<p>VIMATERIAL propose des produits personnalis\u00e9s et des services de reliure de cibles, <span style=\"color: #0000ff;\"><a style=\"color: #0000ff;\" href=\"https:\/\/vimaterial.de\/fr\/contact\/\">contactez-nous.<\/a><\/span><\/p>\n<h2><span style=\"font-size: 14pt;\">Propri\u00e9t\u00e9s du Dysprosium m\u00e9tal<\/span><\/h2>\n<p>Formule mol\u00e9culaire : Dy<\/p>\n<p>Poids mol\u00e9culaire : 162,50 g\/mol<\/p>\n<p>Apparence\u00a0: lustre m\u00e9tallis\u00e9 gris argent\u00e9, en forme de tige<\/p>\n<p>Densit\u00e9 : 8,551 g\/cm\u00b3 (25 \u00b0C)<\/p>\n<p>Point de fusion : 1412 \u00b0C<\/p>\n<p>Point d\u2019\u00e9bullition : 2562 \u00b0C<\/p>\n<p>Structure cristalline : Structure empil\u00e9e dense hexagonale \u00e0 temp\u00e9rature ambiante, transform\u00e9e en structure cubique centr\u00e9e sur le corps \u00e0 haute temp\u00e9rature.<\/p>\n<h2><span style=\"font-size: 14pt;\">Applications du Dysprosium m\u00e9tal<\/span><\/h2>\n<p>Dans le domaine des mat\u00e9riaux magn\u00e9tiques permanents : en tant que composant cl\u00e9 ajout\u00e9 aux aimants permanents NdFeB haute performance, il peut am\u00e9liorer leur coercivit\u00e9 et leur stabilit\u00e9 thermique, et est utilis\u00e9 dans les moteurs d\u2019entra\u00eenement automobile \u00e0 \u00e9nergie nouvelle, les g\u00e9n\u00e9rateurs d\u2019\u00e9oliennes et d\u2019autres \u00e9quipements.<\/p>\n<p>Dans l\u2019industrie nucl\u00e9aire, les isotopes du dysprosium ont une forte capacit\u00e9 d\u2019absorption des neutrons, et les barres de contr\u00f4le dans lesquelles ils sont transform\u00e9s peuvent r\u00e9guler efficacement le taux de r\u00e9actions de fission nucl\u00e9aire dans les r\u00e9acteurs nucl\u00e9aires.<\/p>\n<p>Dans le domaine de l\u2019optique, les mat\u00e9riaux dop\u00e9s au dysprosium peuvent \u00eatre utilis\u00e9s pour fabriquer des cristaux laser et des dispositifs \u00e9lectroluminescents, qui peuvent \u00eatre appliqu\u00e9s aux \u00e9quipements laser m\u00e9dicaux, \u00e0 l\u2019\u00e9clairage \u00e0 semi-conducteurs et \u00e0 d\u2019autres sc\u00e9narios.<\/p>\n<h2><span style=\"font-size: 14pt;\">Contr\u00f4le de la qualit\u00e9<\/span><\/h2>\n<p><span style=\"color: #0000ff;\"><a style=\"color: #0000ff;\" href=\"https:\/\/vimaterial.de\/fr\/controle-qualite\/\">VI HALBLEITERMATERIAL GmbH<\/a><\/span> met en \u0153uvre un contr\u00f4le de qualit\u00e9 strict de l\u2019ensemble du processus et m\u00e9canisme de r\u00e9solution de probl\u00e8mes pour s\u2019assurer que les produits sont conformes aux normes REACH, ASTM et de l\u2019industrie, et soutenir le d\u00e9veloppement durable et la tra\u00e7abilit\u00e9 de la cha\u00eene d\u2019approvisionnement. L\u2019entreprise s\u2019engage \u00e0 fournir \u00e0 ses clients des produits et des services de haute qualit\u00e9 en g\u00e9rant l\u2019ensemble du processus, de la R&amp;D \u00e0 la livraison, et en adh\u00e9rant au principe de retraitement des produits non conformes.<\/p>\n<h2><span style=\"font-size: 14pt;\"><strong>Emballage et stockage<\/strong><\/span><\/h2>\n<p><strong>Les barres Dy<\/strong> sont g\u00e9n\u00e9ralement emball\u00e9es dans des emballages scell\u00e9s sous vide pour \u00e9viter l\u2019oxydation des tiges de dysprosium au contact de l\u2019air et de l\u2019humidit\u00e9. Des cartons sp\u00e9ciaux sont utilis\u00e9s, remplis d\u2019un mat\u00e9riau de rembourrage pour \u00e9viter la d\u00e9formation ou l\u2019endommagement des tiges en cas de collision pendant le transport.<\/p>\n<p><strong>Les barres de dy<\/strong> doivent \u00eatre stock\u00e9es dans un entrep\u00f4t sec et bien ventil\u00e9, \u00e0 l\u2019abri de l\u2019humidit\u00e9 (humidit\u00e9 relative \u2264 60\u00a0%), des temp\u00e9ratures \u00e9lev\u00e9es et de la lumi\u00e8re directe du soleil, et \u00e0 l\u2019abri des gaz corrosifs (tels que les brouillards acides, le chlore gazeux) et des sources d\u2019incendie.<\/p>\n","protected":false},"excerpt":{"rendered":"<p><span style=\"color: #0000ff;\"><strong><a style=\"color: #0000ff;\" href=\"https:\/\/vimaterial.de\/fr\/product\/dysprosium-metal-2\/\">Les tiges Dysprosium m\u00e9tal<\/a><\/strong><\/span>\u00a0sont des tiges m\u00e9talliques dont le composant principal est le dysprosium (Dy), un \u00e9l\u00e9ment de terre rare, pr\u00e9sentant g\u00e9n\u00e9ralement un \u00e9clat m\u00e9tallique gris argent\u00e9, avec une densit\u00e9 \u00e9lev\u00e9e et un certain degr\u00e9 de ductilit\u00e9, et sont principalement utilis\u00e9es dans les mat\u00e9riaux magn\u00e9tiques permanents et les champs optiques.<\/p>\n<p>VIMATERIAL propose des produits personnalis\u00e9s et des services de reliure de cibles, <span style=\"color: #0000ff;\"><a style=\"color: #0000ff;\" href=\"https:\/\/vimaterial.de\/fr\/contact\/\">contactez-nous.<\/a><\/span><\/p>\n","protected":false},"featured_media":1036268,"comment_status":"open","ping_status":"closed","template":"","meta":{"_acf_changed":false},"product_brand":[],"product_cat":[245],"product_tag":[],"class_list":{"0":"post-1027809","1":"product","2":"type-product","3":"status-publish","4":"has-post-thumbnail","6":"product_cat-profil-fr","8":"first","9":"instock","10":"shipping-taxable","11":"purchasable","12":"product-type-variable"},"acf":[],"_links":{"self":[{"href":"https:\/\/vimaterial.de\/fr\/wp-json\/wp\/v2\/product\/1027809","targetHints":{"allow":["GET"]}}],"collection":[{"href":"https:\/\/vimaterial.de\/fr\/wp-json\/wp\/v2\/product"}],"about":[{"href":"https:\/\/vimaterial.de\/fr\/wp-json\/wp\/v2\/types\/product"}],"replies":[{"embeddable":true,"href":"https:\/\/vimaterial.de\/fr\/wp-json\/wp\/v2\/comments?post=1027809"}],"wp:featuredmedia":[{"embeddable":true,"href":"https:\/\/vimaterial.de\/fr\/wp-json\/wp\/v2\/media\/1036268"}],"wp:attachment":[{"href":"https:\/\/vimaterial.de\/fr\/wp-json\/wp\/v2\/media?parent=1027809"}],"wp:term":[{"taxonomy":"product_brand","embeddable":true,"href":"https:\/\/vimaterial.de\/fr\/wp-json\/wp\/v2\/product_brand?post=1027809"},{"taxonomy":"product_cat","embeddable":true,"href":"https:\/\/vimaterial.de\/fr\/wp-json\/wp\/v2\/product_cat?post=1027809"},{"taxonomy":"product_tag","embeddable":true,"href":"https:\/\/vimaterial.de\/fr\/wp-json\/wp\/v2\/product_tag?post=1027809"}],"curies":[{"name":"wp","href":"https:\/\/api.w.org\/{rel}","templated":true}]}}