{"id":1027521,"date":"2024-06-17T16:01:43","date_gmt":"2024-06-17T08:01:43","guid":{"rendered":"https:\/\/vimaterial.de\/product\/titanate-de-lanthane-oxyde-de-lanthane-et-de-titane\/"},"modified":"2025-01-09T16:22:50","modified_gmt":"2025-01-09T08:22:50","slug":"titanate-de-lanthane-oxyde-de-lanthane-et-de-titane","status":"publish","type":"product","link":"https:\/\/vimaterial.de\/fr\/product\/titanate-de-lanthane-oxyde-de-lanthane-et-de-titane\/","title":{"rendered":"Titanate de lanthane (oxyde de titane de lanthane)"},"content":{"rendered":"<p>La cible de pulv\u00e9risation de titanate de lanthane fait r\u00e9f\u00e9rence \u00e0 une cible form\u00e9e de lanthane et de titane, avec la formule chimique LaTiO3. C\u2019est une substance avec les caract\u00e9ristiques des oxydes de m\u00e9taux de transition, avec une stabilit\u00e9 \u00e0 haute temp\u00e9rature, une duret\u00e9 \u00e9lev\u00e9e, une r\u00e9sistance \u00e9lev\u00e9e \u00e0 la corrosion, une constante di\u00e9lectrique \u00e9lev\u00e9e et une pi\u00e9zo\u00e9lectricit\u00e9. VIMATERIAL est sp\u00e9cialis\u00e9 dans la fourniture de diff\u00e9rents types de cibles de pulv\u00e9risation : cibles m\u00e9talliques, cibles en alliage, cibles en c\u00e9ramique, etc. <\/p>\n<h2><span style=\"font-size: 14pt;\">Propri\u00e9t\u00e9s<\/span><\/h2>\n<p>Le film form\u00e9 par les cibles de pulv\u00e9risation en titanate de lanthane pr\u00e9sente d\u2019excellentes caract\u00e9ristiques de faible absorption des pertes, de pr\u00e9paration facile et de performances stables. Il peut \u00eatre utilis\u00e9 comme un excellent mat\u00e9riau de rev\u00eatement pour la pr\u00e9paration de films laser, il a donc un grand potentiel de d\u00e9veloppement. <\/p>\n<h2><span style=\"font-size: 14pt;\">Quelles sont les applications du titanate de lanthane ?<\/span><\/h2>\n<p>La cible du titanate de lanthane offre un large \u00e9ventail de perspectives d\u2019application et joue un r\u00f4le important dans l\u2019\u00e9lectronique, l\u2019opto\u00e9lectronique, l\u2019\u00e9nergie et d\u2019autres domaines. Par exemple, la cible en titanate de lanthane peut \u00eatre utilis\u00e9e comme mat\u00e9riaux ferro\u00e9lectriques, pi\u00e9zo\u00e9lectriques et pyro\u00e9lectriques pour la fabrication de capteurs, de condensateurs \u00e0 film, de dispositifs \u00e9lectroniques, de g\u00e9n\u00e9rateurs, etc. Il peut \u00e9galement \u00eatre utilis\u00e9 comme mat\u00e9riau d\u2019anode pour les dispositifs de stockage d\u2019\u00e9nergie et les piles \u00e0 combustible \u00e0 oxyde solide.<\/p>\n<h2><span style=\"font-size: 14pt;\">Contr\u00f4le qualit\u00e9<\/span><\/h2>\n<p>Nos produits mettent en \u0153uvre le syst\u00e8me de gestion de la qualit\u00e9 le plus strict. Il existe des normes d\u2019inspection strictes pour les mat\u00e9riaux entrants, les processus, les inspections finales et les inspections d\u2019usine. Des mesures d\u2019isolement strictes seront adopt\u00e9es pour le traitement non qualifi\u00e9 afin d\u2019\u00e9viter que les produits non qualifi\u00e9s ne passent au processus suivant. Des \u00e9chantillons seront fournis aux clients selon les exigences du client pour la r\u00e9inspection.   <\/p>\n<h2><span style=\"font-size: 14pt;\">Emballage et stockage<\/span><\/h2>\n<p>Int\u00e9rieur : emballage sous vide en sac transparent, ext\u00e9rieur : carton\/bo\u00eete en bois. Ce produit doit \u00eatre scell\u00e9 et stock\u00e9 dans un environnement sec et frais. Il ne doit pas \u00eatre expos\u00e9 \u00e0 l\u2019air pendant une longue p\u00e9riode et une forte pression doit \u00eatre \u00e9vit\u00e9e.<\/p>\n","protected":false},"excerpt":{"rendered":"<p>La cible de pulv\u00e9risation de titanate de lanthane fait r\u00e9f\u00e9rence \u00e0 une cible form\u00e9e de lanthane et de titane, avec la formule chimique LaTiO3. C\u2019est une substance avec les caract\u00e9ristiques des oxydes de m\u00e9taux de transition, avec une stabilit\u00e9 \u00e0 haute temp\u00e9rature, une duret\u00e9 \u00e9lev\u00e9e, une r\u00e9sistance \u00e9lev\u00e9e \u00e0 la corrosion, une constante di\u00e9lectrique \u00e9lev\u00e9e [&hellip;]<\/p>\n","protected":false},"featured_media":1033921,"comment_status":"open","ping_status":"closed","template":"","meta":{"_acf_changed":false},"product_brand":[],"product_cat":[235],"product_tag":[],"class_list":{"0":"post-1027521","1":"product","2":"type-product","3":"status-publish","4":"has-post-thumbnail","6":"product_cat-cibles-de-pulverisation-planaire","8":"first","9":"instock","10":"shipping-taxable","11":"product-type-variable"},"acf":[],"_links":{"self":[{"href":"https:\/\/vimaterial.de\/fr\/wp-json\/wp\/v2\/product\/1027521","targetHints":{"allow":["GET"]}}],"collection":[{"href":"https:\/\/vimaterial.de\/fr\/wp-json\/wp\/v2\/product"}],"about":[{"href":"https:\/\/vimaterial.de\/fr\/wp-json\/wp\/v2\/types\/product"}],"replies":[{"embeddable":true,"href":"https:\/\/vimaterial.de\/fr\/wp-json\/wp\/v2\/comments?post=1027521"}],"wp:featuredmedia":[{"embeddable":true,"href":"https:\/\/vimaterial.de\/fr\/wp-json\/wp\/v2\/media\/1033921"}],"wp:attachment":[{"href":"https:\/\/vimaterial.de\/fr\/wp-json\/wp\/v2\/media?parent=1027521"}],"wp:term":[{"taxonomy":"product_brand","embeddable":true,"href":"https:\/\/vimaterial.de\/fr\/wp-json\/wp\/v2\/product_brand?post=1027521"},{"taxonomy":"product_cat","embeddable":true,"href":"https:\/\/vimaterial.de\/fr\/wp-json\/wp\/v2\/product_cat?post=1027521"},{"taxonomy":"product_tag","embeddable":true,"href":"https:\/\/vimaterial.de\/fr\/wp-json\/wp\/v2\/product_tag?post=1027521"}],"curies":[{"name":"wp","href":"https:\/\/api.w.org\/{rel}","templated":true}]}}