{"id":1027426,"date":"2024-06-17T16:05:10","date_gmt":"2024-06-17T08:05:10","guid":{"rendered":"https:\/\/vimaterial.de\/product\/nitrate-de-cerium-hexahydrate\/"},"modified":"2025-04-25T10:24:31","modified_gmt":"2025-04-25T02:24:31","slug":"nitrate-de-cerium-hexahydrate","status":"publish","type":"product","link":"https:\/\/vimaterial.de\/fr\/product\/nitrate-de-cerium-hexahydrate\/","title":{"rendered":"Nitrate de c\u00e9rium hexahydrat\u00e9"},"content":{"rendered":"<p>La poudre hexahydrat\u00e9e de nitrate de c\u00e9rium est un compos\u00e9 inorganique blanc ou blanc cass\u00e9, facilement d\u00e9liquescent, soluble dans l\u2019eau et les alcools, form\u00e9 par des ions c\u00e9rium et des ions nitrate avec six eaux cristallines.<\/p>\n<h2><span style=\"font-size: 14pt;\">Propri\u00e9t\u00e9s<\/span><\/h2>\n<p>Poids mol\u00e9culaire : 434,12 g\/mol<\/p>\n<p>Formule mol\u00e9culaire : Ce(NO\u2083)\u2083-6H\u2082O<\/p>\n<p>N\u00b0 CAS : 10294-41-4<\/p>\n<p>Apparence&nbsp;: Le nitrate de c\u00e9rium hexahydrat\u00e9 est g\u00e9n\u00e9ralement une poudre cristalline blanche \u00e0 jaune.<\/p>\n<p>Densit\u00e9 : 1,67 &#8211; 1,9 g\/cm\u00b3.<\/p>\n<p>Point de fusion : 65 \u00b0C<\/p>\n<p>Point d\u2019\u00e9bullition : sup\u00e9rieur \u00e0 200 \u00b0C (d\u00e9composition)<\/p>\n<p>Solubilit\u00e9 : Le nitrate de c\u00e9rium hexahydrat\u00e9 est soluble dans l\u2019eau et l\u2019\u00e9thanol et est d\u00e9liquescent, absorbant facilement l\u2019humidit\u00e9 et devenant humide dans l\u2019air.<\/p>\n<p>Oxydation : Le nitrate de c\u00e9rium hexahydrat\u00e9 est un agent oxydant.<\/p>\n<p>Stabilit\u00e9&nbsp;: il se d\u00e9composera \u00e0 haute temp\u00e9rature et peut former un m\u00e9lange explosif lorsqu\u2019il est m\u00e9lang\u00e9 avec un agent r\u00e9ducteur, de la mati\u00e8re organique et des mat\u00e9riaux inflammables.<\/p>\n<p>Magn\u00e9tisme : Le nitrate de c\u00e9rium hexahydrat\u00e9 est paramagn\u00e9tique.<\/p>\n<p>Conductivit\u00e9 : Le nitrate de c\u00e9rium hexahydrat\u00e9 a une faible conductivit\u00e9, mais les ions ionis\u00e9s dans la solution peuvent conduire l\u2019\u00e9lectricit\u00e9.<\/p>\n<h2><span style=\"font-size: 14pt;\">Applications<\/span><\/h2>\n<p><strong>Petrochemicals:<\/strong> Utilis\u00e9 comme catalyseur p\u00e9trochimique dans une vari\u00e9t\u00e9 de r\u00e9actions chimiques, par exemple, l\u2019ajout de c\u00e9rium au tolu\u00e8ne au styr\u00e8ne am\u00e9liore la production de styr\u00e8ne. Dans les catalyseurs FCC, l\u2019ajout d\u2019hexahydrate de nitrate de c\u00e9rium aux catalyseurs contenant des z\u00e9olithes fournit une activit\u00e9 catalytique dans le r\u00e9acteur et une stabilit\u00e9 thermique dans le r\u00e9g\u00e9n\u00e9rateur. <\/p>\n<p><strong>Catalyse environnementale :<\/strong> Peut \u00eatre utilis\u00e9 dans les r\u00e9actions catalytiques li\u00e9es \u00e0 la protection de l\u2019environnement, par exemple pour aider \u00e0 \u00e9liminer les gaz nocifs dans certains processus de traitement des gaz d\u2019\u00e9chappement.<\/p>\n<p><strong>Additifs d\u2019abat-jour \u00e0 vapeur :<\/strong> Utilis\u00e9 dans la production d\u2019abat-jour \u00e0 vapeur, ce qui peut am\u00e9liorer les performances des abat-jour.<\/p>\n<p><strong>Additifs carbure c\u00e9ment\u00e9 :<\/strong> Utilis\u00e9 comme additif dans la fabrication de carbure c\u00e9ment\u00e9 pour am\u00e9liorer les performances de l\u2019alliage.<\/p>\n<p><strong>Ingr\u00e9dient de la poudre de polissage :<\/strong> C\u2019est l\u2019un des constituants de certaines poudres de polissage et est utilis\u00e9 dans le polissage des m\u00e9taux, du verre et d\u2019autres mat\u00e9riaux.<\/p>\n<p><strong>Domaine des mat\u00e9riaux \u00e9lectroniques :<\/strong> Il est utilis\u00e9 dans la fabrication d\u2019appareils \u00e9lectroniques tels que les tubes \u00e9lectroniques, par exemple, il est utilis\u00e9 pour pr\u00e9parer certains mat\u00e9riaux ou rev\u00eatements \u00e9lectroniques sp\u00e9ciaux.<\/p>\n<p><strong>Domaine pharmaceutique :<\/strong> Il est utilis\u00e9 comme r\u00e9actif analytique en chimie analytique et \u00e9galement utilis\u00e9 dans l\u2019industrie pharmaceutique.<\/p>\n<p><strong>Domaine agricole :<\/strong> Il peut \u00eatre utilis\u00e9 dans la pr\u00e9paration d\u2019engrais de terres rares pour am\u00e9liorer la structure du sol et am\u00e9liorer le rendement et la qualit\u00e9 des cultures.<\/p>\n<p><strong>Fonderie de m\u00e9taux :<\/strong> Dans les fonderies de fer et d\u2019acier, il peut \u00eatre utilis\u00e9 pour \u00e9liminer l\u2019oxyg\u00e8ne libre et le soufre de l\u2019acier, par la formation d\u2019oxysulfures stables, et pour lier certains oligo-\u00e9l\u00e9ments ind\u00e9sirables, tels que le plomb et l\u2019antimoine.<\/p>\n","protected":false},"excerpt":{"rendered":"<p>La poudre hexahydrat\u00e9e de nitrate de c\u00e9rium est un compos\u00e9 inorganique blanc ou blanc cass\u00e9, facilement d\u00e9liquescent, soluble dans l\u2019eau et les alcools, form\u00e9 par des ions c\u00e9rium et des ions nitrate avec six eaux cristallines.<\/p>\n","protected":false},"featured_media":1033956,"comment_status":"open","ping_status":"closed","template":"","meta":{"_acf_changed":false},"product_brand":[],"product_cat":[241],"product_tag":[],"class_list":{"0":"post-1027426","1":"product","2":"type-product","3":"status-publish","4":"has-post-thumbnail","6":"product_cat-materiaux-a-base-de-terres-rares","8":"first","9":"instock","10":"shipping-taxable","11":"purchasable","12":"product-type-variable"},"acf":[],"_links":{"self":[{"href":"https:\/\/vimaterial.de\/fr\/wp-json\/wp\/v2\/product\/1027426","targetHints":{"allow":["GET"]}}],"collection":[{"href":"https:\/\/vimaterial.de\/fr\/wp-json\/wp\/v2\/product"}],"about":[{"href":"https:\/\/vimaterial.de\/fr\/wp-json\/wp\/v2\/types\/product"}],"replies":[{"embeddable":true,"href":"https:\/\/vimaterial.de\/fr\/wp-json\/wp\/v2\/comments?post=1027426"}],"wp:featuredmedia":[{"embeddable":true,"href":"https:\/\/vimaterial.de\/fr\/wp-json\/wp\/v2\/media\/1033956"}],"wp:attachment":[{"href":"https:\/\/vimaterial.de\/fr\/wp-json\/wp\/v2\/media?parent=1027426"}],"wp:term":[{"taxonomy":"product_brand","embeddable":true,"href":"https:\/\/vimaterial.de\/fr\/wp-json\/wp\/v2\/product_brand?post=1027426"},{"taxonomy":"product_cat","embeddable":true,"href":"https:\/\/vimaterial.de\/fr\/wp-json\/wp\/v2\/product_cat?post=1027426"},{"taxonomy":"product_tag","embeddable":true,"href":"https:\/\/vimaterial.de\/fr\/wp-json\/wp\/v2\/product_tag?post=1027426"}],"curies":[{"name":"wp","href":"https:\/\/api.w.org\/{rel}","templated":true}]}}