{"id":1027321,"date":"2024-06-17T16:05:12","date_gmt":"2024-06-17T08:05:12","guid":{"rendered":"https:\/\/vimaterial.de\/product\/fluorure-de-cerium-3\/"},"modified":"2024-10-25T09:06:20","modified_gmt":"2024-10-25T01:06:20","slug":"fluorure-de-cerium-3","status":"publish","type":"product","link":"https:\/\/vimaterial.de\/fr\/product\/fluorure-de-cerium-3\/","title":{"rendered":"Fluorure de c\u00e9rium"},"content":{"rendered":"<p>La poudre de fluorure de c\u00e9rium (CeF\u2083) est un compos\u00e9 inorganique important.<\/p>\n<h3>Propri\u00e9t\u00e9s physiques\u00a0:<\/h3>\n<p>Aspect : g\u00e9n\u00e9ralement une poudre blanche, montrant parfois des granules de millet.<\/p>\n<p>Densit\u00e9 : 6,16 g\/ml \u00e0 25\u00b0C.<\/p>\n<p>Point de fusion : environ 1640\u00b0C.<\/p>\n<p>Point d\u2019\u00e9bullition : environ 2300\u00b0C.<\/p>\n<h3>Propri\u00e9t\u00e9s chimiques :<\/h3>\n<p>Solubilit\u00e9 : insoluble dans l\u2019eau, mais soluble dans l\u2019acide. Il est lentement hydrolys\u00e9 dans un environnement humide.<\/p>\n<h3>Utilise:<\/h3>\n<p>D\u00e9tection des rayonnements : dans les d\u00e9tecteurs \u00e0 scintillation, la poudre de fluorure de c\u00e9rium peut \u00eatre utilis\u00e9e comme mat\u00e9riau cristallin pour la d\u00e9tection des rayonnements, capable d\u2019\u00e9mettre de la lumi\u00e8re lorsqu\u2019elle est expos\u00e9e aux rayonnements.<\/p>\n<p>Optique : il peut \u00eatre utilis\u00e9 comme mat\u00e9riau de rev\u00eatement optique pour les composants optiques tels que les lentilles, o\u00f9 il am\u00e9liore les performances du syst\u00e8me optique gr\u00e2ce \u00e0 son indice de r\u00e9fraction \u00e9lev\u00e9.<\/p>\n<p>Catalyseur : C\u2019est un catalyseur dans une vari\u00e9t\u00e9 de processus industriels, tels que le raffinage du p\u00e9trole et la synth\u00e8se chimique.<\/p>\n<p>Applications dentaires : utilis\u00e9 comme agent radio-opaque dans les mat\u00e9riaux d\u2019obturation et les composites dentaires, ainsi que dans les c\u00e9ramiques et les proth\u00e8ses dentaires.<\/p>\n","protected":false},"excerpt":{"rendered":"<p>La poudre de fluorure de c\u00e9rium (CeF\u2083) est un compos\u00e9 inorganique important.<\/p>\n<p>D\u00e9tection des rayonnements : dans les d\u00e9tecteurs \u00e0 scintillation, la poudre de fluorure de c\u00e9rium peut \u00eatre utilis\u00e9e comme mat\u00e9riau cristallin pour la d\u00e9tection des rayonnements, capable d\u2019\u00e9mettre de la lumi\u00e8re lorsqu\u2019elle est expos\u00e9e aux rayonnements.<\/p>\n<p>Optique : il peut \u00eatre utilis\u00e9 comme mat\u00e9riau de rev\u00eatement optique pour les composants optiques tels que les lentilles, o\u00f9 il am\u00e9liore les performances du syst\u00e8me optique gr\u00e2ce \u00e0 son indice de r\u00e9fraction \u00e9lev\u00e9.<\/p>\n","protected":false},"featured_media":1034001,"comment_status":"open","ping_status":"closed","template":"","meta":{"_acf_changed":false},"product_brand":[],"product_cat":[241],"product_tag":[],"class_list":{"0":"post-1027321","1":"product","2":"type-product","3":"status-publish","4":"has-post-thumbnail","6":"product_cat-materiaux-a-base-de-terres-rares","8":"first","9":"instock","10":"shipping-taxable","11":"purchasable","12":"product-type-variable"},"acf":[],"_links":{"self":[{"href":"https:\/\/vimaterial.de\/fr\/wp-json\/wp\/v2\/product\/1027321","targetHints":{"allow":["GET"]}}],"collection":[{"href":"https:\/\/vimaterial.de\/fr\/wp-json\/wp\/v2\/product"}],"about":[{"href":"https:\/\/vimaterial.de\/fr\/wp-json\/wp\/v2\/types\/product"}],"replies":[{"embeddable":true,"href":"https:\/\/vimaterial.de\/fr\/wp-json\/wp\/v2\/comments?post=1027321"}],"wp:featuredmedia":[{"embeddable":true,"href":"https:\/\/vimaterial.de\/fr\/wp-json\/wp\/v2\/media\/1034001"}],"wp:attachment":[{"href":"https:\/\/vimaterial.de\/fr\/wp-json\/wp\/v2\/media?parent=1027321"}],"wp:term":[{"taxonomy":"product_brand","embeddable":true,"href":"https:\/\/vimaterial.de\/fr\/wp-json\/wp\/v2\/product_brand?post=1027321"},{"taxonomy":"product_cat","embeddable":true,"href":"https:\/\/vimaterial.de\/fr\/wp-json\/wp\/v2\/product_cat?post=1027321"},{"taxonomy":"product_tag","embeddable":true,"href":"https:\/\/vimaterial.de\/fr\/wp-json\/wp\/v2\/product_tag?post=1027321"}],"curies":[{"name":"wp","href":"https:\/\/api.w.org\/{rel}","templated":true}]}}