{"id":1027290,"date":"2024-06-17T16:05:12","date_gmt":"2024-06-17T08:05:12","guid":{"rendered":"https:\/\/vimaterial.de\/product\/fluorure-de-cerium\/"},"modified":"2024-10-25T09:24:11","modified_gmt":"2024-10-25T01:24:11","slug":"fluorure-de-cerium","status":"publish","type":"product","link":"https:\/\/vimaterial.de\/fr\/product\/fluorure-de-cerium\/","title":{"rendered":"Fluorure de c\u00e9rium"},"content":{"rendered":"<p>La cible au fluorure de c\u00e9rium est un mat\u00e9riau de rev\u00eatement important.<\/p>\n<h3>Informations de base :<\/h3>\n<p>Formule chimique : CeF\u2083, un compos\u00e9 ionique compos\u00e9 de c\u00e9rium, une terre rare, un m\u00e9tal, et d\u2019un \u00e9l\u00e9ment fluor.<\/p>\n<p>N\u00b0 CAS : 7758-88-5.<\/p>\n<p>Apparence\u00a0: G\u00e9n\u00e9ralement blanc cristallin solide.<\/p>\n<p>Point de fusion : environ 1460\u00b0C.<\/p>\n<p>Point d\u2019\u00e9bullition : environ 2300\u00b0C.<\/p>\n<p>Densit\u00e9 : 6,16 g\/cm\u00b3.<\/p>\n<h3>Domaines d\u2019application :<\/h3>\n<p>Domaine des semi-conducteurs : Dans la fabrication de semi-conducteurs, le mat\u00e9riau cible au fluorure de c\u00e9rium peut \u00eatre utilis\u00e9 pour pr\u00e9parer la couche isolante des dispositifs \u00e9lectroniques, la couche conductrice et d\u2019autres films minces, comme dans la fabrication de circuits int\u00e9gr\u00e9s, utilis\u00e9s pour former une couche isolante entre la couche d\u2019interconnexion m\u00e9tallique, afin d\u2019am\u00e9liorer les performances et la fiabilit\u00e9 du circuit.<\/p>\n<p>Champ optique\u00a0: utilis\u00e9 dans la fabrication de lentilles optiques, de filtres optiques, de fen\u00eatres optiques et d\u2019autres composants optiques du rev\u00eatement, peut am\u00e9liorer les performances optiques des composants optiques, tels que l\u2019augmentation de la transmission de la lumi\u00e8re, r\u00e9duire la r\u00e9flexion.<\/p>\n<p>Champ magn\u00e9tique : Dans les dispositifs de stockage magn\u00e9tique, tels que les disques durs, les disques magn\u00e9tiques, etc., les cibles de fluorure de c\u00e9rium peuvent \u00eatre utilis\u00e9es pour pr\u00e9parer des films d\u2019enregistrement magn\u00e9tique afin d\u2019am\u00e9liorer la densit\u00e9 et la stabilit\u00e9 du stockage magn\u00e9tique.<\/p>\n<p>Nouveau domaine \u00e9nerg\u00e9tique : dans les nouveaux \u00e9quipements \u00e9nerg\u00e9tiques tels que les cellules solaires, les piles \u00e0 combustible, etc., les cibles CeF\u2083 peuvent \u00eatre utilis\u00e9es pour pr\u00e9parer des mat\u00e9riaux d\u2019\u00e9lectrode pour le rev\u00eatement afin d\u2019am\u00e9liorer l\u2019activit\u00e9 catalytique et la stabilit\u00e9 des \u00e9lectrodes, am\u00e9liorant ainsi l\u2019efficacit\u00e9 et les performances des \u00e9quipements \u00e0 \u00e9nergie nouvelle.<\/p>\n","protected":false},"excerpt":{"rendered":"<p>La cible au fluorure de c\u00e9rium est un mat\u00e9riau de rev\u00eatement important.<\/p>\n<p>Domaine des semi-conducteurs : Dans la fabrication de semi-conducteurs, le mat\u00e9riau cible au fluorure de c\u00e9rium peut \u00eatre utilis\u00e9 pour pr\u00e9parer la couche isolante des dispositifs \u00e9lectroniques, la couche conductrice et d\u2019autres films minces, comme dans la fabrication de circuits int\u00e9gr\u00e9s, utilis\u00e9s pour former une couche isolante entre la couche d\u2019interconnexion m\u00e9tallique, afin d\u2019am\u00e9liorer les performances et la fiabilit\u00e9 du circuit.<\/p>\n<p>Champ optique\u00a0: utilis\u00e9 dans la fabrication de lentilles optiques, de filtres optiques, de fen\u00eatres optiques et d\u2019autres composants optiques du rev\u00eatement, peut am\u00e9liorer les performances optiques des composants optiques, tels que l\u2019augmentation de la transmission de la lumi\u00e8re, r\u00e9duire la r\u00e9flexion.<\/p>\n","protected":false},"featured_media":1034006,"comment_status":"open","ping_status":"closed","template":"","meta":{"_acf_changed":false},"product_brand":[],"product_cat":[235],"product_tag":[],"class_list":{"0":"post-1027290","1":"product","2":"type-product","3":"status-publish","4":"has-post-thumbnail","6":"product_cat-cibles-de-pulverisation-planaire","8":"first","9":"instock","10":"shipping-taxable","11":"product-type-variable"},"acf":[],"_links":{"self":[{"href":"https:\/\/vimaterial.de\/fr\/wp-json\/wp\/v2\/product\/1027290","targetHints":{"allow":["GET"]}}],"collection":[{"href":"https:\/\/vimaterial.de\/fr\/wp-json\/wp\/v2\/product"}],"about":[{"href":"https:\/\/vimaterial.de\/fr\/wp-json\/wp\/v2\/types\/product"}],"replies":[{"embeddable":true,"href":"https:\/\/vimaterial.de\/fr\/wp-json\/wp\/v2\/comments?post=1027290"}],"wp:featuredmedia":[{"embeddable":true,"href":"https:\/\/vimaterial.de\/fr\/wp-json\/wp\/v2\/media\/1034006"}],"wp:attachment":[{"href":"https:\/\/vimaterial.de\/fr\/wp-json\/wp\/v2\/media?parent=1027290"}],"wp:term":[{"taxonomy":"product_brand","embeddable":true,"href":"https:\/\/vimaterial.de\/fr\/wp-json\/wp\/v2\/product_brand?post=1027290"},{"taxonomy":"product_cat","embeddable":true,"href":"https:\/\/vimaterial.de\/fr\/wp-json\/wp\/v2\/product_cat?post=1027290"},{"taxonomy":"product_tag","embeddable":true,"href":"https:\/\/vimaterial.de\/fr\/wp-json\/wp\/v2\/product_tag?post=1027290"}],"curies":[{"name":"wp","href":"https:\/\/api.w.org\/{rel}","templated":true}]}}