{"id":1027249,"date":"2024-06-17T16:05:13","date_gmt":"2024-06-17T08:05:13","guid":{"rendered":"https:\/\/vimaterial.de\/product\/alliage-de-cerium-et-de-gadolinium\/"},"modified":"2024-10-24T16:45:53","modified_gmt":"2024-10-24T08:45:53","slug":"alliage-de-cerium-et-de-gadolinium","status":"publish","type":"product","link":"https:\/\/vimaterial.de\/fr\/product\/alliage-de-cerium-et-de-gadolinium\/","title":{"rendered":"C\u00e9rium &#8211; Alliage de gadolinium"},"content":{"rendered":"<h3>Informations de base<\/h3>\n<p>Formule chimique et composition : Le composant principal de la cible de c\u00e9rium gadolinium est un compos\u00e9 form\u00e9 de c\u00e9rium (Ce) et de gadolinium (Gd).<\/p>\n<p>Apparence et forme : g\u00e9n\u00e9ralement en forme de plaque plate ronde ou rectangulaire, afin de s\u2019adapter au d\u00e9p\u00f4t physique en phase vapeur (PVD) et \u00e0 d\u2019autres \u00e9quipements.<\/p>\n<p>Densit\u00e9 : La densit\u00e9 est comprise entre le c\u00e9rium (environ 6,77 g\/cm\u00b3) et le gadolinium (environ 7,90 g\/cm\u00b3) et varie en fonction du rapport entre la teneur en c\u00e9rium et en gadolinium.<\/p>\n<p>Point de fusion et stabilit\u00e9 thermique : Le point de fusion se situe \u00e0 peu pr\u00e8s entre le point de fusion du c\u00e9rium (798 \u00b0C) et le point de fusion du gadolinium (1313 \u00b0C) en fonction du rapport entre la teneur en c\u00e9rium et en gadolinium.<\/p>\n<h3>Domaines d\u2019application<\/h3>\n<p>Dispositifs de stockage magn\u00e9tiques : Dans les dispositifs de stockage magn\u00e9tiques tels que les disques durs, des couches minces magn\u00e9tiques sont d\u00e9pos\u00e9es par PVD \u00e0 l\u2019aide de cibles c\u00e9rium &#8211; Gadolinium.<\/p>\n<p>Autres composants \u00e9lectroniques :C\u00e9rium &#8211; Gadolinium Films fonctionnels utilis\u00e9s dans la fabrication de composants \u00e9lectroniques tels que les condensateurs et les r\u00e9sistances pour fournir des propri\u00e9t\u00e9s \u00e9lectriques ou magn\u00e9tiques sp\u00e9cifiques \u00e0 ces composants.<\/p>\n<p>Pr\u00e9paration du film optique : C\u00e9rium &#8211; Gadolinium utilis\u00e9 comme composant des filtres optiques ou des rev\u00eatements miroirs pour r\u00e9guler les propri\u00e9t\u00e9s optiques telles que la r\u00e9flexion, la r\u00e9fraction et l\u2019absorption de la lumi\u00e8re.<\/p>\n<p>Domaine de la communication optique : Il joue un r\u00f4le dans la fabrication de composants optiques pour les \u00e9quipements de communication optique, par exemple, il peut am\u00e9liorer les performances optiques de dispositifs tels que les connecteurs \u00e0 fibre optique et les multiplexeurs \u00e0 r\u00e9partition en longueur d\u2019onde, et am\u00e9liorer l\u2019efficacit\u00e9 de transmission et la qualit\u00e9 des signaux optiques.<\/p>\n","protected":false},"excerpt":{"rendered":"<p>Dispositifs de stockage magn\u00e9tiques : Dans les dispositifs de stockage magn\u00e9tiques tels que les disques durs, des films minces magn\u00e9tiques sont d\u00e9pos\u00e9s par PVD \u00e0 l\u2019aide de cibles de chlorure de c\u00e9rium &#8211; gadolinium.<\/p>\n<p>Autres composants \u00e9lectroniques :C\u00e9rium &#8211; Gadolinium Films fonctionnels utilis\u00e9s dans la fabrication de composants \u00e9lectroniques tels que les condensateurs et les r\u00e9sistances pour fournir des propri\u00e9t\u00e9s \u00e9lectriques ou magn\u00e9tiques sp\u00e9cifiques \u00e0 ces composants.<\/p>\n<p>Pr\u00e9paration du film optique : utilis\u00e9 comme composant des filtres optiques ou des rev\u00eatements miroirs pour r\u00e9guler les propri\u00e9t\u00e9s optiques telles que la r\u00e9flexion, la r\u00e9fraction et l\u2019absorption de la lumi\u00e8re.<\/p>\n","protected":false},"featured_media":1034011,"comment_status":"open","ping_status":"closed","template":"","meta":{"_acf_changed":false},"product_brand":[],"product_cat":[235],"product_tag":[],"class_list":{"0":"post-1027249","1":"product","2":"type-product","3":"status-publish","4":"has-post-thumbnail","6":"product_cat-cibles-de-pulverisation-planaire","8":"first","9":"instock","10":"shipping-taxable","11":"purchasable","12":"product-type-variable"},"acf":[],"_links":{"self":[{"href":"https:\/\/vimaterial.de\/fr\/wp-json\/wp\/v2\/product\/1027249","targetHints":{"allow":["GET"]}}],"collection":[{"href":"https:\/\/vimaterial.de\/fr\/wp-json\/wp\/v2\/product"}],"about":[{"href":"https:\/\/vimaterial.de\/fr\/wp-json\/wp\/v2\/types\/product"}],"replies":[{"embeddable":true,"href":"https:\/\/vimaterial.de\/fr\/wp-json\/wp\/v2\/comments?post=1027249"}],"wp:featuredmedia":[{"embeddable":true,"href":"https:\/\/vimaterial.de\/fr\/wp-json\/wp\/v2\/media\/1034011"}],"wp:attachment":[{"href":"https:\/\/vimaterial.de\/fr\/wp-json\/wp\/v2\/media?parent=1027249"}],"wp:term":[{"taxonomy":"product_brand","embeddable":true,"href":"https:\/\/vimaterial.de\/fr\/wp-json\/wp\/v2\/product_brand?post=1027249"},{"taxonomy":"product_cat","embeddable":true,"href":"https:\/\/vimaterial.de\/fr\/wp-json\/wp\/v2\/product_cat?post=1027249"},{"taxonomy":"product_tag","embeddable":true,"href":"https:\/\/vimaterial.de\/fr\/wp-json\/wp\/v2\/product_tag?post=1027249"}],"curies":[{"name":"wp","href":"https:\/\/api.w.org\/{rel}","templated":true}]}}