{"id":1027162,"date":"2024-06-17T16:05:14","date_gmt":"2024-06-17T08:05:14","guid":{"rendered":"https:\/\/vimaterial.de\/product\/phosphate-de-cerium\/"},"modified":"2024-10-24T16:01:58","modified_gmt":"2024-10-24T08:01:58","slug":"phosphate-de-cerium","status":"publish","type":"product","link":"https:\/\/vimaterial.de\/fr\/product\/phosphate-de-cerium\/","title":{"rendered":"Phosphate de c\u00e9rium"},"content":{"rendered":"<p>La poudre de phosphate de c\u00e9rium est un compos\u00e9 inorganique important.<\/p>\n<h3>Informations de base :<\/h3>\n<p>Formule chimique : g\u00e9n\u00e9ralement exprim\u00e9e en CePO4, le premier est un CePO4 anhydre, le second est du phosphate de c\u00e9rium avec de l\u2019eau cristalline.<\/p>\n<p>Masse molaire : la masse molaire du CePO4 anhydre est d\u2019environ 235,0874 g\/mol, et la masse molaire du phosphate de c\u00e9rium contenant de l\u2019eau de cristallisation est d\u2019environ 253,09 g\/mol (calcul\u00e9e comme contenant une eau de cristallisation).<\/p>\n<p>Aspect : g\u00e9n\u00e9ralement blanc ou solide poudreux jaun\u00e2tre.<\/p>\n<p>Densit\u00e9 : La densit\u00e9 relative est \u00e9lev\u00e9e, environ 5,22 g\/cm\u00b3.<\/p>\n<p>Solubilit\u00e9 : Difficile \u00e0 dissoudre dans l\u2019eau et les acides inorganiques.<\/p>\n<p>POINT DE FUSION : Point de fusion relativement \u00e9lev\u00e9, ce qui lui permet de maintenir une structure stable \u00e0 des temp\u00e9ratures ambiantes \u00e9lev\u00e9es.<\/p>\n<h3>Domaines d\u2019application :<\/h3>\n<p>Science des mat\u00e9riaux\u00a0: il peut \u00eatre utilis\u00e9 dans la pr\u00e9paration de mat\u00e9riaux c\u00e9ramiques \u00e9lectroniques, tels que les mat\u00e9riaux di\u00e9lectriques, les mat\u00e9riaux pi\u00e9zo\u00e9lectriques et d\u2019autres additifs, peut am\u00e9liorer les propri\u00e9t\u00e9s \u00e9lectriques du mat\u00e9riau.<\/p>\n<p>Champ optique : Il a des applications importantes dans les mat\u00e9riaux optiques tels que le phosphore et le verre. Par exemple, dans le phosphore, le CePO4 peut \u00eatre utilis\u00e9 comme activateur pour am\u00e9liorer l\u2019efficacit\u00e9 lumineuse et la luminosit\u00e9 du phosphore.<\/p>\n<p>Champ de catalyseur : Il peut \u00eatre utilis\u00e9 comme catalyseur ou support de catalyseur pour catalyser certaines r\u00e9actions chimiques, telles que la r\u00e9action d\u2019oxydation et la r\u00e9action d\u2019hydrog\u00e9nation.<\/p>\n","protected":false},"excerpt":{"rendered":"<p>La poudre de phosphate de c\u00e9rium est un compos\u00e9 inorganique important.<\/p>\n<p>Science des mat\u00e9riaux\u00a0: il peut \u00eatre utilis\u00e9 dans la pr\u00e9paration de mat\u00e9riaux c\u00e9ramiques \u00e9lectroniques, tels que les mat\u00e9riaux di\u00e9lectriques, les mat\u00e9riaux pi\u00e9zo\u00e9lectriques et d\u2019autres additifs, peut am\u00e9liorer les propri\u00e9t\u00e9s \u00e9lectriques du mat\u00e9riau.<\/p>\n<p>Champ optique : Il a des applications importantes dans les mat\u00e9riaux optiques tels que le phosphore et le verre. Par exemple, dans le phosphore, le phosphate de c\u00e9rium peut \u00eatre utilis\u00e9 comme activateur pour am\u00e9liorer l\u2019efficacit\u00e9 lumineuse et la luminosit\u00e9 du phosphore.<\/p>\n<p>&nbsp;<\/p>\n","protected":false},"featured_media":1034036,"comment_status":"open","ping_status":"closed","template":"","meta":{"_acf_changed":false},"product_brand":[],"product_cat":[166],"product_tag":[],"class_list":{"0":"post-1027162","1":"product","2":"type-product","3":"status-publish","4":"has-post-thumbnail","6":"product_cat-uncategorized-fr","8":"first","9":"instock","10":"shipping-taxable","11":"purchasable","12":"product-type-variable"},"acf":[],"_links":{"self":[{"href":"https:\/\/vimaterial.de\/fr\/wp-json\/wp\/v2\/product\/1027162","targetHints":{"allow":["GET"]}}],"collection":[{"href":"https:\/\/vimaterial.de\/fr\/wp-json\/wp\/v2\/product"}],"about":[{"href":"https:\/\/vimaterial.de\/fr\/wp-json\/wp\/v2\/types\/product"}],"replies":[{"embeddable":true,"href":"https:\/\/vimaterial.de\/fr\/wp-json\/wp\/v2\/comments?post=1027162"}],"wp:featuredmedia":[{"embeddable":true,"href":"https:\/\/vimaterial.de\/fr\/wp-json\/wp\/v2\/media\/1034036"}],"wp:attachment":[{"href":"https:\/\/vimaterial.de\/fr\/wp-json\/wp\/v2\/media?parent=1027162"}],"wp:term":[{"taxonomy":"product_brand","embeddable":true,"href":"https:\/\/vimaterial.de\/fr\/wp-json\/wp\/v2\/product_brand?post=1027162"},{"taxonomy":"product_cat","embeddable":true,"href":"https:\/\/vimaterial.de\/fr\/wp-json\/wp\/v2\/product_cat?post=1027162"},{"taxonomy":"product_tag","embeddable":true,"href":"https:\/\/vimaterial.de\/fr\/wp-json\/wp\/v2\/product_tag?post=1027162"}],"curies":[{"name":"wp","href":"https:\/\/api.w.org\/{rel}","templated":true}]}}