{"id":1027154,"date":"2024-06-17T16:05:15","date_gmt":"2024-06-17T08:05:15","guid":{"rendered":"https:\/\/vimaterial.de\/product\/alliage-de-cerium-et-de-samarium\/"},"modified":"2024-10-24T14:16:21","modified_gmt":"2024-10-24T06:16:21","slug":"alliage-de-samarium-de-cerium","status":"publish","type":"product","link":"https:\/\/vimaterial.de\/fr\/product\/alliage-de-samarium-de-cerium\/","title":{"rendered":"Alliage de samarium de c\u00e9rium"},"content":{"rendered":"<h3>Informations de base<\/h3>\n<p>Composition et formule chimique : La cible CeSm est principalement compos\u00e9e de c\u00e9rium (Ce) et de samarium (Sm).<\/p>\n<p>Structure atomique : Le num\u00e9ro atomique du c\u00e9rium est 58. Apparence et forme : G\u00e9n\u00e9ralement de forme ronde ou rectangulaire sous forme de plaque plate pour s\u2019adapter \u00e0 diff\u00e9rents \u00e9quipements de d\u00e9p\u00f4t physique en phase vapeur (PVD).<\/p>\n<p>Point de fusion et stabilit\u00e9 thermique : le point de fusion se situe \u00e9galement entre le point de fusion du c\u00e9rium et du samarium, le point de fusion du c\u00e9rium est de 798 \u00b0C, le point de fusion du samarium est de 1074 \u00b0C.<\/p>\n<p>Propri\u00e9t\u00e9s \u00e9lectriques et magn\u00e9tiques : \u00c9tant donn\u00e9 que le c\u00e9rium et le samarium ont certaines propri\u00e9t\u00e9s magn\u00e9tiques et \u00e9lectriques, les cibles CeSm pr\u00e9sentent \u00e9galement des propri\u00e9t\u00e9s \u00e9lectriques et magn\u00e9tiques complexes.<\/p>\n<h3>Domaines d\u2019application<\/h3>\n<p>\u00c9lectronique : Utilis\u00e9 dans la fabrication de films magn\u00e9tiques, tels que dans les dispositifs de stockage magn\u00e9tique tels que les disques durs, o\u00f9 les films Alliage de samarium de c\u00e9rium\u00a0sont d\u00e9pos\u00e9s \u00e0 la surface du disque par la technologie de d\u00e9p\u00f4t physique en phase vapeur, ce qui peut am\u00e9liorer la densit\u00e9 de stockage et les performances de lecture\/\u00e9criture.<\/p>\n<p>Champ optique : jouer un r\u00f4le dans la pr\u00e9paration des films optiques, par exemple en tant que composant de filtres optiques ou de rev\u00eatements miroirs. les propri\u00e9t\u00e9s optiques des films en Alliage de samarium de c\u00e9rium peuvent \u00eatre utilis\u00e9s pour r\u00e9guler la r\u00e9flexion, la r\u00e9fraction et l\u2019absorption de la lumi\u00e8re, et sont utilis\u00e9s dans des domaines tels que la technologie laser et les communications optiques.<\/p>\n<p>Recherche en science des mat\u00e9riaux : En tant qu\u2019outil permettant d\u2019\u00e9tudier les propri\u00e9t\u00e9s physiques et chimiques des films d\u2019alliage de terres rares, il est utilis\u00e9 pour pr\u00e9parer divers films \u00e0 base de CeSm en laboratoire, pour \u00e9tudier leurs propri\u00e9t\u00e9s magn\u00e9tiques, leurs propri\u00e9t\u00e9s \u00e9lectriques et leurs propri\u00e9t\u00e9s interfaciales avec d\u2019autres mat\u00e9riaux, et pour fournir des bases exp\u00e9rimentales pour le d\u00e9veloppement de nouveaux mat\u00e9riaux.<\/p>\n","protected":false},"excerpt":{"rendered":"<p>\u00c9lectronique : Alliage de samarium de c\u00e9rium Utilis\u00e9 dans la fabrication de films magn\u00e9tiques, tels que dans les dispositifs de stockage magn\u00e9tiques tels que les disques durs, o\u00f9 les films Alliage de samarium de c\u00e9rium sont d\u00e9pos\u00e9s \u00e0 la surface du disque par la technologie de d\u00e9p\u00f4t physique en phase vapeur, ce qui peut am\u00e9liorer la densit\u00e9 de stockage et les performances de lecture\/\u00e9criture.<\/p>\n<p>Champ optique : jouer un r\u00f4le dans la pr\u00e9paration des films optiques, par exemple en tant que composant de filtres optiques ou de rev\u00eatements miroirs. les propri\u00e9t\u00e9s optiques des films en Alliage de samarium de c\u00e9rium peuvent \u00eatre utilis\u00e9s pour r\u00e9guler la r\u00e9flexion, la r\u00e9fraction et l\u2019absorption de la lumi\u00e8re, et sont utilis\u00e9s dans des domaines tels que la technologie laser et les communications optiques.<\/p>\n","protected":false},"featured_media":1034051,"comment_status":"open","ping_status":"closed","template":"","meta":{"_acf_changed":false},"product_brand":[],"product_cat":[235],"product_tag":[],"class_list":{"0":"post-1027154","1":"product","2":"type-product","3":"status-publish","4":"has-post-thumbnail","6":"product_cat-cibles-de-pulverisation-planaire","8":"first","9":"instock","10":"shipping-taxable","11":"product-type-variable"},"acf":[],"_links":{"self":[{"href":"https:\/\/vimaterial.de\/fr\/wp-json\/wp\/v2\/product\/1027154","targetHints":{"allow":["GET"]}}],"collection":[{"href":"https:\/\/vimaterial.de\/fr\/wp-json\/wp\/v2\/product"}],"about":[{"href":"https:\/\/vimaterial.de\/fr\/wp-json\/wp\/v2\/types\/product"}],"replies":[{"embeddable":true,"href":"https:\/\/vimaterial.de\/fr\/wp-json\/wp\/v2\/comments?post=1027154"}],"wp:featuredmedia":[{"embeddable":true,"href":"https:\/\/vimaterial.de\/fr\/wp-json\/wp\/v2\/media\/1034051"}],"wp:attachment":[{"href":"https:\/\/vimaterial.de\/fr\/wp-json\/wp\/v2\/media?parent=1027154"}],"wp:term":[{"taxonomy":"product_brand","embeddable":true,"href":"https:\/\/vimaterial.de\/fr\/wp-json\/wp\/v2\/product_brand?post=1027154"},{"taxonomy":"product_cat","embeddable":true,"href":"https:\/\/vimaterial.de\/fr\/wp-json\/wp\/v2\/product_cat?post=1027154"},{"taxonomy":"product_tag","embeddable":true,"href":"https:\/\/vimaterial.de\/fr\/wp-json\/wp\/v2\/product_tag?post=1027154"}],"curies":[{"name":"wp","href":"https:\/\/api.w.org\/{rel}","templated":true}]}}