{"id":1027146,"date":"2024-06-17T16:05:15","date_gmt":"2024-06-17T08:05:15","guid":{"rendered":"https:\/\/vimaterial.de\/product\/siliciure-de-cerium\/"},"modified":"2024-10-24T13:57:30","modified_gmt":"2024-10-24T05:57:30","slug":"siliciure-de-cerium","status":"publish","type":"product","link":"https:\/\/vimaterial.de\/fr\/product\/siliciure-de-cerium\/","title":{"rendered":"Siliciure de c\u00e9rium"},"content":{"rendered":"<h3>Informations de base<\/h3>\n<p>Formule chimique : CeSi2, compos\u00e9 de deux \u00e9l\u00e9ments, le c\u00e9rium (Ce) et le silicium (Si), dont le c\u00e9rium est un \u00e9l\u00e9ment de terre rare qui joue un r\u00f4le important dans les propri\u00e9t\u00e9s chimiques et physiques du compos\u00e9.<\/p>\n<p>Poids mol\u00e9culaire : environ 196,3 g\/mol.<\/p>\n<p>Num\u00e9ro CAS : 12014 &#8211; 85 &#8211; 6.<\/p>\n<p>Apparence\u00a0: G\u00e9n\u00e9ralement une poudre grise.<\/p>\n<p>Densit\u00e9 : La densit\u00e9 est \u00e9lev\u00e9e, environ 4,84 g\/cm\u00b3.<\/p>\n<p>Point de fusion et d\u2019\u00e9bullition : Le point de fusion est d\u2019environ 1620\u00b0C. Le point de fusion \u00e9lev\u00e9 indique qu\u2019il peut \u00eatre utilis\u00e9 dans un large \u00e9ventail d\u2019applications.<\/p>\n<p>Structure cristalline : Structure cristalline t\u00e9tragonale.<\/p>\n<h3>Domaines d\u2019application<\/h3>\n<p>Mat\u00e9riaux \u00e9lectroniques : siliciure de c\u00e9rium En tant que mat\u00e9riaux semi-conducteurs, ils sont utilis\u00e9s dans la fabrication de dispositifs \u00e9lectroniques, tels que les transistors et les circuits int\u00e9gr\u00e9s. Ses propri\u00e9t\u00e9s semi-conductrices peuvent \u00eatre utilis\u00e9es pour contr\u00f4ler la conduction de courant et le traitement du signal, et jouent un r\u00f4le dans la miniaturisation et les hautes performances des dispositifs \u00e9lectroniques.<\/p>\n<p>Domaine des mat\u00e9riaux thermo\u00e9lectriques : Le siliciure de c\u00e9rium a des applications potentielles dans la conversion thermo\u00e9lectrique. En raison de leurs propri\u00e9t\u00e9s \u00e9lectriques et thermiques particuli\u00e8res, ils sont capables de convertir la chaleur et l\u2019\u00e9lectricit\u00e9 l\u2019une en l\u2019autre, et peuvent \u00eatre utilis\u00e9s pour pr\u00e9parer des \u00e9quipements tels que des g\u00e9n\u00e9rateurs thermo\u00e9lectriques ou des refroidisseurs thermo\u00e9lectriques pour am\u00e9liorer l\u2019efficacit\u00e9 de l\u2019utilisation de l\u2019\u00e9nergie.<\/p>\n<p>Domaine de recherche en science des mat\u00e9riaux : C\u2019est un mat\u00e9riau important pour l\u2019\u00e9tude des propri\u00e9t\u00e9s des compos\u00e9s de terres rares et de silicium. Gr\u00e2ce \u00e0 l\u2019\u00e9tude de la recherche, nous pouvons acqu\u00e9rir une compr\u00e9hension approfondie de l\u2019interaction entre les \u00e9l\u00e9ments de terres rares et les \u00e9l\u00e9ments de silicium, ainsi que de l\u2019impact de cette interaction sur les propri\u00e9t\u00e9s physiques et chimiques des mat\u00e9riaux, fournissant une base th\u00e9orique et exp\u00e9rimentale pour le d\u00e9veloppement de nouveaux mat\u00e9riaux.<\/p>\n","protected":false},"excerpt":{"rendered":"<p>Mat\u00e9riaux \u00e9lectroniques :Siliciure de c\u00e9rium En tant que mat\u00e9riaux semi-conducteurs, ils sont utilis\u00e9s dans la fabrication de dispositifs \u00e9lectroniques, tels que les transistors et les circuits int\u00e9gr\u00e9s. Ses propri\u00e9t\u00e9s semi-conductrices peuvent \u00eatre utilis\u00e9es pour contr\u00f4ler la conduction de courant et le traitement du signal, et jouent un r\u00f4le dans la miniaturisation et les hautes performances des dispositifs \u00e9lectroniques.<\/p>\n<p>Domaine des mat\u00e9riaux thermo\u00e9lectriques : Le siliciure de c\u00e9rium a des applications potentielles dans la conversion thermo\u00e9lectrique. En raison de leurs propri\u00e9t\u00e9s \u00e9lectriques et thermiques particuli\u00e8res, ils sont capables de convertir la chaleur et l\u2019\u00e9lectricit\u00e9 l\u2019une en l\u2019autre, et peuvent \u00eatre utilis\u00e9s pour pr\u00e9parer des \u00e9quipements tels que des g\u00e9n\u00e9rateurs thermo\u00e9lectriques ou des refroidisseurs thermo\u00e9lectriques pour am\u00e9liorer l\u2019efficacit\u00e9 de l\u2019utilisation de l\u2019\u00e9nergie.<\/p>\n","protected":false},"featured_media":1034046,"comment_status":"open","ping_status":"closed","template":"","meta":{"_acf_changed":false},"product_brand":[],"product_cat":[241,240],"product_tag":[],"class_list":{"0":"post-1027146","1":"product","2":"type-product","3":"status-publish","4":"has-post-thumbnail","6":"product_cat-materiaux-a-base-de-terres-rares","7":"product_cat-materiaux-c-n-b-si","9":"first","10":"instock","11":"shipping-taxable","12":"product-type-variable"},"acf":[],"_links":{"self":[{"href":"https:\/\/vimaterial.de\/fr\/wp-json\/wp\/v2\/product\/1027146","targetHints":{"allow":["GET"]}}],"collection":[{"href":"https:\/\/vimaterial.de\/fr\/wp-json\/wp\/v2\/product"}],"about":[{"href":"https:\/\/vimaterial.de\/fr\/wp-json\/wp\/v2\/types\/product"}],"replies":[{"embeddable":true,"href":"https:\/\/vimaterial.de\/fr\/wp-json\/wp\/v2\/comments?post=1027146"}],"wp:featuredmedia":[{"embeddable":true,"href":"https:\/\/vimaterial.de\/fr\/wp-json\/wp\/v2\/media\/1034046"}],"wp:attachment":[{"href":"https:\/\/vimaterial.de\/fr\/wp-json\/wp\/v2\/media?parent=1027146"}],"wp:term":[{"taxonomy":"product_brand","embeddable":true,"href":"https:\/\/vimaterial.de\/fr\/wp-json\/wp\/v2\/product_brand?post=1027146"},{"taxonomy":"product_cat","embeddable":true,"href":"https:\/\/vimaterial.de\/fr\/wp-json\/wp\/v2\/product_cat?post=1027146"},{"taxonomy":"product_tag","embeddable":true,"href":"https:\/\/vimaterial.de\/fr\/wp-json\/wp\/v2\/product_tag?post=1027146"}],"curies":[{"name":"wp","href":"https:\/\/api.w.org\/{rel}","templated":true}]}}