{"id":1027116,"date":"2024-06-17T16:05:15","date_gmt":"2024-06-17T08:05:15","guid":{"rendered":"https:\/\/vimaterial.de\/product\/oxyde-de-praseodyme-4\/"},"modified":"2024-10-24T15:09:05","modified_gmt":"2024-10-24T07:09:05","slug":"oxyde-de-praseodyme-4","status":"publish","type":"product","link":"https:\/\/vimaterial.de\/fr\/product\/oxyde-de-praseodyme-4\/","title":{"rendered":"Oxyde de pras\u00e9odyme"},"content":{"rendered":"<p>La poudre d\u2019oxyde de pras\u00e9odyme est un mat\u00e9riau important \u00e0 base d\u2019oxyde de terres rares.<\/p>\n<h3>Informations de base :<\/h3>\n<p>Formule chimique :, se compose de l\u2019\u00e9l\u00e9ment de terre rare pras\u00e9odyme (Pr) et d\u2019oxyg\u00e8ne, dans lequel le pras\u00e9odyme pr\u00e9sente une valence de +3.<\/p>\n<p>Poids mol\u00e9culaire : environ 329,81 g\/mol.<\/p>\n<p>Apparence : G\u00e9n\u00e9ralement un solide en poudre jaun\u00e2tre \u00e0 brun fonc\u00e9.<\/p>\n<p>Densit\u00e9 : environ 6,77 g\/cm\u00b3.<\/p>\n<p>Point de fusion : 2410\u00b0C.<\/p>\n<p>Structure cristalline : avec structure de syst\u00e8me cristallin hexagonal.<\/p>\n<h3>Propri\u00e9t\u00e9s chimiques :<\/h3>\n<p>R\u00e9action avec l\u2019eau : r\u00e9agit avec l\u2019eau pour g\u00e9n\u00e9rer et \u00e9mettre une grande quantit\u00e9 de chaleur.<\/p>\n<p>R\u00e9action avec l\u2019acide : il peut r\u00e9agir avec l\u2019acide pour former le sel correspondant, comme r\u00e9agir avec l\u2019acide chlorhydrique pour former du chlorure de pras\u00e9odyme.<\/p>\n<h3>Domaine d\u2019application :<\/h3>\n<p>Mat\u00e9riaux optiques : L\u2019oxyde de pras\u00e9odyme peut \u00eatre utilis\u00e9 dans la fabrication de verre optique, de fibres optiques, etc. L\u2019ajout de verre peut modifier les propri\u00e9t\u00e9s optiques du verre, telles que l\u2019absorption et la transmission de longueurs d\u2019onde sp\u00e9cifiques de la lumi\u00e8re, et peut \u00e9galement \u00eatre utilis\u00e9 pour fabriquer des mat\u00e9riaux laser.<\/p>\n<p>Mat\u00e9riaux c\u00e9ramiques\u00a0: L\u2019oxyde de pras\u00e9odyme ajout\u00e9 aux formulations c\u00e9ramiques, il peut am\u00e9liorer les propri\u00e9t\u00e9s physiques des c\u00e9ramiques, telles que l\u2019am\u00e9lioration de la duret\u00e9, de la r\u00e9sistance \u00e0 l\u2019usure et de la r\u00e9sistance aux hautes temp\u00e9ratures, et peut donner des couleurs uniques \u00e0 la c\u00e9ramique.<\/p>\n<p>Catalyseurs : Ils peuvent \u00eatre utilis\u00e9s comme catalyseurs ou pr\u00e9curseurs de catalyseurs pour certaines r\u00e9actions chimiques, par exemple dans les domaines du traitement des gaz d\u2019\u00e9chappement des automobiles et de la fabrication de produits chimiques.<\/p>\n<p>Mat\u00e9riau magn\u00e9tique : Il est utile pour la pr\u00e9paration du mat\u00e9riau magn\u00e9tique et peut \u00eatre combin\u00e9 avec d\u2019autres \u00e9l\u00e9ments pour am\u00e9liorer les performances du mat\u00e9riau magn\u00e9tique.<\/p>\n","protected":false},"excerpt":{"rendered":"<p>La poudre d\u2019oxyde de pras\u00e9odyme est un mat\u00e9riau important \u00e0 base d\u2019oxyde de terres rares.<\/p>\n<p>Mat\u00e9riaux optiques : L\u2019oxyde de pras\u00e9odyme peut \u00eatre utilis\u00e9 dans la fabrication de verre optique, de fibres optiques, etc. L\u2019ajout de verre peut modifier les propri\u00e9t\u00e9s optiques du verre, telles que l\u2019absorption et la transmission de longueurs d\u2019onde sp\u00e9cifiques de la lumi\u00e8re, et peut \u00e9galement \u00eatre utilis\u00e9 pour fabriquer des mat\u00e9riaux laser.<\/p>\n<p>Mat\u00e9riaux c\u00e9ramiques : ajout\u00e9 aux formulations c\u00e9ramiques, il peut am\u00e9liorer les propri\u00e9t\u00e9s physiques des c\u00e9ramiques, telles que l\u2019am\u00e9lioration de la duret\u00e9, de la r\u00e9sistance \u00e0 l\u2019usure et de la r\u00e9sistance aux hautes temp\u00e9ratures, et peut donner des couleurs uniques \u00e0 la c\u00e9ramique.<\/p>\n<p>&nbsp;<\/p>\n","protected":false},"featured_media":1034066,"comment_status":"open","ping_status":"closed","template":"","meta":{"_acf_changed":false},"product_brand":[],"product_cat":[241,243],"product_tag":[],"class_list":{"0":"post-1027116","1":"product","2":"type-product","3":"status-publish","4":"has-post-thumbnail","6":"product_cat-materiaux-a-base-de-terres-rares","7":"product_cat-materiaux-oxydes-hydroxydes","9":"first","10":"instock","11":"shipping-taxable","12":"product-type-variable"},"acf":[],"_links":{"self":[{"href":"https:\/\/vimaterial.de\/fr\/wp-json\/wp\/v2\/product\/1027116","targetHints":{"allow":["GET"]}}],"collection":[{"href":"https:\/\/vimaterial.de\/fr\/wp-json\/wp\/v2\/product"}],"about":[{"href":"https:\/\/vimaterial.de\/fr\/wp-json\/wp\/v2\/types\/product"}],"replies":[{"embeddable":true,"href":"https:\/\/vimaterial.de\/fr\/wp-json\/wp\/v2\/comments?post=1027116"}],"wp:featuredmedia":[{"embeddable":true,"href":"https:\/\/vimaterial.de\/fr\/wp-json\/wp\/v2\/media\/1034066"}],"wp:attachment":[{"href":"https:\/\/vimaterial.de\/fr\/wp-json\/wp\/v2\/media?parent=1027116"}],"wp:term":[{"taxonomy":"product_brand","embeddable":true,"href":"https:\/\/vimaterial.de\/fr\/wp-json\/wp\/v2\/product_brand?post=1027116"},{"taxonomy":"product_cat","embeddable":true,"href":"https:\/\/vimaterial.de\/fr\/wp-json\/wp\/v2\/product_cat?post=1027116"},{"taxonomy":"product_tag","embeddable":true,"href":"https:\/\/vimaterial.de\/fr\/wp-json\/wp\/v2\/product_tag?post=1027116"}],"curies":[{"name":"wp","href":"https:\/\/api.w.org\/{rel}","templated":true}]}}