{"id":1027113,"date":"2024-06-17T16:05:15","date_gmt":"2024-06-17T08:05:15","guid":{"rendered":"https:\/\/vimaterial.de\/product\/oxyde-de-praseodyme-3\/"},"modified":"2024-10-24T14:56:37","modified_gmt":"2024-10-24T06:56:37","slug":"oxyde-de-praseodyme-3","status":"publish","type":"product","link":"https:\/\/vimaterial.de\/fr\/product\/oxyde-de-praseodyme-3\/","title":{"rendered":"Oxyde de pras\u00e9odyme"},"content":{"rendered":"<h3>Informations de base<\/h3>\n<p>Formule chimique : Pr2O3, compos\u00e9 des \u00e9l\u00e9ments pras\u00e9odyme (Pr) et oxyg\u00e8ne (O), dont le pras\u00e9odyme est un \u00e9l\u00e9ment de terre rare qui pr\u00e9sente une valence de +3 dans ce compos\u00e9.<\/p>\n<p>Poids mol\u00e9culaire : environ 329,81 g\/mol. N\u00b0 CAS 12037 &#8211; 29 &#8211; 5.<\/p>\n<p>Aspect et couleur : G\u00e9n\u00e9ralement des granules jaune-vert ou noir-vert.<\/p>\n<p>Densit\u00e9 : Haute densit\u00e9, environ 7,07 g\/cm\u00b3.<\/p>\n<p>Point de fusion et point d\u2019\u00e9bullition : le point de fusion est d\u2019environ 2307\u00b0C, le point d\u2019\u00e9bullition est d\u2019environ 4000\u00b0C.<\/p>\n<p>Solubilit\u00e9 : Difficile \u00e0 dissoudre dans l\u2019eau, la solubilit\u00e9 dans l\u2019eau est extr\u00eamement faible.<\/p>\n<p>Structure cristalline : Il a une structure cristalline cubique.<\/p>\n<h3>Domaines d\u2019application<\/h3>\n<p>Domaine des mat\u00e9riaux optiques\u00a0: L\u2019oxyde de pras\u00e9odyme en raison de ses propri\u00e9t\u00e9s optiques sp\u00e9ciales, telles que l\u2019absorption et l\u2019\u00e9mission de longueurs d\u2019onde sp\u00e9cifiques de la lumi\u00e8re, il peut \u00eatre utilis\u00e9 dans la fabrication de verre optique, de fibres optiques et d\u2019autres mat\u00e9riaux.<\/p>\n<p>Mat\u00e9riaux magn\u00e9tiques : Le pras\u00e9odyme a des propri\u00e9t\u00e9s magn\u00e9tiques sp\u00e9ciales et peut \u00eatre utilis\u00e9 comme mati\u00e8re premi\u00e8re pour la pr\u00e9paration de mat\u00e9riaux magn\u00e9tiques. Champ catalytique : Il peut \u00eatre utilis\u00e9 comme catalyseur ou pr\u00e9curseur d\u2019un catalyseur dans certaines r\u00e9actions chimiques.<\/p>\n<p>Dans le domaine des mat\u00e9riaux c\u00e9ramiques : L\u2019oxyde de pras\u00e9odyme peut \u00eatre utilis\u00e9 pour pr\u00e9parer des mat\u00e9riaux c\u00e9ramiques aux propri\u00e9t\u00e9s particuli\u00e8res.<\/p>\n","protected":false},"excerpt":{"rendered":"<p>Domaine des mat\u00e9riaux optiques\u00a0: L\u2019oxyde de pras\u00e9odyme en raison de ses propri\u00e9t\u00e9s optiques sp\u00e9ciales, telles que l\u2019absorption et l\u2019\u00e9mission de longueurs d\u2019onde sp\u00e9cifiques de la lumi\u00e8re, il peut \u00eatre utilis\u00e9 dans la fabrication de verre optique, de fibres optiques et d\u2019autres mat\u00e9riaux.<\/p>\n<p>Mat\u00e9riaux magn\u00e9tiques : Le pras\u00e9odyme a des propri\u00e9t\u00e9s magn\u00e9tiques sp\u00e9ciales et peut \u00eatre utilis\u00e9 comme mati\u00e8re premi\u00e8re pour la pr\u00e9paration de mat\u00e9riaux magn\u00e9tiques.<\/p>\n","protected":false},"featured_media":1034061,"comment_status":"open","ping_status":"closed","template":"","meta":{"_acf_changed":false},"product_brand":[],"product_cat":[236],"product_tag":[],"class_list":{"0":"post-1027113","1":"product","2":"type-product","3":"status-publish","4":"has-post-thumbnail","6":"product_cat-materiaux-devaporation","8":"first","9":"instock","10":"shipping-taxable","11":"purchasable","12":"product-type-variable"},"acf":[],"_links":{"self":[{"href":"https:\/\/vimaterial.de\/fr\/wp-json\/wp\/v2\/product\/1027113","targetHints":{"allow":["GET"]}}],"collection":[{"href":"https:\/\/vimaterial.de\/fr\/wp-json\/wp\/v2\/product"}],"about":[{"href":"https:\/\/vimaterial.de\/fr\/wp-json\/wp\/v2\/types\/product"}],"replies":[{"embeddable":true,"href":"https:\/\/vimaterial.de\/fr\/wp-json\/wp\/v2\/comments?post=1027113"}],"wp:featuredmedia":[{"embeddable":true,"href":"https:\/\/vimaterial.de\/fr\/wp-json\/wp\/v2\/media\/1034061"}],"wp:attachment":[{"href":"https:\/\/vimaterial.de\/fr\/wp-json\/wp\/v2\/media?parent=1027113"}],"wp:term":[{"taxonomy":"product_brand","embeddable":true,"href":"https:\/\/vimaterial.de\/fr\/wp-json\/wp\/v2\/product_brand?post=1027113"},{"taxonomy":"product_cat","embeddable":true,"href":"https:\/\/vimaterial.de\/fr\/wp-json\/wp\/v2\/product_cat?post=1027113"},{"taxonomy":"product_tag","embeddable":true,"href":"https:\/\/vimaterial.de\/fr\/wp-json\/wp\/v2\/product_tag?post=1027113"}],"curies":[{"name":"wp","href":"https:\/\/api.w.org\/{rel}","templated":true}]}}