{"id":1027069,"date":"2024-06-17T16:05:16","date_gmt":"2024-06-17T08:05:16","guid":{"rendered":"https:\/\/vimaterial.de\/product\/chlorure-de-praseodyme\/"},"modified":"2024-10-24T13:22:10","modified_gmt":"2024-10-24T05:22:10","slug":"chlorure-de-praseodyme","status":"publish","type":"product","link":"https:\/\/vimaterial.de\/fr\/product\/chlorure-de-praseodyme\/","title":{"rendered":"Chlorure de pras\u00e9odyme"},"content":{"rendered":"<p>La poudre de chlorure de pras\u00e9odyme est un compos\u00e9 inorganique important.<\/p>\n<h3>Informations de base :<\/h3>\n<p>Formule chimique : PrCl\u2083.<\/p>\n<p>Poids mol\u00e9culaire : Le chlorure de pras\u00e9odyme anhydre a un poids mol\u00e9culaire de 247,24 g\/mol ; son heptahydrate a un poids mol\u00e9culaire de 373,77 g\/mol.<\/p>\n<p>N\u00b0 CAS : 10361-79-2 (anhydre) ; 17272-46-7 (hexahydrate).<\/p>\n<p>Apparence\u00a0: poudre bleu-vert \u00e0 temp\u00e9rature ambiante.<\/p>\n<p>Densit\u00e9 : Le chlorure de pras\u00e9odyme anhydre a une densit\u00e9 de 4,02 g\/cm\u00b3 ; L\u2019heptahydrate a une densit\u00e9 de 2.250 g\/cm\u00b3.<\/p>\n<p>Point de fusion : 786\u00b0C.<\/p>\n<p>Point d\u2019\u00e9bullition : 1710\u00b0C.<\/p>\n<p>Solubilit\u00e9 : hygroscopique, soluble dans l\u2019eau et l\u2019\u00e9thanol.<\/p>\n<p>Structure cristalline : structure cristalline hexagonale.<\/p>\n<h3>Propri\u00e9t\u00e9s chimiques :<\/h3>\n<p>R\u00e9action d\u2019hydrolyse : La r\u00e9action d\u2019hydrolyse se produira dans un environnement humide pour produire des produits li\u00e9s \u00e0 l\u2019hydroxyde de pras\u00e9odyme.<\/p>\n<p>Stabilit\u00e9 thermique : Il a un certain degr\u00e9 de stabilit\u00e9 thermique, mais peut se d\u00e9composer ou r\u00e9agir avec d\u2019autres substances \u00e0 des temp\u00e9ratures plus \u00e9lev\u00e9es.<\/p>\n<h3>Utilise:<\/h3>\n<p>Domaine industriel\u00a0: Il peut \u00eatre utilis\u00e9 pour la coloration du verre et de la c\u00e9ramique, et peut donner des couleurs sp\u00e9cifiques et des propri\u00e9t\u00e9s optiques aux produits en verre et en c\u00e9ramique. Par exemple, le PrCl\u2083 peut \u00eatre ajout\u00e9 \u00e0 certains verres sp\u00e9ciaux pour leur donner des couleurs et des propri\u00e9t\u00e9s optiques uniques.<\/p>\n<p>R\u00e9actif chimique : En tant que r\u00e9actif chimique important, il est utilis\u00e9 dans l\u2019analyse chimique, la synth\u00e8se et d\u2019autres exp\u00e9riences. Par exemple, le chlorure de pras\u00e9odyme peut \u00eatre utilis\u00e9 comme catalyseur ou r\u00e9actif dans certaines r\u00e9actions chimiques.<\/p>\n<p>Mat\u00e9riaux magn\u00e9tiques : Il est utilis\u00e9 dans la pr\u00e9paration de mat\u00e9riaux magn\u00e9tiques, tels que les mat\u00e9riaux magn\u00e9tiques permanents. La structure \u00e9lectronique sp\u00e9ciale de l\u2019\u00e9l\u00e9ment pras\u00e9odyme lui conf\u00e8re une valeur d\u2019application importante dans les mat\u00e9riaux magn\u00e9tiques, et le chlorure de pras\u00e9odyme est l\u2019une des mati\u00e8res premi\u00e8res importantes pour la pr\u00e9paration de ces mat\u00e9riaux magn\u00e9tiques.<\/p>\n","protected":false},"excerpt":{"rendered":"<p>La poudre de chlorure de pras\u00e9odyme (PrCl\u2083) est un compos\u00e9 inorganique important.<\/p>\n<p>Domaine industriel\u00a0: Il peut \u00eatre utilis\u00e9 pour la coloration du verre et de la c\u00e9ramique, et peut donner des couleurs sp\u00e9cifiques et des propri\u00e9t\u00e9s optiques aux produits en verre et en c\u00e9ramique. Par exemple, le chlorure de pras\u00e9odyme peut \u00eatre ajout\u00e9 \u00e0 certains verres sp\u00e9ciaux pour leur donner des couleurs et des propri\u00e9t\u00e9s optiques uniques.<\/p>\n<p>R\u00e9actif chimique : En tant que r\u00e9actif chimique important, il est utilis\u00e9 dans l\u2019analyse chimique, la synth\u00e8se et d\u2019autres exp\u00e9riences. Par exemple, le chlorure de pras\u00e9odyme peut \u00eatre utilis\u00e9 comme catalyseur ou r\u00e9actif dans certaines r\u00e9actions chimiques.<\/p>\n<p>&nbsp;<\/p>\n","protected":false},"featured_media":1034081,"comment_status":"open","ping_status":"closed","template":"","meta":{"_acf_changed":false},"product_brand":[],"product_cat":[241],"product_tag":[],"class_list":{"0":"post-1027069","1":"product","2":"type-product","3":"status-publish","4":"has-post-thumbnail","6":"product_cat-materiaux-a-base-de-terres-rares","8":"first","9":"instock","10":"shipping-taxable","11":"purchasable","12":"product-type-variable"},"acf":[],"_links":{"self":[{"href":"https:\/\/vimaterial.de\/fr\/wp-json\/wp\/v2\/product\/1027069","targetHints":{"allow":["GET"]}}],"collection":[{"href":"https:\/\/vimaterial.de\/fr\/wp-json\/wp\/v2\/product"}],"about":[{"href":"https:\/\/vimaterial.de\/fr\/wp-json\/wp\/v2\/types\/product"}],"replies":[{"embeddable":true,"href":"https:\/\/vimaterial.de\/fr\/wp-json\/wp\/v2\/comments?post=1027069"}],"wp:featuredmedia":[{"embeddable":true,"href":"https:\/\/vimaterial.de\/fr\/wp-json\/wp\/v2\/media\/1034081"}],"wp:attachment":[{"href":"https:\/\/vimaterial.de\/fr\/wp-json\/wp\/v2\/media?parent=1027069"}],"wp:term":[{"taxonomy":"product_brand","embeddable":true,"href":"https:\/\/vimaterial.de\/fr\/wp-json\/wp\/v2\/product_brand?post=1027069"},{"taxonomy":"product_cat","embeddable":true,"href":"https:\/\/vimaterial.de\/fr\/wp-json\/wp\/v2\/product_cat?post=1027069"},{"taxonomy":"product_tag","embeddable":true,"href":"https:\/\/vimaterial.de\/fr\/wp-json\/wp\/v2\/product_tag?post=1027069"}],"curies":[{"name":"wp","href":"https:\/\/api.w.org\/{rel}","templated":true}]}}