{"id":1026916,"date":"2024-06-17T16:08:36","date_gmt":"2024-06-17T08:08:36","guid":{"rendered":"https:\/\/vimaterial.de\/product\/hydrate-de-nitrate-de-samarium\/"},"modified":"2024-10-24T09:34:46","modified_gmt":"2024-10-24T01:34:46","slug":"hydrate-de-nitrate-de-samarium","status":"publish","type":"product","link":"https:\/\/vimaterial.de\/fr\/product\/hydrate-de-nitrate-de-samarium\/","title":{"rendered":"Samarium Nitrate Hydrate"},"content":{"rendered":"<p>Samarium Nitrate Hydrate\u00a0de samarium est un compos\u00e9 de nitrate de samarium.<\/p>\n<h3>Informations de base :<\/h3>\n<p>Formule chimique :, o\u00f9 indique la quantit\u00e9 d\u2019eau cristalline, g\u00e9n\u00e9ralement du nitrate de samarium hexahydrat\u00e9, c\u2019est-\u00e0-dire n\u00b0 CAS : 10361-83-8.<\/p>\n<p>Apparence\u00a0: poudre cristalline g\u00e9n\u00e9ralement jaune.<\/p>\n<p>Solubilit\u00e9 : facilement soluble dans l\u2019eau et l\u2019\u00e9thanol, d\u00e9liquescente.<\/p>\n<p>Densit\u00e9 : densit\u00e9 relative.<\/p>\n<p>Point de fusion et d\u2019\u00e9bullition : le point de fusion de l\u2019hexahydrate de nitrate de samarium est d\u2019environ 78 \u00b0C, le point d\u2019\u00e9bullition est de 83 \u00b0C (760 mmHg).<\/p>\n<h3>Propri\u00e9t\u00e9s chimiques :<\/h3>\n<p>Stabilit\u00e9 thermique : une r\u00e9action de d\u00e9composition se produira lors du chauffage, avec l\u2019augmentation de la temp\u00e9rature, l\u2019eau de cristallisation sera perdue progressivement, et enfin du nitrate de samarium anhydre sera g\u00e9n\u00e9r\u00e9. Lorsqu\u2019il est chauff\u00e9 davantage, le nitrate de samarium se d\u00e9compose et produit de l\u2019oxyde de samarium et d\u2019autres substances.<\/p>\n<p>Oxydation : L\u2019ion nitrate a certaines propri\u00e9t\u00e9s oxydantes, et il peut montrer des propri\u00e9t\u00e9s oxydantes dans certaines r\u00e9actions.<\/p>\n<h3>Utilise:<\/h3>\n<p>Domaine industriel\u00a0: il peut \u00eatre utilis\u00e9 pour fabriquer des additifs de mat\u00e9riaux d\u2019alliage, par exemple, dans la pr\u00e9paration de certains alliages sp\u00e9ciaux, l\u2019ajout de nitrate de samarium peut am\u00e9liorer les performances de l\u2019alliage.<\/p>\n<p>R\u00e9actif chimique\u00a0: en tant que type de r\u00e9actif chimique, utilis\u00e9 dans l\u2019analyse chimique, la synth\u00e8se et d\u2019autres exp\u00e9riences, peut \u00eatre utilis\u00e9 pour pr\u00e9parer d\u2019autres compos\u00e9s de samarium.<\/p>\n<p>Catalyseur\u00a0: Il peut \u00eatre utilis\u00e9 comme catalyseur ou pr\u00e9curseur du catalyseur dans certaines r\u00e9actions catalytiques, en particulier dans la r\u00e9action de synth\u00e8se organique, il peut jouer le r\u00f4le de catalyseur et favoriser la r\u00e9action.<\/p>\n","protected":false},"excerpt":{"rendered":"<p>Samarium Nitrate Hydrate\u00a0de samarium est un compos\u00e9 de nitrate de samarium.<\/p>\n<p>Domaine industriel : Samarium Nitrate Hydrate de samarium peut \u00eatre utilis\u00e9 pour fabriquer des additifs de mat\u00e9riaux d\u2019alliage, par exemple, dans la pr\u00e9paration de certains alliages sp\u00e9ciaux, l\u2019ajout de nitrate de samarium peut am\u00e9liorer les performances de l\u2019alliage.<\/p>\n<p>R\u00e9actif chimique\u00a0: Samarium Nitrate Hydrate en tant que type de r\u00e9actif chimique, utilis\u00e9 dans l\u2019analyse chimique, la synth\u00e8se et d\u2019autres exp\u00e9riences, peut \u00eatre utilis\u00e9 pour pr\u00e9parer d\u2019autres compos\u00e9s de samarium.<\/p>\n","protected":false},"featured_media":1034181,"comment_status":"open","ping_status":"closed","template":"","meta":{"_acf_changed":false},"product_brand":[],"product_cat":[241],"product_tag":[],"class_list":{"0":"post-1026916","1":"product","2":"type-product","3":"status-publish","4":"has-post-thumbnail","6":"product_cat-materiaux-a-base-de-terres-rares","8":"first","9":"instock","10":"shipping-taxable","11":"purchasable","12":"product-type-variable"},"acf":[],"_links":{"self":[{"href":"https:\/\/vimaterial.de\/fr\/wp-json\/wp\/v2\/product\/1026916","targetHints":{"allow":["GET"]}}],"collection":[{"href":"https:\/\/vimaterial.de\/fr\/wp-json\/wp\/v2\/product"}],"about":[{"href":"https:\/\/vimaterial.de\/fr\/wp-json\/wp\/v2\/types\/product"}],"replies":[{"embeddable":true,"href":"https:\/\/vimaterial.de\/fr\/wp-json\/wp\/v2\/comments?post=1026916"}],"wp:featuredmedia":[{"embeddable":true,"href":"https:\/\/vimaterial.de\/fr\/wp-json\/wp\/v2\/media\/1034181"}],"wp:attachment":[{"href":"https:\/\/vimaterial.de\/fr\/wp-json\/wp\/v2\/media?parent=1026916"}],"wp:term":[{"taxonomy":"product_brand","embeddable":true,"href":"https:\/\/vimaterial.de\/fr\/wp-json\/wp\/v2\/product_brand?post=1026916"},{"taxonomy":"product_cat","embeddable":true,"href":"https:\/\/vimaterial.de\/fr\/wp-json\/wp\/v2\/product_cat?post=1026916"},{"taxonomy":"product_tag","embeddable":true,"href":"https:\/\/vimaterial.de\/fr\/wp-json\/wp\/v2\/product_tag?post=1026916"}],"curies":[{"name":"wp","href":"https:\/\/api.w.org\/{rel}","templated":true}]}}