{"id":1026896,"date":"2024-06-17T16:08:36","date_gmt":"2024-06-17T08:08:36","guid":{"rendered":"https:\/\/vimaterial.de\/product\/oxyde-de-samarium-3\/"},"modified":"2024-10-24T10:13:35","modified_gmt":"2024-10-24T02:13:35","slug":"oxyde-de-samarium-3","status":"publish","type":"product","link":"https:\/\/vimaterial.de\/fr\/product\/oxyde-de-samarium-3\/","title":{"rendered":"Oxyde de samarium"},"content":{"rendered":"<h3>Informations de base :<\/h3>\n<p>Formule chimique : sm\u2082O\u2083, compos\u00e9 de terres rares samarium (Sm) et d\u2019oxyg\u00e8ne (O).<\/p>\n<p>N\u00b0 CAS : 12060 &#8211; 58 &#8211; 1.<\/p>\n<p>Apparence\u00a0: g\u00e9n\u00e9ralement des granul\u00e9s poudreux jaune clair, mais la couleur peut varier l\u00e9g\u00e8rement en fonction de la puret\u00e9, de la taille des particules et d\u2019autres facteurs.<\/p>\n<p>Densit\u00e9\u00a0: La densit\u00e9 relative est \u00e9lev\u00e9e, environ 8,347 g \/ cm\u00b3.<\/p>\n<p>Point de fusion : Point de fusion \u00e9lev\u00e9, environ 2335\u00b0C.<\/p>\n<h3>Propri\u00e9t\u00e9s chimiques :<\/h3>\n<p>Stabilit\u00e9 : il est plus stable \u00e0 temp\u00e9rature et pression ambiantes, mais sa stabilit\u00e9 chimique sera affect\u00e9e dans des environnements difficiles tels que les temp\u00e9ratures \u00e9lev\u00e9es, les acides forts et les alcalis. Il est facile d\u2019absorber le dioxyde de carbone et l\u2019eau dans l\u2019air, et un certain degr\u00e9 de r\u00e9action chimique peut se produire.<\/p>\n<p>Propri\u00e9t\u00e9s oxydantes : il poss\u00e8de un certain degr\u00e9 de propri\u00e9t\u00e9s oxydantes, bien que sa capacit\u00e9 oxydante soit relativement faible.<\/p>\n<h3>Domaine d\u2019application :<\/h3>\n<p>Mat\u00e9riau magn\u00e9tique permanent : L\u2019oxyde de samarium peut \u00eatre utilis\u00e9 pour pr\u00e9parer des aimants permanents de samarium cobalt, qui ont des propri\u00e9t\u00e9s magn\u00e9tiques \u00e9lev\u00e9es et sont largement utilis\u00e9s dans les moteurs \u00e9lectriques, les \u00e9quipements \u00e9lectroniques, l\u2019a\u00e9rospatiale et d\u2019autres domaines.<\/p>\n<p>Verre optique\u00a0: L\u2019oxyde de samarium utilis\u00e9 comme additif du verre optique et du verre absorbant les infrarouges, qui peut absorber le rayonnement infrarouge et utilis\u00e9 pour fabriquer du verre optique sp\u00e9cial.<\/p>\n<p>Catalyseur : Il peut \u00eatre utilis\u00e9 comme catalyseur ou support de catalyseur pour certaines r\u00e9actions chimiques, telles que la d\u00e9shydratation et la d\u00e9shydrog\u00e9nation des alcools.<\/p>\n<p>Mat\u00e9riau de protection contre les neutrons : en raison de la bonne capacit\u00e9 d\u2019absorption des neutrons, il peut \u00eatre utilis\u00e9 pour pr\u00e9parer un mat\u00e9riau de protection contre les neutrons, qui a des applications importantes dans le domaine de l\u2019industrie nucl\u00e9aire.<\/p>\n","protected":false},"excerpt":{"rendered":"<p>L\u2019oxyde de samarium est un oxyde de terres rares important.<\/p>\n<p>Mat\u00e9riau magn\u00e9tique permanent : L\u2019oxyde de samarium peut \u00eatre utilis\u00e9 pour pr\u00e9parer des aimants permanents de samarium cobalt, qui ont des propri\u00e9t\u00e9s magn\u00e9tiques \u00e9lev\u00e9es et sont largement utilis\u00e9s dans les moteurs \u00e9lectriques, les \u00e9quipements \u00e9lectroniques, l\u2019a\u00e9rospatiale et d\u2019autres domaines.<\/p>\n<p>Verre optique\u00a0: utilis\u00e9 comme additif du verre optique et du verre absorbant les infrarouges, qui peut absorber le rayonnement infrarouge et utilis\u00e9 pour fabriquer du verre optique sp\u00e9cial.<\/p>\n<p>&nbsp;<\/p>\n","protected":false},"featured_media":1034191,"comment_status":"open","ping_status":"closed","template":"","meta":{"_acf_changed":false},"product_brand":[],"product_cat":[236],"product_tag":[],"class_list":{"0":"post-1026896","1":"product","2":"type-product","3":"status-publish","4":"has-post-thumbnail","6":"product_cat-materiaux-devaporation","8":"first","9":"instock","10":"shipping-taxable","11":"purchasable","12":"product-type-variable"},"acf":[],"_links":{"self":[{"href":"https:\/\/vimaterial.de\/fr\/wp-json\/wp\/v2\/product\/1026896","targetHints":{"allow":["GET"]}}],"collection":[{"href":"https:\/\/vimaterial.de\/fr\/wp-json\/wp\/v2\/product"}],"about":[{"href":"https:\/\/vimaterial.de\/fr\/wp-json\/wp\/v2\/types\/product"}],"replies":[{"embeddable":true,"href":"https:\/\/vimaterial.de\/fr\/wp-json\/wp\/v2\/comments?post=1026896"}],"wp:featuredmedia":[{"embeddable":true,"href":"https:\/\/vimaterial.de\/fr\/wp-json\/wp\/v2\/media\/1034191"}],"wp:attachment":[{"href":"https:\/\/vimaterial.de\/fr\/wp-json\/wp\/v2\/media?parent=1026896"}],"wp:term":[{"taxonomy":"product_brand","embeddable":true,"href":"https:\/\/vimaterial.de\/fr\/wp-json\/wp\/v2\/product_brand?post=1026896"},{"taxonomy":"product_cat","embeddable":true,"href":"https:\/\/vimaterial.de\/fr\/wp-json\/wp\/v2\/product_cat?post=1026896"},{"taxonomy":"product_tag","embeddable":true,"href":"https:\/\/vimaterial.de\/fr\/wp-json\/wp\/v2\/product_tag?post=1026896"}],"curies":[{"name":"wp","href":"https:\/\/api.w.org\/{rel}","templated":true}]}}