{"id":1026880,"date":"2024-06-17T16:08:36","date_gmt":"2024-06-17T08:08:36","guid":{"rendered":"https:\/\/vimaterial.de\/product\/oxyde-de-samarium-2\/"},"modified":"2024-10-24T10:49:47","modified_gmt":"2024-10-24T02:49:47","slug":"oxyde-de-samarium-2","status":"publish","type":"product","link":"https:\/\/vimaterial.de\/fr\/product\/oxyde-de-samarium-2\/","title":{"rendered":"Oxyde de samarium"},"content":{"rendered":"<p>La poudre d\u2019oxyde de samarium est un oxyde de terres rares important.<\/p>\n<h3>Informations de base :<\/h3>\n<p>Formule chimique : Sm\u2082O\u2083, compos\u00e9 d\u2019\u00e9l\u00e9ments samarium (Sm) et oxyg\u00e8ne (O).<\/p>\n<p>Poids mol\u00e9culaire : 348,80. N\u00b0 CAS : 12060-58-1.<\/p>\n<p>Apparence\u00a0: g\u00e9n\u00e9ralement poudre jaune clair.<\/p>\n<p>Densit\u00e9\u00a0: La densit\u00e9 relative est \u00e9lev\u00e9e, environ 8,347 g \/ cm\u00b3.<\/p>\n<p>Point de fusion : point de fusion \u00e9lev\u00e9, environ 2335\u00b0C.<\/p>\n<p>Solubilit\u00e9 : insoluble dans l\u2019eau, mais soluble dans les acides inorganiques.<\/p>\n<h3>Propri\u00e9t\u00e9s chimiques :<\/h3>\n<p>Stabilit\u00e9 : relativement stable \u00e0 temp\u00e9rature et pression ambiantes, mais absorbe facilement le dioxyde de carbone et l\u2019eau de l\u2019air.<\/p>\n<p>Propri\u00e9t\u00e9s oxydantes : L\u2019oxyde de samarium peut pr\u00e9senter certaines propri\u00e9t\u00e9s oxydantes dans certaines conditions.<\/p>\n<h3>Utilise:<\/h3>\n<p>Dans le domaine des mat\u00e9riaux magn\u00e9tiques permanents\u00a0: L\u2019oxyde de samarium peut \u00eatre utilis\u00e9 pour pr\u00e9parer un aimant permanent de samarium cobalt, qui a des propri\u00e9t\u00e9s magn\u00e9tiques \u00e9lev\u00e9es et est largement utilis\u00e9 dans les domaines des moteurs \u00e9lectriques et des \u00e9quipements \u00e9lectroniques.<\/p>\n<p>Champ de verre optique\u00a0: utilis\u00e9 comme additifs pour le verre absorbant optique et infrarouge, qui peut absorber le rayonnement infrarouge et utilis\u00e9 pour fabriquer du verre optique sp\u00e9cial.<\/p>\n<p>Champ catalytique : Il peut \u00eatre utilis\u00e9 comme catalyseur ou support de catalyseur pour certaines r\u00e9actions chimiques, telles que la d\u00e9shydratation et la d\u00e9shydrog\u00e9nation des alcools.<\/p>\n","protected":false},"excerpt":{"rendered":"<p>La poudre d\u2019oxyde de samarium est un oxyde de terres rares important.<\/p>\n<p>Dans le domaine des mat\u00e9riaux magn\u00e9tiques permanents\u00a0: il peut \u00eatre utilis\u00e9 pour pr\u00e9parer un aimant permanent samarium cobalt, qui a des propri\u00e9t\u00e9s magn\u00e9tiques \u00e9lev\u00e9es et est largement utilis\u00e9 dans les domaines des moteurs \u00e9lectriques et des \u00e9quipements \u00e9lectroniques.<\/p>\n<p>Champ de verre optique\u00a0: utilis\u00e9 comme additifs pour le verre absorbant optique et infrarouge, qui peut absorber le rayonnement infrarouge et utilis\u00e9 pour fabriquer du verre optique sp\u00e9cial.<\/p>\n","protected":false},"featured_media":1034201,"comment_status":"open","ping_status":"closed","template":"","meta":{"_acf_changed":false},"product_brand":[],"product_cat":[241,243],"product_tag":[],"class_list":{"0":"post-1026880","1":"product","2":"type-product","3":"status-publish","4":"has-post-thumbnail","6":"product_cat-materiaux-a-base-de-terres-rares","7":"product_cat-materiaux-oxydes-hydroxydes","9":"first","10":"instock","11":"shipping-taxable","12":"purchasable","13":"product-type-variable"},"acf":[],"_links":{"self":[{"href":"https:\/\/vimaterial.de\/fr\/wp-json\/wp\/v2\/product\/1026880","targetHints":{"allow":["GET"]}}],"collection":[{"href":"https:\/\/vimaterial.de\/fr\/wp-json\/wp\/v2\/product"}],"about":[{"href":"https:\/\/vimaterial.de\/fr\/wp-json\/wp\/v2\/types\/product"}],"replies":[{"embeddable":true,"href":"https:\/\/vimaterial.de\/fr\/wp-json\/wp\/v2\/comments?post=1026880"}],"wp:featuredmedia":[{"embeddable":true,"href":"https:\/\/vimaterial.de\/fr\/wp-json\/wp\/v2\/media\/1034201"}],"wp:attachment":[{"href":"https:\/\/vimaterial.de\/fr\/wp-json\/wp\/v2\/media?parent=1026880"}],"wp:term":[{"taxonomy":"product_brand","embeddable":true,"href":"https:\/\/vimaterial.de\/fr\/wp-json\/wp\/v2\/product_brand?post=1026880"},{"taxonomy":"product_cat","embeddable":true,"href":"https:\/\/vimaterial.de\/fr\/wp-json\/wp\/v2\/product_cat?post=1026880"},{"taxonomy":"product_tag","embeddable":true,"href":"https:\/\/vimaterial.de\/fr\/wp-json\/wp\/v2\/product_tag?post=1026880"}],"curies":[{"name":"wp","href":"https:\/\/api.w.org\/{rel}","templated":true}]}}