{"id":1026878,"date":"2024-06-17T16:08:36","date_gmt":"2024-06-17T08:08:36","guid":{"rendered":"https:\/\/vimaterial.de\/product\/oxyde-de-samarium\/"},"modified":"2024-10-24T10:36:44","modified_gmt":"2024-10-24T02:36:44","slug":"oxyde-de-samarium","status":"publish","type":"product","link":"https:\/\/vimaterial.de\/fr\/product\/oxyde-de-samarium\/","title":{"rendered":"Oxyde de samarium"},"content":{"rendered":"<p>Les flocons de Sm\u2082O\u2083 sont des mat\u00e9riaux en flocons compos\u00e9s d\u2019oxyde de samarium. La formule chimique de l\u2019oxyde de samarium est Sm\u2082O\u2083, dans lequel le samarium (Sm) est un \u00e9l\u00e9ment de terre rare de num\u00e9ro atomique 62.Ce mat\u00e9riau h\u00e9rite des propri\u00e9t\u00e9s chimiques de base de Sm\u2082O\u2083, et en m\u00eame temps poss\u00e8de des propri\u00e9t\u00e9s physiques sp\u00e9ciales en raison de la structure de la feuille.<\/p>\n<h3>Informations de base<\/h3>\n<p>Apparence et forme : Il appara\u00eet sous forme de flocons, et l\u2019\u00e9paisseur, la taille et d\u2019autres dimensions des flocons peuvent varier en fonction de la m\u00e9thode de pr\u00e9paration et de l\u2019application. Couleur et transparence : G\u00e9n\u00e9ralement jaun\u00e2tre.<\/p>\n<p>Densit\u00e9 et duret\u00e9 : la densit\u00e9 est d\u2019environ 8,347 g\/cm\u00b3.<\/p>\n<h3>Domaines d\u2019application<\/h3>\n<p>Dans le domaine des mat\u00e9riaux \u00e9lectroniques, il peut \u00eatre utilis\u00e9 comme couche isolante ou mat\u00e9riau di\u00e9lectrique dans les appareils \u00e9lectroniques. Comme sa structure en flocons peut fournir de bonnes performances d\u2019isolation et certaines caract\u00e9ristiques de capacit\u00e9, il peut \u00eatre utilis\u00e9 pour fabriquer des composants \u00e9lectroniques tels que des condensateurs.<\/p>\n<p>Champ optique : Il peut \u00eatre utilis\u00e9 pour fabriquer des filtres optiques ou des fen\u00eatres optiques. Il peut \u00eatre utilis\u00e9 pour filtrer ou r\u00e9guler la lumi\u00e8re par ses propri\u00e9t\u00e9s d\u2019absorption et de transmission de longueurs d\u2019onde sp\u00e9cifiques de la lumi\u00e8re.<\/p>\n<p>Champ catalytique : En tant que support de catalyseur, sa structure lamellaire peut augmenter la surface de charge de la substance active et am\u00e9liorer l\u2019efficacit\u00e9 catalytique du catalyseur.<\/p>\n","protected":false},"excerpt":{"rendered":"<p>Les flocons de Sm\u2082O\u2083 sont des mat\u00e9riaux en flocons compos\u00e9s d\u2019oxyde de samarium. La formule chimique de l\u2019oxyde de samarium est Sm\u2082O\u2083, dans lequel le samarium (Sm) est un \u00e9l\u00e9ment de terre rare de num\u00e9ro atomique 62.Ce mat\u00e9riau h\u00e9rite des propri\u00e9t\u00e9s chimiques de base de Sm\u2082O\u2083, et en m\u00eame temps poss\u00e8de des propri\u00e9t\u00e9s physiques sp\u00e9ciales en raison de la structure de la feuille. Dans le domaine des mat\u00e9riaux \u00e9lectroniques, il peut \u00eatre utilis\u00e9 comme couche isolante ou mat\u00e9riau di\u00e9lectrique dans les appareils \u00e9lectroniques. Comme sa structure en flocons peut fournir de bonnes performances d\u2019isolation et certaines caract\u00e9ristiques de capacit\u00e9, il peut \u00eatre utilis\u00e9 pour fabriquer des composants \u00e9lectroniques tels que des condensateurs.<\/p>\n<p>&nbsp;<\/p>\n<p>&nbsp;<\/p>\n","protected":false},"featured_media":1034196,"comment_status":"open","ping_status":"closed","template":"","meta":{"_acf_changed":false},"product_brand":[],"product_cat":[236],"product_tag":[],"class_list":{"0":"post-1026878","1":"product","2":"type-product","3":"status-publish","4":"has-post-thumbnail","6":"product_cat-materiaux-devaporation","8":"first","9":"instock","10":"shipping-taxable","11":"purchasable","12":"product-type-variable"},"acf":[],"_links":{"self":[{"href":"https:\/\/vimaterial.de\/fr\/wp-json\/wp\/v2\/product\/1026878","targetHints":{"allow":["GET"]}}],"collection":[{"href":"https:\/\/vimaterial.de\/fr\/wp-json\/wp\/v2\/product"}],"about":[{"href":"https:\/\/vimaterial.de\/fr\/wp-json\/wp\/v2\/types\/product"}],"replies":[{"embeddable":true,"href":"https:\/\/vimaterial.de\/fr\/wp-json\/wp\/v2\/comments?post=1026878"}],"wp:featuredmedia":[{"embeddable":true,"href":"https:\/\/vimaterial.de\/fr\/wp-json\/wp\/v2\/media\/1034196"}],"wp:attachment":[{"href":"https:\/\/vimaterial.de\/fr\/wp-json\/wp\/v2\/media?parent=1026878"}],"wp:term":[{"taxonomy":"product_brand","embeddable":true,"href":"https:\/\/vimaterial.de\/fr\/wp-json\/wp\/v2\/product_brand?post=1026878"},{"taxonomy":"product_cat","embeddable":true,"href":"https:\/\/vimaterial.de\/fr\/wp-json\/wp\/v2\/product_cat?post=1026878"},{"taxonomy":"product_tag","embeddable":true,"href":"https:\/\/vimaterial.de\/fr\/wp-json\/wp\/v2\/product_tag?post=1026878"}],"curies":[{"name":"wp","href":"https:\/\/api.w.org\/{rel}","templated":true}]}}