{"id":1026856,"date":"2024-06-17T15:56:39","date_gmt":"2024-06-17T07:56:39","guid":{"rendered":"https:\/\/vimaterial.de\/product\/plomb-metal-4\/"},"modified":"2024-10-25T16:37:36","modified_gmt":"2024-10-25T08:37:36","slug":"plomb-metal-4","status":"publish","type":"product","link":"https:\/\/vimaterial.de\/fr\/product\/plomb-metal-4\/","title":{"rendered":"Plomb m\u00e9tal"},"content":{"rendered":"<h3>Informations de base<\/h3>\n<p>Formule chimique : Pb.<\/p>\n<p>Poids atomique : environ 207,2.<\/p>\n<p>Structure cristalline : Le plomb appartient au syst\u00e8me cristallin cubique.<\/p>\n<p>Apparence : La poudre de plomb est g\u00e9n\u00e9ralement gris fonc\u00e9.<\/p>\n<p>Densit\u00e9 : 11,34 g\/cm\u00b3.<\/p>\n<h3>Domaines d\u2019application<\/h3>\n<p>Fabrication de batteries : La poudre m\u00e9tallique de plomb est la principale mati\u00e8re premi\u00e8re pour les plaques de batterie au plomb. Dans le processus de fabrication de la batterie, la poudre de plomb est m\u00e9lang\u00e9e \u00e0 d\u2019autres mat\u00e9riaux tels que l\u2019acide sulfurique et form\u00e9e en plaques de batterie \u00e0 travers les \u00e9tapes du processus d\u2019enrobage de p\u00e2te, de durcissement et de formation chimique, de sorte que la batterie est capable de stocker et de lib\u00e9rer de l\u2019\u00e9nergie \u00e9lectrique.<\/p>\n<p>Radioprotection : La poudre de plomb m\u00e9tal peut \u00eatre utilis\u00e9e pour fabriquer des mat\u00e9riaux de radioprotection en raison de sa bonne capacit\u00e9 d\u2019absorption des rayons (par exemple, les rayons X, les rayons \u03b3).<\/p>\n<p>Mati\u00e8res premi\u00e8res chimiques : la poudre de plomb peut \u00eatre utilis\u00e9e comme mati\u00e8res premi\u00e8res chimiques pour la production de divers compos\u00e9s de plomb, tels que l\u2019oxyde de plomb, le chlorure de plomb, le nitrate de plomb, etc. Ces compos\u00e9s de plomb ont un large \u00e9ventail d\u2019applications dans les pigments, la c\u00e9ramique, le verre et d\u2019autres industries.<\/p>\n","protected":false},"excerpt":{"rendered":"<p>Fabrication de batteries : La poudre m\u00e9tallique de plomb est la principale mati\u00e8re premi\u00e8re pour les plaques de batterie au plomb. Dans le processus de fabrication de la batterie, la poudre de plomb est m\u00e9lang\u00e9e \u00e0 d\u2019autres mat\u00e9riaux tels que l\u2019acide sulfurique et form\u00e9e en plaques de batterie \u00e0 travers les \u00e9tapes du processus d\u2019enrobage de p\u00e2te, de durcissement et de formation chimique, de sorte que la batterie est capable de stocker et de lib\u00e9rer de l\u2019\u00e9nergie \u00e9lectrique.<\/p>\n<p>Radioprotection : La poudre de plomb m\u00e9tal peut \u00eatre utilis\u00e9e pour fabriquer des mat\u00e9riaux de radioprotection en raison de sa bonne capacit\u00e9 d\u2019absorption des rayons (par exemple, les rayons X, les rayons \u03b3).<\/p>\n<p>&nbsp;<\/p>\n","protected":false},"featured_media":1033449,"comment_status":"open","ping_status":"closed","template":"","meta":{"_acf_changed":false},"product_brand":[],"product_cat":[250],"product_tag":[],"class_list":{"0":"post-1026856","1":"product","2":"type-product","3":"status-publish","4":"has-post-thumbnail","6":"product_cat-poudre-de-metal-pur-et-dalliage","8":"first","9":"instock","10":"shipping-taxable","11":"purchasable","12":"product-type-variable"},"acf":[],"_links":{"self":[{"href":"https:\/\/vimaterial.de\/fr\/wp-json\/wp\/v2\/product\/1026856","targetHints":{"allow":["GET"]}}],"collection":[{"href":"https:\/\/vimaterial.de\/fr\/wp-json\/wp\/v2\/product"}],"about":[{"href":"https:\/\/vimaterial.de\/fr\/wp-json\/wp\/v2\/types\/product"}],"replies":[{"embeddable":true,"href":"https:\/\/vimaterial.de\/fr\/wp-json\/wp\/v2\/comments?post=1026856"}],"wp:featuredmedia":[{"embeddable":true,"href":"https:\/\/vimaterial.de\/fr\/wp-json\/wp\/v2\/media\/1033449"}],"wp:attachment":[{"href":"https:\/\/vimaterial.de\/fr\/wp-json\/wp\/v2\/media?parent=1026856"}],"wp:term":[{"taxonomy":"product_brand","embeddable":true,"href":"https:\/\/vimaterial.de\/fr\/wp-json\/wp\/v2\/product_brand?post=1026856"},{"taxonomy":"product_cat","embeddable":true,"href":"https:\/\/vimaterial.de\/fr\/wp-json\/wp\/v2\/product_cat?post=1026856"},{"taxonomy":"product_tag","embeddable":true,"href":"https:\/\/vimaterial.de\/fr\/wp-json\/wp\/v2\/product_tag?post=1026856"}],"curies":[{"name":"wp","href":"https:\/\/api.w.org\/{rel}","templated":true}]}}