{"id":1026841,"date":"2024-06-17T15:56:39","date_gmt":"2024-06-17T07:56:39","guid":{"rendered":"https:\/\/vimaterial.de\/product\/plomb-metal-3\/"},"modified":"2024-10-25T17:09:56","modified_gmt":"2024-10-25T09:09:56","slug":"plomb-metal-3","status":"publish","type":"product","link":"https:\/\/vimaterial.de\/fr\/product\/plomb-metal-3\/","title":{"rendered":"Plomb m\u00e9tal"},"content":{"rendered":"<h3>Informations de base<\/h3>\n<p>Composition chimique : Pb. Structure atomique et forme cristalline : le num\u00e9ro atomique du plomb est 82. Le plomb a une structure cristalline cubique centr\u00e9e sur la face.<br \/>\nCouleur : Les particules de plomb sont g\u00e9n\u00e9ralement de couleur gris argent\u00e9.<br \/>\nDensit\u00e9\u00a0: Le plomb a une densit\u00e9 \u00e9lev\u00e9e d\u2019environ 11,34 g \/ cm\u00b3.<br \/>\nDuret\u00e9 : Le plomb est un m\u00e9tal relativement mou avec une duret\u00e9 de Mohs d\u2019environ 1,5.<br \/>\nPoints de fusion et d\u2019\u00e9bullition : Le plomb a un point de fusion de 327,5 \u00b0C et un point d\u2019\u00e9bullition de 1749 \u00b0C. En dessous du point de fusion, les particules de plomb restent dans leur forme d\u2019origine.<br \/>\nConductivit\u00e9 thermique et \u00e9lectrique : Le plomb a une bonne conductivit\u00e9 thermique et \u00e9lectrique.<\/p>\n<h3>Domaines d\u2019application<\/h3>\n<p>Industrie des batteries : Dans les batteries au plomb, les particules de plomb sont une mati\u00e8re premi\u00e8re importante pour la fabrication de plaques polaires.<\/p>\n<p>Radioprotection : Les particules de plomb m\u00e9tal peuvent \u00eatre utilis\u00e9es pour fabriquer des mat\u00e9riaux de radioprotection, car le plomb a un bon effet de protection contre les rayons (par exemple, les rayons X, les rayons gamma).<\/p>\n<p>Industrie m\u00e9tallurgique : Dans le processus m\u00e9tallurgique, des particules de plomb m\u00e9tallique peuvent \u00eatre ajout\u00e9es \u00e0 d\u2019autres alliages m\u00e9talliques en tant qu\u2019additifs pour am\u00e9liorer les performances de l\u2019alliage.<\/p>\n<p>Mat\u00e9riaux de construction : Dans certains mat\u00e9riaux de construction sp\u00e9ciaux, les particules de plomb peuvent \u00eatre utilis\u00e9es pour l\u2019isolation acoustique et l\u2019amortissement des vibrations. Par exemple, l\u2019ajout de particules de plomb au b\u00e9ton peut am\u00e9liorer l\u2019isolation acoustique et les performances sismiques d\u2019un b\u00e2timent.<\/p>\n","protected":false},"excerpt":{"rendered":"<p>Industrie des batteries : Dans les batteries au plomb, les particules de plomb sont une mati\u00e8re premi\u00e8re importante pour la fabrication de plaques polaires.<\/p>\n<p>Radioprotection : Les particules de plomb m\u00e9tal peuvent \u00eatre utilis\u00e9es pour fabriquer des mat\u00e9riaux de radioprotection, car le plomb a un bon effet de protection contre les rayons (par exemple, les rayons X, les rayons gamma).<\/p>\n<p>Industrie m\u00e9tallurgique : Dans le processus m\u00e9tallurgique, des particules de plomb m\u00e9tallique peuvent \u00eatre ajout\u00e9es \u00e0 d\u2019autres alliages m\u00e9talliques en tant qu\u2019additifs pour am\u00e9liorer les performances de l\u2019alliage.<\/p>\n","protected":false},"featured_media":1033459,"comment_status":"open","ping_status":"closed","template":"","meta":{"_acf_changed":false},"product_brand":[],"product_cat":[236],"product_tag":[],"class_list":{"0":"post-1026841","1":"product","2":"type-product","3":"status-publish","4":"has-post-thumbnail","6":"product_cat-materiaux-devaporation","8":"first","9":"instock","10":"shipping-taxable","11":"purchasable","12":"product-type-variable"},"acf":[],"_links":{"self":[{"href":"https:\/\/vimaterial.de\/fr\/wp-json\/wp\/v2\/product\/1026841","targetHints":{"allow":["GET"]}}],"collection":[{"href":"https:\/\/vimaterial.de\/fr\/wp-json\/wp\/v2\/product"}],"about":[{"href":"https:\/\/vimaterial.de\/fr\/wp-json\/wp\/v2\/types\/product"}],"replies":[{"embeddable":true,"href":"https:\/\/vimaterial.de\/fr\/wp-json\/wp\/v2\/comments?post=1026841"}],"wp:featuredmedia":[{"embeddable":true,"href":"https:\/\/vimaterial.de\/fr\/wp-json\/wp\/v2\/media\/1033459"}],"wp:attachment":[{"href":"https:\/\/vimaterial.de\/fr\/wp-json\/wp\/v2\/media?parent=1026841"}],"wp:term":[{"taxonomy":"product_brand","embeddable":true,"href":"https:\/\/vimaterial.de\/fr\/wp-json\/wp\/v2\/product_brand?post=1026841"},{"taxonomy":"product_cat","embeddable":true,"href":"https:\/\/vimaterial.de\/fr\/wp-json\/wp\/v2\/product_cat?post=1026841"},{"taxonomy":"product_tag","embeddable":true,"href":"https:\/\/vimaterial.de\/fr\/wp-json\/wp\/v2\/product_tag?post=1026841"}],"curies":[{"name":"wp","href":"https:\/\/api.w.org\/{rel}","templated":true}]}}