{"id":1026812,"date":"2024-06-17T15:56:39","date_gmt":"2024-06-17T07:56:39","guid":{"rendered":"https:\/\/vimaterial.de\/product\/plomb-metal\/"},"modified":"2024-10-25T17:21:25","modified_gmt":"2024-10-25T09:21:25","slug":"plomb-metal","status":"publish","type":"product","link":"https:\/\/vimaterial.de\/fr\/product\/plomb-metal\/","title":{"rendered":"Plomb m\u00e9tal"},"content":{"rendered":"<p>La cible en plomb m\u00e9tallique est un mat\u00e9riau important utilis\u00e9 dans des processus tels que le rev\u00eatement par pulv\u00e9risation.<\/p>\n<p>Informations de base :<\/p>\n<p>D\u00e9finition\u00a0:La cible en plomb est un mat\u00e9riau solide en plomb ou en alliage de plomb qui est utilis\u00e9 comme source de plomb dans les processus de d\u00e9p\u00f4t physique en phase vapeur (PVD) tels que la pulv\u00e9risation.<br \/>\nAspect : pr\u00e9sente g\u00e9n\u00e9ralement un \u00e9clat m\u00e9tallique gris argent\u00e9.<br \/>\nDensit\u00e9 : Le plomb a une densit\u00e9 \u00e9lev\u00e9e d\u2019environ 11,34 g\/cm3.<br \/>\nDuret\u00e9 : Le plomb lui-m\u00eame est un m\u00e9tal relativement mou avec une duret\u00e9 de Mohs d\u2019environ 1,5.<br \/>\nPoint de fusion : Le plomb a un point de fusion relativement bas de 327,5 \u00b0C.<\/p>\n<p>Propri\u00e9t\u00e9s chimiques :<\/p>\n<p>R\u00e9sistance \u00e0 l\u2019oxydation : \u00e0 temp\u00e9rature ambiante, le plomb s\u2019oxyde facilement dans l\u2019air, formant une fine pellicule d\u2019oxyde de plomb (PbO) \u00e0 la surface de la cible.<br \/>\nR\u00e9sistance \u00e0 la corrosion : Le plomb a un certain degr\u00e9 de r\u00e9sistance \u00e0 la corrosion \u00e0 certains acides et alcalis courants, mais sous l\u2019action d\u2019acides oxydants forts (par exemple l\u2019acide sulfurique concentr\u00e9, l\u2019acide nitrique concentr\u00e9), il sera corrod\u00e9 par une r\u00e9action chimique.<\/p>\n<p>Domaines d\u2019application :<\/p>\n<p>Industrie des semi-conducteurs : Dans la fabrication de semi-conducteurs, les cibles en plomb peuvent \u00eatre utilis\u00e9es pour pr\u00e9parer des \u00e9lectrodes, du c\u00e2blage et d\u2019autres films minces, qui jouent le r\u00f4le de conductivit\u00e9 et de connexion.<\/p>\n<p>Champ optique\u00a0: la cible m\u00e9tallique en plomb peut \u00eatre utilis\u00e9e pour la pr\u00e9paration de films optiques, comme dans certaines lentilles optiques, filtres et autres produits, gr\u00e2ce \u00e0 la pulv\u00e9risation du film de plomb peut atteindre des propri\u00e9t\u00e9s optiques sp\u00e9cifiques, telles que l\u2019augmentation de la r\u00e9flectivit\u00e9, la r\u00e9duction de la transmittance, etc.<\/p>\n<p>Champ de radioprotection : Parce que le plomb a un bon effet de blindage sur les rayons, la cible en plomb peut \u00eatre utilis\u00e9e pour pr\u00e9parer des mat\u00e9riaux de radioprotection.<\/p>\n","protected":false},"excerpt":{"rendered":"<p>La cible en plomb m\u00e9tallique est un mat\u00e9riau important utilis\u00e9 dans des processus tels que le rev\u00eatement par pulv\u00e9risation.<\/p>\n<p>Industrie des semi-conducteurs : Dans la fabrication de semi-conducteurs, les cibles en plomb m\u00e9tallique peuvent \u00eatre utilis\u00e9es pour pr\u00e9parer des \u00e9lectrodes, du c\u00e2blage et d\u2019autres films minces, qui jouent le r\u00f4le de conductivit\u00e9 et de connexion.<\/p>\n<p>Champ optique\u00a0: la cible en plomb m\u00e9tallique peut \u00eatre utilis\u00e9e pour la pr\u00e9paration de films optiques, comme dans certaines lentilles optiques, filtres et autres produits, gr\u00e2ce \u00e0 la pulv\u00e9risation du film de plomb peut atteindre des propri\u00e9t\u00e9s optiques sp\u00e9cifiques, telles que l\u2019augmentation de la r\u00e9flectivit\u00e9, la r\u00e9duction de la transmittance, etc.<\/p>\n","protected":false},"featured_media":1033464,"comment_status":"open","ping_status":"closed","template":"","meta":{"_acf_changed":false},"product_brand":[],"product_cat":[235],"product_tag":[],"class_list":{"0":"post-1026812","1":"product","2":"type-product","3":"status-publish","4":"has-post-thumbnail","6":"product_cat-cibles-de-pulverisation-planaire","8":"first","9":"instock","10":"shipping-taxable","11":"purchasable","12":"product-type-variable"},"acf":[],"_links":{"self":[{"href":"https:\/\/vimaterial.de\/fr\/wp-json\/wp\/v2\/product\/1026812","targetHints":{"allow":["GET"]}}],"collection":[{"href":"https:\/\/vimaterial.de\/fr\/wp-json\/wp\/v2\/product"}],"about":[{"href":"https:\/\/vimaterial.de\/fr\/wp-json\/wp\/v2\/types\/product"}],"replies":[{"embeddable":true,"href":"https:\/\/vimaterial.de\/fr\/wp-json\/wp\/v2\/comments?post=1026812"}],"wp:featuredmedia":[{"embeddable":true,"href":"https:\/\/vimaterial.de\/fr\/wp-json\/wp\/v2\/media\/1033464"}],"wp:attachment":[{"href":"https:\/\/vimaterial.de\/fr\/wp-json\/wp\/v2\/media?parent=1026812"}],"wp:term":[{"taxonomy":"product_brand","embeddable":true,"href":"https:\/\/vimaterial.de\/fr\/wp-json\/wp\/v2\/product_brand?post=1026812"},{"taxonomy":"product_cat","embeddable":true,"href":"https:\/\/vimaterial.de\/fr\/wp-json\/wp\/v2\/product_cat?post=1026812"},{"taxonomy":"product_tag","embeddable":true,"href":"https:\/\/vimaterial.de\/fr\/wp-json\/wp\/v2\/product_tag?post=1026812"}],"curies":[{"name":"wp","href":"https:\/\/api.w.org\/{rel}","templated":true}]}}