{"id":1026770,"date":"2024-06-17T15:56:40","date_gmt":"2024-06-17T07:56:40","guid":{"rendered":"https:\/\/vimaterial.de\/product\/chlorure-de-plomb-2\/"},"modified":"2024-10-25T15:50:20","modified_gmt":"2024-10-25T07:50:20","slug":"chlorure-de-plomb-2","status":"publish","type":"product","link":"https:\/\/vimaterial.de\/fr\/product\/chlorure-de-plomb-2\/","title":{"rendered":"Chlorure de plomb"},"content":{"rendered":"<h3>Informations de base<\/h3>\n<p>Formule chimique : PbCl2, compos\u00e9 des \u00e9l\u00e9ments plomb et chlore, o\u00f9 le plomb est un \u00e9l\u00e9ment m\u00e9tallique lourd.<\/p>\n<p>Poids mol\u00e9culaire : 278,10.<\/p>\n<p>Num\u00e9ro de registre CAS : 7758 &#8211; 95 &#8211; 4.<\/p>\n<p>Apparence\u00a0: G\u00e9n\u00e9ralement une poudre cristalline blanche.<\/p>\n<p>Densit\u00e9 : Sa densit\u00e9 est d\u2019environ 5,85.<\/p>\n<p>Point de fusion : 501\u00b0C, point de fusion relativement \u00e9lev\u00e9.<\/p>\n<p>Point d\u2019\u00e9bullition : 950\u00b0C.<\/p>\n<p>Solubilit\u00e9 : l\u00e9g\u00e8rement soluble dans l\u2019eau froide, l\u00e9g\u00e8rement plus soluble dans l\u2019eau chaude.<\/p>\n<h3>Propri\u00e9t\u00e9s chimiques<\/h3>\n<p>Stabilit\u00e9 : Il est stable \u00e0 temp\u00e9rature et \u00e0 pression ambiantes, mais peut r\u00e9agir chimiquement dans certaines conditions telles que des temp\u00e9ratures \u00e9lev\u00e9es, une exposition \u00e0 une forte lumi\u00e8re ou une exposition \u00e0 des agents oxydants puissants.<\/p>\n<p>R\u00e9action d\u2019oxydor\u00e9duction : Le plomb \u00e9l\u00e9mentaire a une certaine propri\u00e9t\u00e9 oxydante et peut \u00eatre r\u00e9duit en plomb m\u00e9tallique sous l\u2019action d\u2019agents r\u00e9ducteurs appropri\u00e9s.<\/p>\n<h3>Domaines d\u2019application<\/h3>\n<p>Chimie analytique : Le chlorure de plomb est utilis\u00e9 comme r\u00e9actif analytique pour d\u00e9tecter la pr\u00e9sence d\u2019ions plomb ou d\u2019ions chlorure. Par exemple, dans les exp\u00e9riences de chimie analytique qualitative, il est utilis\u00e9 pour juger si la solution contient l\u2019ion correspondant en observant si un pr\u00e9cipit\u00e9 blanc est produit.<\/p>\n<p>Industrie m\u00e9tallurgique : Dans le processus m\u00e9tallurgique, le chlorure de plomb est utilis\u00e9 dans le raffinage du plomb ou la pr\u00e9paration d\u2019un alliage de plomb. Par exemple, il peut \u00eatre utilis\u00e9 comme l\u2019une des sources de plomb dans la pr\u00e9paration de certains alliages plomb-\u00e9tain.<\/p>\n<p>Industrie des pigments : Il peut \u00eatre utilis\u00e9 comme mati\u00e8re premi\u00e8re ou additif pour les pigments afin d\u2019ajuster certaines propri\u00e9t\u00e9s des pigments. Cependant, en raison de la toxicit\u00e9 du plomb, son application dans les pigments est aujourd\u2019hui quelque peu limit\u00e9e.<\/p>\n","protected":false},"excerpt":{"rendered":"<p>Chimie analytique : Le chlorure de plomb est utilis\u00e9 comme r\u00e9actif analytique pour d\u00e9tecter la pr\u00e9sence d\u2019ions plomb ou d\u2019ions chlorure. Par exemple, dans les exp\u00e9riences de chimie analytique qualitative, il est utilis\u00e9 pour juger si la solution contient l\u2019ion correspondant en observant si un pr\u00e9cipit\u00e9 blanc est produit.<\/p>\n<p>Industrie m\u00e9tallurgique : Dans le processus m\u00e9tallurgique, le chlorure de plomb est utilis\u00e9 dans le raffinage du plomb ou la pr\u00e9paration d\u2019un alliage de plomb. Par exemple, il peut \u00eatre utilis\u00e9 comme l\u2019une des sources de plomb dans la pr\u00e9paration de certains alliages plomb-\u00e9tain.<\/p>\n","protected":false},"featured_media":1033484,"comment_status":"open","ping_status":"closed","template":"","meta":{"_acf_changed":false},"product_brand":[],"product_cat":[239],"product_tag":[],"class_list":{"0":"post-1026770","1":"product","2":"type-product","3":"status-publish","4":"has-post-thumbnail","6":"product_cat-materiaux-halogenes","8":"first","9":"instock","10":"shipping-taxable","11":"product-type-variable"},"acf":[],"_links":{"self":[{"href":"https:\/\/vimaterial.de\/fr\/wp-json\/wp\/v2\/product\/1026770","targetHints":{"allow":["GET"]}}],"collection":[{"href":"https:\/\/vimaterial.de\/fr\/wp-json\/wp\/v2\/product"}],"about":[{"href":"https:\/\/vimaterial.de\/fr\/wp-json\/wp\/v2\/types\/product"}],"replies":[{"embeddable":true,"href":"https:\/\/vimaterial.de\/fr\/wp-json\/wp\/v2\/comments?post=1026770"}],"wp:featuredmedia":[{"embeddable":true,"href":"https:\/\/vimaterial.de\/fr\/wp-json\/wp\/v2\/media\/1033484"}],"wp:attachment":[{"href":"https:\/\/vimaterial.de\/fr\/wp-json\/wp\/v2\/media?parent=1026770"}],"wp:term":[{"taxonomy":"product_brand","embeddable":true,"href":"https:\/\/vimaterial.de\/fr\/wp-json\/wp\/v2\/product_brand?post=1026770"},{"taxonomy":"product_cat","embeddable":true,"href":"https:\/\/vimaterial.de\/fr\/wp-json\/wp\/v2\/product_cat?post=1026770"},{"taxonomy":"product_tag","embeddable":true,"href":"https:\/\/vimaterial.de\/fr\/wp-json\/wp\/v2\/product_tag?post=1026770"}],"curies":[{"name":"wp","href":"https:\/\/api.w.org\/{rel}","templated":true}]}}