{"id":1026769,"date":"2024-06-17T15:56:40","date_gmt":"2024-06-17T07:56:40","guid":{"rendered":"https:\/\/vimaterial.de\/product\/bromure-de-plomb\/"},"modified":"2024-10-25T15:37:50","modified_gmt":"2024-10-25T07:37:50","slug":"bromure-de-plomb","status":"publish","type":"product","link":"https:\/\/vimaterial.de\/fr\/product\/bromure-de-plomb\/","title":{"rendered":"Bromure de plomb"},"content":{"rendered":"<h3>Informations de base :<\/h3>\n<p>Formule chimique : PbBr\u2082.<\/p>\n<p>Poids mol\u00e9culaire : 367,01.<\/p>\n<p>N\u00b0 CAS : 10031-22-8.<\/p>\n<p>Apparence\u00a0: Poudre cristalline blanche \u00e0 temp\u00e9rature et pression ambiantes.<\/p>\n<p>Densit\u00e9 : 6,66 g\/cm\u00b3.<\/p>\n<p>Point de fusion : 373\u00b0C.<\/p>\n<p>Point d\u2019\u00e9bullition : 916\u00b0C.<\/p>\n<p>Solubilit\u00e9 : facilement soluble dans une solution de bromure de potassium et d\u2019acide, l\u00e9g\u00e8rement soluble dans l\u2019ammoniac, insoluble dans l\u2019alcool.<\/p>\n<h3>Propri\u00e9t\u00e9s chimiques :<\/h3>\n<p>STABILIT\u00c9 : Relativement stable \u00e0 temp\u00e9rature ambiante, mais peut r\u00e9agir chimiquement \u00e0 des temp\u00e9ratures \u00e9lev\u00e9es ou dans des environnements chimiques sp\u00e9cifiques. Par exemple, il se d\u00e9compose lorsqu\u2019il est chauff\u00e9 \u00e0 une certaine temp\u00e9rature, produisant du plomb et du brome.<\/p>\n<p>R\u00e9activit\u00e9 : peut r\u00e9agir avec certains agents r\u00e9ducteurs et \u00eatre r\u00e9duit en plomb m\u00e9tallique ; r\u00e9agissent avec certains agents oxydants et les ions bromure peuvent \u00eatre oxyd\u00e9s.<\/p>\n<h3>Utilise:<\/h3>\n<p>R\u00e9actif analytique : en analyse chimique, le bromure de plomb peut \u00eatre utilis\u00e9 pour d\u00e9tecter et analyser certaines substances. Par exemple, il est utilis\u00e9 pour d\u00e9tecter la pr\u00e9sence d\u2019ions halog\u00e8nes, d\u2019ions argent, etc.<\/p>\n<p>Mat\u00e9riaux opto\u00e9lectroniques : en raison de ses propri\u00e9t\u00e9s optiques et \u00e9lectriques particuli\u00e8res, le bromure de plomb peut \u00eatre utilis\u00e9 pour produire des mat\u00e9riaux opto\u00e9lectroniques, par exemple, il a certaines applications dans le domaine des cellules solaires, des photod\u00e9tecteurs, etc.<\/p>\n<p>Mat\u00e9riaux semi-conducteurs thermo\u00e9lectriques : Le bromure de plomb peut \u00eatre utilis\u00e9 comme l\u2019un des composants des mat\u00e9riaux semi-conducteurs thermo\u00e9lectriques pour la fabrication de dispositifs de conversion thermo\u00e9lectrique, qui convertissent l\u2019\u00e9nergie thermique en \u00e9nergie \u00e9lectrique.<\/p>\n","protected":false},"excerpt":{"rendered":"<p>R\u00e9actif analytique : en analyse chimique, le bromure de plomb peut \u00eatre utilis\u00e9 pour d\u00e9tecter et analyser certaines substances. Par exemple, il est utilis\u00e9 pour d\u00e9tecter la pr\u00e9sence d\u2019ions halog\u00e8nes, d\u2019ions argent, etc.<\/p>\n<p>Mat\u00e9riaux opto\u00e9lectroniques : en raison de ses propri\u00e9t\u00e9s optiques et \u00e9lectriques particuli\u00e8res, il peut \u00eatre utilis\u00e9 pour produire des mat\u00e9riaux opto\u00e9lectroniques, par exemple, il a certaines applications dans le domaine des cellules solaires, des photod\u00e9tecteurs, etc.<\/p>\n","protected":false},"featured_media":1033479,"comment_status":"open","ping_status":"closed","template":"","meta":{"_acf_changed":false},"product_brand":[],"product_cat":[239],"product_tag":[],"class_list":{"0":"post-1026769","1":"product","2":"type-product","3":"status-publish","4":"has-post-thumbnail","6":"product_cat-materiaux-halogenes","8":"first","9":"instock","10":"shipping-taxable","11":"product-type-variable"},"acf":[],"_links":{"self":[{"href":"https:\/\/vimaterial.de\/fr\/wp-json\/wp\/v2\/product\/1026769","targetHints":{"allow":["GET"]}}],"collection":[{"href":"https:\/\/vimaterial.de\/fr\/wp-json\/wp\/v2\/product"}],"about":[{"href":"https:\/\/vimaterial.de\/fr\/wp-json\/wp\/v2\/types\/product"}],"replies":[{"embeddable":true,"href":"https:\/\/vimaterial.de\/fr\/wp-json\/wp\/v2\/comments?post=1026769"}],"wp:featuredmedia":[{"embeddable":true,"href":"https:\/\/vimaterial.de\/fr\/wp-json\/wp\/v2\/media\/1033479"}],"wp:attachment":[{"href":"https:\/\/vimaterial.de\/fr\/wp-json\/wp\/v2\/media?parent=1026769"}],"wp:term":[{"taxonomy":"product_brand","embeddable":true,"href":"https:\/\/vimaterial.de\/fr\/wp-json\/wp\/v2\/product_brand?post=1026769"},{"taxonomy":"product_cat","embeddable":true,"href":"https:\/\/vimaterial.de\/fr\/wp-json\/wp\/v2\/product_cat?post=1026769"},{"taxonomy":"product_tag","embeddable":true,"href":"https:\/\/vimaterial.de\/fr\/wp-json\/wp\/v2\/product_tag?post=1026769"}],"curies":[{"name":"wp","href":"https:\/\/api.w.org\/{rel}","templated":true}]}}