{"id":1026762,"date":"2024-06-17T15:56:40","date_gmt":"2024-06-17T07:56:40","guid":{"rendered":"https:\/\/vimaterial.de\/product\/chlorure-de-plomb\/"},"modified":"2024-10-25T16:00:41","modified_gmt":"2024-10-25T08:00:41","slug":"chlorure-de-plomb","status":"publish","type":"product","link":"https:\/\/vimaterial.de\/fr\/product\/chlorure-de-plomb\/","title":{"rendered":"Chlorure de plomb"},"content":{"rendered":"<p>La cible PbCl\u2082 est un mat\u00e9riau dont le composant principal est le chlorure de plomb (PbCl\u2082), qui a d\u2019importantes applications dans plusieurs domaines.<\/p>\n<h3>Propri\u00e9t\u00e9s de base :<\/h3>\n<p>Composition chimique : le composant principal est le chlorure de plomb, compos\u00e9 de plomb \u00e9l\u00e9mentaire et de chlore \u00e9l\u00e9mentaire.<\/p>\n<p>Apparence\u00a0: Il appara\u00eet g\u00e9n\u00e9ralement comme un mat\u00e9riau cible solide blanc avec une certaine cristallinit\u00e9.<\/p>\n<p>Point de fusion : Le PbCl\u2082 a un point de fusion relativement bas, ce qui signifie que dans le processus de pr\u00e9paration de la cible, il n\u2019a pas besoin de temp\u00e9ratures excessivement \u00e9lev\u00e9es pour la fondre et la fa\u00e7onner, ce qui r\u00e9duit la difficult\u00e9 et le co\u00fbt de la pr\u00e9paration.<\/p>\n<h3>Propri\u00e9t\u00e9s chimiques :<\/h3>\n<p>Stabilit\u00e9 : \u00e0 temp\u00e9rature et pression normales, la cible PbCl\u2082 a une certaine stabilit\u00e9 chimique, mais dans certains environnements chimiques sp\u00e9cifiques, comme lors de la rencontre d\u2019agents oxydants ou r\u00e9ducteurs forts, des r\u00e9actions chimiques peuvent se produire.<\/p>\n<p>R\u00e9activit\u00e9 : Dans certaines conditions, le PbCl\u2082 peut r\u00e9agir avec d\u2019autres compos\u00e9s, par exemple, dans des solutions acides ou alcalines, des r\u00e9actions telles que la dissolution ou la d\u00e9composition peuvent se produire.<\/p>\n<h3>Domaines d\u2019application :<\/h3>\n<p>Cellules solaires\u00a0: Dans la pr\u00e9paration des cellules solaires chalcog\u00e9nures, les cibles de chlorure de plomb peuvent \u00eatre utilis\u00e9es comme source de plomb, et des \u00e9l\u00e9ments de plomb peuvent \u00eatre introduits dans le mat\u00e9riau chalcog\u00e9nure par pulv\u00e9risation cathodique et d\u2019autres m\u00e9thodes pour former des films minces de chalcog\u00e9nure avec de bonnes propri\u00e9t\u00e9s photovolta\u00efques.<\/p>\n<p>Rev\u00eatement optique\u00a0: Parce que le chlorure de plomb a certaines propri\u00e9t\u00e9s optiques, il peut \u00eatre utilis\u00e9 dans le domaine du rev\u00eatement optique pour pr\u00e9parer une vari\u00e9t\u00e9 de films optiques, tels que le film d\u2019am\u00e9lioration de la transmittance, le film r\u00e9fl\u00e9chissant, etc.<\/p>\n<p>Fabrication de semi-conducteurs : Dans le processus de fabrication de semi-conducteurs, les cibles de chlorure de plomb peuvent \u00eatre utilis\u00e9es pour pr\u00e9parer des mat\u00e9riaux semi-conducteurs contenant du plomb, tels que des alliages plomb-\u00e9tain. Ces mat\u00e9riaux peuvent jouer un r\u00f4le dans les dispositifs \u00e0 semi-conducteurs, tels que la conductivit\u00e9 et la connexion.<\/p>\n","protected":false},"excerpt":{"rendered":"<p>La cible PbCl\u2082 est un mat\u00e9riau dont le composant principal est le chlorure de plomb (PbCl\u2082), qui a d\u2019importantes applications dans plusieurs domaines.<\/p>\n<p>Cellules solaires : Dans la pr\u00e9paration des cellules solaires \u00e0 chalcog\u00e9nure, les cibles de PbCl\u2082 peuvent \u00eatre utilis\u00e9es comme source de plomb, et des \u00e9l\u00e9ments en plomb peuvent \u00eatre introduits dans le mat\u00e9riau chalcog\u00e9nure par pulv\u00e9risation et d\u2019autres m\u00e9thodes pour former des films minces de chalcog\u00e9nure avec de bonnes propri\u00e9t\u00e9s photovolta\u00efques.<\/p>\n<p>Rev\u00eatement optique\u00a0: Parce que le PbCl\u2082 a certaines propri\u00e9t\u00e9s optiques, il peut \u00eatre utilis\u00e9 dans le domaine du rev\u00eatement optique pour pr\u00e9parer une vari\u00e9t\u00e9 de films optiques, tels que le film d\u2019am\u00e9lioration de la transmittance, le film r\u00e9fl\u00e9chissant, etc.<\/p>\n","protected":false},"featured_media":1033489,"comment_status":"open","ping_status":"closed","template":"","meta":{"_acf_changed":false},"product_brand":[],"product_cat":[235],"product_tag":[],"class_list":{"0":"post-1026762","1":"product","2":"type-product","3":"status-publish","4":"has-post-thumbnail","6":"product_cat-cibles-de-pulverisation-planaire","8":"first","9":"instock","10":"shipping-taxable","11":"product-type-variable"},"acf":[],"_links":{"self":[{"href":"https:\/\/vimaterial.de\/fr\/wp-json\/wp\/v2\/product\/1026762","targetHints":{"allow":["GET"]}}],"collection":[{"href":"https:\/\/vimaterial.de\/fr\/wp-json\/wp\/v2\/product"}],"about":[{"href":"https:\/\/vimaterial.de\/fr\/wp-json\/wp\/v2\/types\/product"}],"replies":[{"embeddable":true,"href":"https:\/\/vimaterial.de\/fr\/wp-json\/wp\/v2\/comments?post=1026762"}],"wp:featuredmedia":[{"embeddable":true,"href":"https:\/\/vimaterial.de\/fr\/wp-json\/wp\/v2\/media\/1033489"}],"wp:attachment":[{"href":"https:\/\/vimaterial.de\/fr\/wp-json\/wp\/v2\/media?parent=1026762"}],"wp:term":[{"taxonomy":"product_brand","embeddable":true,"href":"https:\/\/vimaterial.de\/fr\/wp-json\/wp\/v2\/product_brand?post=1026762"},{"taxonomy":"product_cat","embeddable":true,"href":"https:\/\/vimaterial.de\/fr\/wp-json\/wp\/v2\/product_cat?post=1026762"},{"taxonomy":"product_tag","embeddable":true,"href":"https:\/\/vimaterial.de\/fr\/wp-json\/wp\/v2\/product_tag?post=1026762"}],"curies":[{"name":"wp","href":"https:\/\/api.w.org\/{rel}","templated":true}]}}