{"id":1026757,"date":"2024-06-17T15:56:40","date_gmt":"2024-06-17T07:56:40","guid":{"rendered":"https:\/\/vimaterial.de\/product\/fluorure-de-plomb-2\/"},"modified":"2024-10-25T16:22:58","modified_gmt":"2024-10-25T08:22:58","slug":"fluorure-de-plomb-2","status":"publish","type":"product","link":"https:\/\/vimaterial.de\/fr\/product\/fluorure-de-plomb-2\/","title":{"rendered":"Fluorure de plomb"},"content":{"rendered":"<h3>Informations de base<\/h3>\n<p>Formule chimique et composition : Le PbF\u2082 est un compos\u00e9 binaire compos\u00e9 des \u00e9l\u00e9ments plomb (Pb) et fluor (F), le plomb \u00e9tant un \u00e9l\u00e9ment m\u00e9tallique et le fluor \u00e9tant g\u00e9n\u00e9ralement un \u00e9l\u00e9ment non m\u00e9tallique.<\/p>\n<p>Poids mol\u00e9culaire : 245,20.<\/p>\n<p>N\u00b0 CAS : 7783 &#8211; 46 &#8211; 2.<\/p>\n<p>Aspect et morphologie : Les particules de PbF\u2082 sont g\u00e9n\u00e9ralement de couleur blanche et d\u2019aspect granulaire fin.<\/p>\n<p>Densit\u00e9 : Il a deux types de cristaux, correspondant \u00e0 des densit\u00e9s diff\u00e9rentes.<\/p>\n<p>Point de fusion et point d\u2019\u00e9bullition : Le point de fusion est de 824\u00b0C et le point d\u2019\u00e9bullition est de 1293\u00b0C. Le point de fusion et le point d\u2019\u00e9bullition plus \u00e9lev\u00e9s sont dus au fait que la densit\u00e9 de la forme cristalline cubique est d\u2019environ 7,750 g \/ cm\u00b3.<\/p>\n<h3>Domaines d\u2019application du PbF\u2082<\/h3>\n<p>Champ optique : en tant que mat\u00e9riau optique important, les particules de fluorure de plomb peuvent \u00eatre utilis\u00e9es pour fabriquer des lentilles optiques, des filtres, etc. En raison de sa bonne transmittance aux rayons infrarouges, il est largement utilis\u00e9 dans les instruments optiques infrarouges, tels que les d\u00e9tecteurs infrarouges, les \u00e9quipements d\u2019imagerie thermique infrarouge, etc., qui peuvent aider \u00e0 r\u00e9aliser les fonctions de focalisation et de filtrage infrarouges.<\/p>\n<p>Industrie \u00e9lectronique : Elle a \u00e9galement sa place dans la fabrication d\u2019appareils \u00e9lectroniques. Par exemple, dans le processus de fabrication de certains tubes \u00e9lectroniques, tubes cathodiques et autres dispositifs, les particules de fluorure de plomb peuvent \u00eatre utilis\u00e9es comme additif ou mat\u00e9riau de rev\u00eatement pour am\u00e9liorer les performances du dispositif, par exemple pour am\u00e9liorer l\u2019efficacit\u00e9 de l\u2019\u00e9mission d\u2019\u00e9lectrons, am\u00e9liorer la stabilit\u00e9 du dispositif.<\/p>\n<p>Domaine de la catalyse chimique : Dans certaines r\u00e9actions chimiques, les particules de fluorure de plomb peuvent \u00eatre utilis\u00e9es comme catalyseurs ou transporteurs de catalyseurs. Par exemple, dans certaines r\u00e9actions de synth\u00e8se organique, il peut favoriser la r\u00e9action en modifiant l\u2019\u00e9nergie d\u2019activation de la r\u00e9action et en am\u00e9liorant l\u2019efficacit\u00e9 et la s\u00e9lectivit\u00e9 de la r\u00e9action.<\/p>\n","protected":false},"excerpt":{"rendered":"<p>Champ optique : en tant que mat\u00e9riau optique important, les particules de fluorure de plomb peuvent \u00eatre utilis\u00e9es pour fabriquer des lentilles optiques, des filtres, etc. En raison de sa bonne transmittance aux rayons infrarouges, il est largement utilis\u00e9 dans les instruments optiques infrarouges, tels que les d\u00e9tecteurs infrarouges, les \u00e9quipements d\u2019imagerie thermique infrarouge, etc., qui peuvent aider \u00e0 r\u00e9aliser les fonctions de focalisation et de filtrage infrarouges.<\/p>\n<p>Industrie \u00e9lectronique : Elle a \u00e9galement sa place dans la fabrication d\u2019appareils \u00e9lectroniques. Par exemple, dans le processus de fabrication de certains tubes \u00e9lectroniques, tubes cathodiques et autres dispositifs, les particules de fluorure de plomb peuvent \u00eatre utilis\u00e9es comme additif ou mat\u00e9riau de rev\u00eatement pour am\u00e9liorer les performances du dispositif, par exemple pour am\u00e9liorer l\u2019efficacit\u00e9 de l\u2019\u00e9mission d\u2019\u00e9lectrons, am\u00e9liorer la stabilit\u00e9 du dispositif.<\/p>\n","protected":false},"featured_media":1033499,"comment_status":"open","ping_status":"closed","template":"","meta":{"_acf_changed":false},"product_brand":[],"product_cat":[236],"product_tag":[],"class_list":{"0":"post-1026757","1":"product","2":"type-product","3":"status-publish","4":"has-post-thumbnail","6":"product_cat-materiaux-devaporation","8":"first","9":"instock","10":"shipping-taxable","11":"product-type-variable"},"acf":[],"_links":{"self":[{"href":"https:\/\/vimaterial.de\/fr\/wp-json\/wp\/v2\/product\/1026757","targetHints":{"allow":["GET"]}}],"collection":[{"href":"https:\/\/vimaterial.de\/fr\/wp-json\/wp\/v2\/product"}],"about":[{"href":"https:\/\/vimaterial.de\/fr\/wp-json\/wp\/v2\/types\/product"}],"replies":[{"embeddable":true,"href":"https:\/\/vimaterial.de\/fr\/wp-json\/wp\/v2\/comments?post=1026757"}],"wp:featuredmedia":[{"embeddable":true,"href":"https:\/\/vimaterial.de\/fr\/wp-json\/wp\/v2\/media\/1033499"}],"wp:attachment":[{"href":"https:\/\/vimaterial.de\/fr\/wp-json\/wp\/v2\/media?parent=1026757"}],"wp:term":[{"taxonomy":"product_brand","embeddable":true,"href":"https:\/\/vimaterial.de\/fr\/wp-json\/wp\/v2\/product_brand?post=1026757"},{"taxonomy":"product_cat","embeddable":true,"href":"https:\/\/vimaterial.de\/fr\/wp-json\/wp\/v2\/product_cat?post=1026757"},{"taxonomy":"product_tag","embeddable":true,"href":"https:\/\/vimaterial.de\/fr\/wp-json\/wp\/v2\/product_tag?post=1026757"}],"curies":[{"name":"wp","href":"https:\/\/api.w.org\/{rel}","templated":true}]}}