{"id":1026755,"date":"2024-06-17T15:56:40","date_gmt":"2024-06-17T07:56:40","guid":{"rendered":"https:\/\/vimaterial.de\/product\/fluorure-de-plomb\/"},"modified":"2024-10-25T16:11:14","modified_gmt":"2024-10-25T08:11:14","slug":"fluorure-de-plomb","status":"publish","type":"product","link":"https:\/\/vimaterial.de\/fr\/product\/fluorure-de-plomb\/","title":{"rendered":"Fluorure de plomb"},"content":{"rendered":"<p>La poudre de fluorure de plomb est une poudre de compos\u00e9 inorganique blanc.<\/p>\n<h3>Informations de base :<\/h3>\n<p>Formule chimique : PbF\u2082, compos\u00e9 des \u00e9l\u00e9ments plomb (Pb) et fluor (F).<\/p>\n<p>Poids mol\u00e9culaire : 245,20 g\/mol.<\/p>\n<p>Num\u00e9ro CAS : 7783 &#8211; 46 &#8211; 2.<\/p>\n<p>Apparence : G\u00e9n\u00e9ralement cristal blanc ou poudre.<\/p>\n<p>Densit\u00e9 : Il existe deux types de cristaux, la densit\u00e9 relative du type de cristal orthorhombique est de 8,445 g \/ cm\u00b3, la densit\u00e9 relative du type de cristal cubique est de 7,750 g \/ cm\u00b3.<\/p>\n<p>Point de fusion : 824\u00b0C.<\/p>\n<p>Point d\u2019\u00e9bullition : 1293\u00b0C.<\/p>\n<p>Solubilit\u00e9 : l\u00e9g\u00e8rement soluble dans l\u2019eau, \u00e0 20\u00b0C, environ 0,0671g pour 100ml d\u2019eau ; Insoluble dans l\u2019acide ac\u00e9tique, l\u2019acide fluorhydrique, soluble dans l\u2019acide nitrique.<\/p>\n<h3>Utilise:<\/h3>\n<p>Champ optique\u00a0: Le fluorure de plomb peut \u00eatre utilis\u00e9 comme mat\u00e9riau spectroscopique infrarouge, qui peut rendre les rayons infrarouges transmissibles\u00a0; Il est utilis\u00e9 pour r\u00e9fl\u00e9chir les rayons infrarouges dans le rev\u00eatement du verre.<\/p>\n<p>Industrie \u00e9lectronique\u00a0: Il est utilis\u00e9 dans le phosphore de l\u2019\u00e9cran de tube de t\u00e9l\u00e9vision. Industrie chimique\u00a0: il peut \u00eatre utilis\u00e9 comme composant d\u2019agent de fusion, agent r\u00e9ducteur, agent d\u2019\u00e9limination du soufre et catalyseur pour la fabrication de pyridine.<\/p>\n","protected":false},"excerpt":{"rendered":"<p>La poudre de fluorure de plomb est une poudre de compos\u00e9 inorganique blanc.<\/p>\n<p>Champ optique\u00a0: Le fluorure de plomb peut \u00eatre utilis\u00e9 comme mat\u00e9riau spectroscopique infrarouge, qui peut rendre les rayons infrarouges transmissibles\u00a0; Il est utilis\u00e9 pour r\u00e9fl\u00e9chir les rayons infrarouges dans le rev\u00eatement du verre.<\/p>\n<p>Industrie \u00e9lectronique\u00a0: Il est utilis\u00e9 dans le phosphore de l\u2019\u00e9cran de tube de t\u00e9l\u00e9vision.<\/p>\n<p>Industrie chimique\u00a0: il peut \u00eatre utilis\u00e9 comme composant d\u2019agent de fusion, agent r\u00e9ducteur, agent d\u2019\u00e9limination du soufre et catalyseur pour la fabrication de pyridine.<\/p>\n<p>&nbsp;<\/p>\n","protected":false},"featured_media":1033494,"comment_status":"open","ping_status":"closed","template":"","meta":{"_acf_changed":false},"product_brand":[],"product_cat":[239],"product_tag":[],"class_list":{"0":"post-1026755","1":"product","2":"type-product","3":"status-publish","4":"has-post-thumbnail","6":"product_cat-materiaux-halogenes","8":"first","9":"instock","10":"shipping-taxable","11":"product-type-variable"},"acf":[],"_links":{"self":[{"href":"https:\/\/vimaterial.de\/fr\/wp-json\/wp\/v2\/product\/1026755","targetHints":{"allow":["GET"]}}],"collection":[{"href":"https:\/\/vimaterial.de\/fr\/wp-json\/wp\/v2\/product"}],"about":[{"href":"https:\/\/vimaterial.de\/fr\/wp-json\/wp\/v2\/types\/product"}],"replies":[{"embeddable":true,"href":"https:\/\/vimaterial.de\/fr\/wp-json\/wp\/v2\/comments?post=1026755"}],"wp:featuredmedia":[{"embeddable":true,"href":"https:\/\/vimaterial.de\/fr\/wp-json\/wp\/v2\/media\/1033494"}],"wp:attachment":[{"href":"https:\/\/vimaterial.de\/fr\/wp-json\/wp\/v2\/media?parent=1026755"}],"wp:term":[{"taxonomy":"product_brand","embeddable":true,"href":"https:\/\/vimaterial.de\/fr\/wp-json\/wp\/v2\/product_brand?post=1026755"},{"taxonomy":"product_cat","embeddable":true,"href":"https:\/\/vimaterial.de\/fr\/wp-json\/wp\/v2\/product_cat?post=1026755"},{"taxonomy":"product_tag","embeddable":true,"href":"https:\/\/vimaterial.de\/fr\/wp-json\/wp\/v2\/product_tag?post=1026755"}],"curies":[{"name":"wp","href":"https:\/\/api.w.org\/{rel}","templated":true}]}}