{"id":1026560,"date":"2024-06-17T15:53:34","date_gmt":"2024-06-17T07:53:34","guid":{"rendered":"https:\/\/vimaterial.de\/product\/seleniure-de-plomb-3\/"},"modified":"2024-10-28T09:30:47","modified_gmt":"2024-10-28T01:30:47","slug":"seleniure-de-plomb-3","status":"publish","type":"product","link":"https:\/\/vimaterial.de\/fr\/product\/seleniure-de-plomb-3\/","title":{"rendered":"S\u00e9l\u00e9niure de plomb"},"content":{"rendered":"<p>Le s\u00e9l\u00e9niure de plomb, un compos\u00e9 inorganique, de formule chimique PbSe, structure de syst\u00e8me cristallin cubique, soluble dans l\u2019acide nitrique et l\u2019acide chlorhydrique concentr\u00e9 \u00e0 chaud, insoluble dans l\u2019eau, principalement utilis\u00e9 dans la fabrication de r\u00e9sistances photosensibles et de d\u00e9tecteurs infrarouges, etc.<\/p>\n<h3>Propri\u00e9t\u00e9s de base<\/h3>\n<p>Formule chimique\u00a0: PbSe<br \/>\nStructure cristalline\u00a0: Il a une structure cristalline sp\u00e9cifique et ses caract\u00e9ristiques structurelles affecteront ses propri\u00e9t\u00e9s physiques et chimiques.<\/p>\n<p>Densit\u00e9\u00a0: Il a une densit\u00e9 \u00e9lev\u00e9e.<\/p>\n<p>Stabilit\u00e9 : Il est relativement stable dans certaines conditions, mais peut subir des r\u00e9actions chimiques dans certains environnements. Par exemple, il peut r\u00e9agir avec certains acides ou agents oxydants.<\/p>\n<p>\u00c9tat d\u2019oxydation : Le plomb pr\u00e9sente g\u00e9n\u00e9ralement une valence de +2 et le s\u00e9l\u00e9nium une valence de -2.<\/p>\n<h3>Domaines d\u2019application<\/h3>\n<p>D\u00e9tecteurs infrarouges : Les d\u00e9tecteurs infrarouges sont utilis\u00e9s pour la fabrication de d\u00e9tecteurs infrarouges, en tirant parti de leur absorption de la lumi\u00e8re infrarouge. Dans le domaine militaire, il peut \u00eatre utilis\u00e9 pour les dispositifs de vision nocturne, les syst\u00e8mes de guidage de missiles, etc. Dans le domaine civil, il peut \u00eatre utilis\u00e9 pour les appareils d\u2019imagerie thermique dans les syst\u00e8mes de surveillance de s\u00e9curit\u00e9, les capteurs infrarouges dans les syst\u00e8mes d\u2019alerte incendie, etc.<\/p>\n<p>Dispositifs opto\u00e9lectroniques : en tant que mat\u00e9riaux semi-conducteurs, le s\u00e9l\u00e9niure de plomb peut \u00eatre utilis\u00e9 pour fabriquer des photodiodes, des phototransistors et d\u2019autres dispositifs opto\u00e9lectroniques, utilis\u00e9s pour la d\u00e9tection et la conversion de signaux optiques.<\/p>\n<p>Mat\u00e9riau thermo\u00e9lectrique : Le s\u00e9l\u00e9niure de plomb a \u00e9galement des applications potentielles dans certains dispositifs de conversion thermo\u00e9lectrique, qui peuvent convertir l\u2019\u00e9nergie thermique en \u00e9nergie \u00e9lectrique, et a une valeur de recherche dans le domaine de la r\u00e9cup\u00e9ration de la chaleur r\u00e9siduelle.<\/p>\n","protected":false},"excerpt":{"rendered":"<p>Le s\u00e9l\u00e9niure de plomb, un compos\u00e9 inorganique, de formule chimique PbSe, structure de syst\u00e8me cristallin cubique, soluble dans l\u2019acide nitrique et l\u2019acide chlorhydrique concentr\u00e9 \u00e0 chaud, insoluble dans l\u2019eau, principalement utilis\u00e9 dans la fabrication de r\u00e9sistances photosensibles et de d\u00e9tecteurs infrarouges, etc.<\/p>\n","protected":false},"featured_media":1033429,"comment_status":"open","ping_status":"closed","template":"","meta":{"_acf_changed":false},"product_brand":[],"product_cat":[236],"product_tag":[],"class_list":{"0":"post-1026560","1":"product","2":"type-product","3":"status-publish","4":"has-post-thumbnail","6":"product_cat-materiaux-devaporation","8":"first","9":"instock","10":"shipping-taxable","11":"product-type-variable"},"acf":[],"_links":{"self":[{"href":"https:\/\/vimaterial.de\/fr\/wp-json\/wp\/v2\/product\/1026560","targetHints":{"allow":["GET"]}}],"collection":[{"href":"https:\/\/vimaterial.de\/fr\/wp-json\/wp\/v2\/product"}],"about":[{"href":"https:\/\/vimaterial.de\/fr\/wp-json\/wp\/v2\/types\/product"}],"replies":[{"embeddable":true,"href":"https:\/\/vimaterial.de\/fr\/wp-json\/wp\/v2\/comments?post=1026560"}],"wp:featuredmedia":[{"embeddable":true,"href":"https:\/\/vimaterial.de\/fr\/wp-json\/wp\/v2\/media\/1033429"}],"wp:attachment":[{"href":"https:\/\/vimaterial.de\/fr\/wp-json\/wp\/v2\/media?parent=1026560"}],"wp:term":[{"taxonomy":"product_brand","embeddable":true,"href":"https:\/\/vimaterial.de\/fr\/wp-json\/wp\/v2\/product_brand?post=1026560"},{"taxonomy":"product_cat","embeddable":true,"href":"https:\/\/vimaterial.de\/fr\/wp-json\/wp\/v2\/product_cat?post=1026560"},{"taxonomy":"product_tag","embeddable":true,"href":"https:\/\/vimaterial.de\/fr\/wp-json\/wp\/v2\/product_tag?post=1026560"}],"curies":[{"name":"wp","href":"https:\/\/api.w.org\/{rel}","templated":true}]}}