{"id":1026520,"date":"2024-06-17T15:53:34","date_gmt":"2024-06-17T07:53:34","guid":{"rendered":"https:\/\/vimaterial.de\/product\/plomb-telluride-2\/"},"modified":"2024-10-28T09:58:34","modified_gmt":"2024-10-28T01:58:34","slug":"plomb-telluride-2","status":"publish","type":"product","link":"https:\/\/vimaterial.de\/fr\/product\/plomb-telluride-2\/","title":{"rendered":"Plomb Telluride"},"content":{"rendered":"<p>Plomb Telluride, un compos\u00e9 inorganique de formule chimique PbTe, est principalement utilis\u00e9 dans la fabrication de convertisseurs thermo\u00e9lectriques (refroidisseurs, g\u00e9n\u00e9rateurs, sources de chaleur), de d\u00e9tecteurs infrarouges et de diodes \u00e0 effet tunnel.<\/p>\n<h3>Propri\u00e9t\u00e9s de base<\/h3>\n<p>Composition chimique : Le PbTe se compose de plomb (Pb) et de tellure (Te), avec du plomb \u00e0 une valence de +2 et du tellure \u00e0 une valence de -2, et sa formule chimique est le PbTe.<\/p>\n<p>Structure cristalline : Le PbTe a une structure cristalline de sel gemme (type NaCl), c\u2019est-\u00e0-dire un syst\u00e8me cristallin cubique, dans lequel les atomes de plomb et de tellure occupent respectivement les points du r\u00e9seau cubique centr\u00e9 sur la face.<\/p>\n<p>Densit\u00e9 : 8,164 g\/cm3<\/p>\n<p>Point de fusion : 905\u00b0C<\/p>\n<p>Solubilit\u00e9 : insoluble dans l\u2019eau<\/p>\n<h3>Domaines d\u2019application<\/h3>\n<p>Champ thermo\u00e9lectrique : En tant qu\u2019excellent mat\u00e9riau thermo\u00e9lectrique, le Plomb Telluride est largement utilis\u00e9 dans la production d\u2019\u00e9nergie thermo\u00e9lectrique et les appareils de r\u00e9frig\u00e9ration.<\/p>\n<p>Technologie infrarouge : Dans le domaine des d\u00e9tecteurs infrarouges et des capteurs infrarouges, les mat\u00e9riaux au tellurure de plomb jouent un r\u00f4le cl\u00e9.<\/p>\n<p>\u00c9lectronique : Le PbTe peut \u00eatre utilis\u00e9 dans la fabrication de divers appareils \u00e9lectroniques, tels que les diodes et les transistors. En raison de ses propri\u00e9t\u00e9s \u00e9lectriques particuli\u00e8res, le PbTe &#8211; les dispositifs \u00e9lectroniques de base dans l\u2019\u00e9lectronique \u00e0 haute temp\u00e9rature, l\u2019\u00e9lectronique \u00e0 grande vitesse et d\u2019autres domaines \u00e9lectroniques sp\u00e9ciaux ont des applications potentielles.<\/p>\n","protected":false},"excerpt":{"rendered":"<p>Le tellurure de plomb, un compos\u00e9 inorganique de formule chimique PbTe, est principalement utilis\u00e9 dans la fabrication de convertisseurs thermo\u00e9lectriques (refroidisseurs, g\u00e9n\u00e9rateurs, sources de chaleur), de d\u00e9tecteurs infrarouges et de diodes \u00e0 effet tunnel.<\/p>\n","protected":false},"featured_media":1033439,"comment_status":"open","ping_status":"closed","template":"","meta":{"_acf_changed":false},"product_brand":[],"product_cat":[236],"product_tag":[],"class_list":{"0":"post-1026520","1":"product","2":"type-product","3":"status-publish","4":"has-post-thumbnail","6":"product_cat-materiaux-devaporation","8":"first","9":"instock","10":"shipping-taxable","11":"product-type-variable"},"acf":[],"_links":{"self":[{"href":"https:\/\/vimaterial.de\/fr\/wp-json\/wp\/v2\/product\/1026520","targetHints":{"allow":["GET"]}}],"collection":[{"href":"https:\/\/vimaterial.de\/fr\/wp-json\/wp\/v2\/product"}],"about":[{"href":"https:\/\/vimaterial.de\/fr\/wp-json\/wp\/v2\/types\/product"}],"replies":[{"embeddable":true,"href":"https:\/\/vimaterial.de\/fr\/wp-json\/wp\/v2\/comments?post=1026520"}],"wp:featuredmedia":[{"embeddable":true,"href":"https:\/\/vimaterial.de\/fr\/wp-json\/wp\/v2\/media\/1033439"}],"wp:attachment":[{"href":"https:\/\/vimaterial.de\/fr\/wp-json\/wp\/v2\/media?parent=1026520"}],"wp:term":[{"taxonomy":"product_brand","embeddable":true,"href":"https:\/\/vimaterial.de\/fr\/wp-json\/wp\/v2\/product_brand?post=1026520"},{"taxonomy":"product_cat","embeddable":true,"href":"https:\/\/vimaterial.de\/fr\/wp-json\/wp\/v2\/product_cat?post=1026520"},{"taxonomy":"product_tag","embeddable":true,"href":"https:\/\/vimaterial.de\/fr\/wp-json\/wp\/v2\/product_tag?post=1026520"}],"curies":[{"name":"wp","href":"https:\/\/api.w.org\/{rel}","templated":true}]}}