{"id":1026344,"date":"2024-06-17T15:56:44","date_gmt":"2024-06-17T07:56:44","guid":{"rendered":"https:\/\/vimaterial.de\/product\/oxyde-de-bismuth-3\/"},"modified":"2024-09-27T13:53:32","modified_gmt":"2024-09-27T05:53:32","slug":"oxyde-de-bismuth-3","status":"publish","type":"product","link":"https:\/\/vimaterial.de\/fr\/product\/oxyde-de-bismuth-3\/","title":{"rendered":"Oxyde de bismuth"},"content":{"rendered":"<p>Les granul\u00e9s d\u2019oxyde de bismuth (Bi\u2082O\u2083) sont couramment utilis\u00e9s dans diverses applications en raison de leurs propri\u00e9t\u00e9s uniques.<\/p>\n<p>Propri\u00e9t\u00e9s<\/p>\n<p>Haute densit\u00e9 et poids atomique : Oxyde de bismuth Utile pour le blindage et les applications m\u00e9dicales.<br \/>\nPropri\u00e9t\u00e9s \u00e9lectriques : Agit comme un semi-conducteur avec des utilisations sp\u00e9cifiques dans les piles \u00e0 combustible \u00e0 oxyde solide et les capteurs de gaz.<br \/>\nPropri\u00e9t\u00e9s optiques : Indice de r\u00e9fraction \u00e9lev\u00e9, ce qui est b\u00e9n\u00e9fique pour les rev\u00eatements et les mat\u00e9riaux optiques.<br \/>\nActivit\u00e9 catalytique : Utilis\u00e9 dans la photocatalyse pour des applications environnementales et \u00e9nerg\u00e9tiques.<\/p>\n<p>Applications<\/p>\n<p>C\u00e9ramique et verre\u00a0:Utilis\u00e9 dans la production de verres et de gla\u00e7ures sp\u00e9cialis\u00e9s pour un indice de r\u00e9fraction \u00e9lev\u00e9 ou une clart\u00e9 optique.<br \/>\n\u00c9lectronique\u00a0:Joue un r\u00f4le dans la fabrication de varistances, de condensateurs c\u00e9ramiques et d\u2019autres composants \u00e9lectroniques.<br \/>\nApplications m\u00e9dicales\u00a0: Utilis\u00e9 dans les mat\u00e9riaux radio-opaques pour l\u2019imagerie m\u00e9dicale et certains traitements contre le cancer.<br \/>\nPiles \u00e0 combustible : Utilis\u00e9es dans les piles \u00e0 combustible \u00e0 oxyde solide (SOFC) en raison de leur capacit\u00e9 \u00e0 conduire les ions d\u2019oxyg\u00e8ne \u00e0 haute temp\u00e9rature.<br \/>\nCatalyse\u00a0:Impliqu\u00e9 dans les r\u00e9actions photocatalytiques et la d\u00e9gradation des polluants dans les applications environnementales.<\/p>\n","protected":false},"excerpt":{"rendered":"<p>&nbsp;<\/p>\n<p>Les granul\u00e9s d\u2019oxyde de bismuth (Bi\u2082O\u2083) sont couramment utilis\u00e9s dans diverses applications en raison de leurs propri\u00e9t\u00e9s uniques.<\/p>\n<p>Propri\u00e9t\u00e9s<\/p>\n<p>Haute densit\u00e9 et poids atomique : Oxyde de bismuth Utile pour le blindage et les applications m\u00e9dicales.<br \/>\nPropri\u00e9t\u00e9s \u00e9lectriques : Agit comme un semi-conducteur avec des utilisations sp\u00e9cifiques dans les piles \u00e0 combustible \u00e0 oxyde solide et les capteurs de gaz.<br \/>\nPropri\u00e9t\u00e9s optiques : Indice de r\u00e9fraction \u00e9lev\u00e9, ce qui est b\u00e9n\u00e9fique pour les rev\u00eatements et les mat\u00e9riaux optiques.<br \/>\nActivit\u00e9 catalytique : Utilis\u00e9 dans la photocatalyse pour des applications environnementales et \u00e9nerg\u00e9tiques.<\/p>\n<p>Applications<\/p>\n<p>C\u00e9ramique et verre\u00a0:Utilis\u00e9 dans la production de verres et de gla\u00e7ures sp\u00e9cialis\u00e9s pour un indice de r\u00e9fraction \u00e9lev\u00e9 ou une clart\u00e9 optique.<br \/>\n\u00c9lectronique\u00a0:Joue un r\u00f4le dans la fabrication de varistances, de condensateurs c\u00e9ramiques et d\u2019autres composants \u00e9lectroniques.<br \/>\nApplications m\u00e9dicales\u00a0: Utilis\u00e9 dans les mat\u00e9riaux radio-opaques pour l\u2019imagerie m\u00e9dicale et certains traitements contre le cancer.<br \/>\nPiles \u00e0 combustible : Utilis\u00e9es dans les piles \u00e0 combustible \u00e0 oxyde solide (SOFC) en raison de leur capacit\u00e9 \u00e0 conduire les ions d\u2019oxyg\u00e8ne \u00e0 haute temp\u00e9rature.<br \/>\nCatalyse\u00a0:Impliqu\u00e9 dans les r\u00e9actions photocatalytiques et la d\u00e9gradation des polluants dans les applications environnementales.<\/p>\n","protected":false},"featured_media":1033589,"comment_status":"open","ping_status":"closed","template":"","meta":{"_acf_changed":false},"product_brand":[],"product_cat":[236],"product_tag":[],"class_list":{"0":"post-1026344","1":"product","2":"type-product","3":"status-publish","4":"has-post-thumbnail","6":"product_cat-materiaux-devaporation","8":"first","9":"instock","10":"shipping-taxable","11":"product-type-variable"},"acf":[],"_links":{"self":[{"href":"https:\/\/vimaterial.de\/fr\/wp-json\/wp\/v2\/product\/1026344","targetHints":{"allow":["GET"]}}],"collection":[{"href":"https:\/\/vimaterial.de\/fr\/wp-json\/wp\/v2\/product"}],"about":[{"href":"https:\/\/vimaterial.de\/fr\/wp-json\/wp\/v2\/types\/product"}],"replies":[{"embeddable":true,"href":"https:\/\/vimaterial.de\/fr\/wp-json\/wp\/v2\/comments?post=1026344"}],"wp:featuredmedia":[{"embeddable":true,"href":"https:\/\/vimaterial.de\/fr\/wp-json\/wp\/v2\/media\/1033589"}],"wp:attachment":[{"href":"https:\/\/vimaterial.de\/fr\/wp-json\/wp\/v2\/media?parent=1026344"}],"wp:term":[{"taxonomy":"product_brand","embeddable":true,"href":"https:\/\/vimaterial.de\/fr\/wp-json\/wp\/v2\/product_brand?post=1026344"},{"taxonomy":"product_cat","embeddable":true,"href":"https:\/\/vimaterial.de\/fr\/wp-json\/wp\/v2\/product_cat?post=1026344"},{"taxonomy":"product_tag","embeddable":true,"href":"https:\/\/vimaterial.de\/fr\/wp-json\/wp\/v2\/product_tag?post=1026344"}],"curies":[{"name":"wp","href":"https:\/\/api.w.org\/{rel}","templated":true}]}}