{"id":1026324,"date":"2024-06-17T15:56:45","date_gmt":"2024-06-17T07:56:45","guid":{"rendered":"https:\/\/vimaterial.de\/product\/oxyde-de-bismuth-2\/"},"modified":"2024-09-27T11:30:27","modified_gmt":"2024-09-27T03:30:27","slug":"oxyde-de-bismuth-2","status":"publish","type":"product","link":"https:\/\/vimaterial.de\/fr\/product\/oxyde-de-bismuth-2\/","title":{"rendered":"Oxyde de bismuth"},"content":{"rendered":"<p>Les cibles de pulv\u00e9risation d\u2019oxyde de bismuth sont utilis\u00e9es dans les techniques de d\u00e9p\u00f4t de couches minces telles que le d\u00e9p\u00f4t physique en phase vapeur (PVD), en particulier la pulv\u00e9risation magn\u00e9tron, pour cr\u00e9er de fines couches de Bi\u2082O\u2083 sur divers substrats. Ces couches minces sont couramment utilis\u00e9es dans les applications \u00e9lectroniques, optiques et \u00e9nerg\u00e9tiques.<\/p>\n<p>Propri\u00e9t\u00e9s<\/p>\n<p>Puret\u00e9\u00a0: G\u00e9n\u00e9ralement disponible en puret\u00e9s \u00e9lev\u00e9es (99,9% \u00e0 99,999%) pour garantir des films minces de haute qualit\u00e9.<br \/>\nDensit\u00e9 : ~8,9 g\/cm\u00b3.<br \/>\nPoint de fusion : 817\u00b0C.<br \/>\nPropri\u00e9t\u00e9s \u00e9lectriques : Les cibles de pulv\u00e9risation d\u2019oxyde de bismuth peuvent \u00eatre semi-conductrices, avec une bande interdite de ~2,8 eV.<br \/>\nForme : Disponible sous forme de cibles circulaires, rectangulaires ou de forme personnalis\u00e9e, selon le syst\u00e8me de pulv\u00e9risation.<\/p>\n<p>Applications<\/p>\n<p>\u00c9lectronique\u00a0:Utilis\u00e9 pour d\u00e9poser des couches minces pour la production de composants \u00e9lectroniques tels que des varistances, des condensateurs et des r\u00e9sistances. Important pour les transistors \u00e0 couche mince (TFT) et autres dispositifs \u00e0 semi-conducteurs.<br \/>\nOptique : Les cibles de pulv\u00e9risation \u00e0 l\u2019oxyde de bismuth am\u00e9liorent les propri\u00e9t\u00e9s optiques telles que l\u2019indice de r\u00e9fraction, la transparence et la r\u00e9flectivit\u00e9. Utilis\u00e9 dans les filtres optiques, les lentilles et les miroirs en raison de son indice de r\u00e9fraction \u00e9lev\u00e9.<br \/>\nApplications \u00e9nerg\u00e9tiques :Les couches minces de Bi\u2082O\u2083 sont utilis\u00e9es dans les piles \u00e0 combustible \u00e0 oxyde solide (SOFC) et d\u2019autres dispositifs li\u00e9s \u00e0 l\u2019\u00e9nergie pour leur conductivit\u00e9 ionique.<br \/>\nPhotocatalyse : Les films minces Bi\u2082O\u2083 ont des propri\u00e9t\u00e9s photocatalytiques, ce qui leur permet de d\u00e9grader les polluants organiques lorsqu\u2019ils sont expos\u00e9s \u00e0 la lumi\u00e8re.<br \/>\nCapteurs\u00a0:Utilis\u00e9 dans les capteurs de gaz en raison de sa sensibilit\u00e9 \u00e0 divers gaz, y compris l\u2019oxyg\u00e8ne et les oxydes d\u2019azote.<br \/>\nNon toxique et sans plomb : l\u2019oxyde de bismuth est une alternative plus s\u00fbre aux mat\u00e9riaux \u00e0 base de plomb dans l\u2019\u00e9lectronique et les rev\u00eatements.<br \/>\nPolyvalence des couches minces : Permet un contr\u00f4le pr\u00e9cis de l\u2019\u00e9paisseur et de la composition de la couche d\u00e9pos\u00e9e, ce qui est crucial pour affiner les propri\u00e9t\u00e9s \u00e9lectriques et optiques.<\/p>\n","protected":false},"excerpt":{"rendered":"<p>Les cibles de pulv\u00e9risation d\u2019oxyde de bismuth sont utilis\u00e9es dans les techniques de d\u00e9p\u00f4t de couches minces telles que le d\u00e9p\u00f4t physique en phase vapeur (PVD), en particulier la pulv\u00e9risation magn\u00e9tron, pour cr\u00e9er de minces couches de Bi\u2082O\u2083 sur divers substrats.Ces couches minces sont couramment utilis\u00e9es dans les applications \u00e9lectroniques, optiques et \u00e9nerg\u00e9tiques.<\/p>\n<p>Non toxique et sans plomb : L\u2019oxyde de bismuth est une alternative plus s\u00fbre aux mat\u00e9riaux \u00e0 base de plomb dans l\u2019\u00e9lectronique et les rev\u00eatements.<br \/>\nPolyvalence des couches minces : Permet un contr\u00f4le pr\u00e9cis de l\u2019\u00e9paisseur et de la composition de la couche d\u00e9pos\u00e9e, ce qui est crucial pour affiner les propri\u00e9t\u00e9s \u00e9lectriques et optiques.<\/p>\n","protected":false},"featured_media":1033599,"comment_status":"open","ping_status":"closed","template":"","meta":{"_acf_changed":false},"product_brand":[],"product_cat":[235],"product_tag":[],"class_list":{"0":"post-1026324","1":"product","2":"type-product","3":"status-publish","4":"has-post-thumbnail","6":"product_cat-cibles-de-pulverisation-planaire","8":"first","9":"instock","10":"shipping-taxable","11":"product-type-variable"},"acf":[],"_links":{"self":[{"href":"https:\/\/vimaterial.de\/fr\/wp-json\/wp\/v2\/product\/1026324","targetHints":{"allow":["GET"]}}],"collection":[{"href":"https:\/\/vimaterial.de\/fr\/wp-json\/wp\/v2\/product"}],"about":[{"href":"https:\/\/vimaterial.de\/fr\/wp-json\/wp\/v2\/types\/product"}],"replies":[{"embeddable":true,"href":"https:\/\/vimaterial.de\/fr\/wp-json\/wp\/v2\/comments?post=1026324"}],"wp:featuredmedia":[{"embeddable":true,"href":"https:\/\/vimaterial.de\/fr\/wp-json\/wp\/v2\/media\/1033599"}],"wp:attachment":[{"href":"https:\/\/vimaterial.de\/fr\/wp-json\/wp\/v2\/media?parent=1026324"}],"wp:term":[{"taxonomy":"product_brand","embeddable":true,"href":"https:\/\/vimaterial.de\/fr\/wp-json\/wp\/v2\/product_brand?post=1026324"},{"taxonomy":"product_cat","embeddable":true,"href":"https:\/\/vimaterial.de\/fr\/wp-json\/wp\/v2\/product_cat?post=1026324"},{"taxonomy":"product_tag","embeddable":true,"href":"https:\/\/vimaterial.de\/fr\/wp-json\/wp\/v2\/product_tag?post=1026324"}],"curies":[{"name":"wp","href":"https:\/\/api.w.org\/{rel}","templated":true}]}}