{"id":1026308,"date":"2024-06-17T15:56:44","date_gmt":"2024-06-17T07:56:44","guid":{"rendered":"https:\/\/vimaterial.de\/product\/oxyde-de-bismuth\/"},"modified":"2024-09-27T14:20:42","modified_gmt":"2024-09-27T06:20:42","slug":"oxyde-de-bismuth","status":"publish","type":"product","link":"https:\/\/vimaterial.de\/fr\/product\/oxyde-de-bismuth\/","title":{"rendered":"Oxyde de bismuth"},"content":{"rendered":"<p>La poudre d\u2019oxyde de bismuth (Bi\u2082O\u2083) est une forme particulaire fine d\u2019oxyde de bismuth avec une gamme d\u2019applications industrielles et de recherche en raison de ses propri\u00e9t\u00e9s physiques, chimiques et \u00e9lectriques polyvalentes.<\/p>\n<p>Propri\u00e9t\u00e9s<\/p>\n<p>Poids mol\u00e9culaire : 465,96 g\/mol<br \/>\nDensit\u00e9 : ~8,9 g\/cm\u00b3<br \/>\nPoint de fusion : ~817\u00b0C<br \/>\nStructure cristalline : Existe en plusieurs polymorphes, le plus stable \u00e9tant le monoclinique \u03b1-Bi\u2082O\u2083.<br \/>\nSemi-conducteur : Agit comme un semi-conducteur de type n avec une bande interdite d\u2019environ 2,8 eV.<br \/>\nIndice de r\u00e9fraction \u00e9lev\u00e9 : Utile dans les applications optiques.<\/p>\n<p>Applications<\/p>\n<p>C\u00e9ramique et verre\u00a0:Am\u00e9liore l\u2019indice de r\u00e9fraction du verre et de la c\u00e9ramique. Il est utilis\u00e9 dans les formulations de verre pour son opacit\u00e9, sa densit\u00e9 et ses propri\u00e9t\u00e9s colorantes.<br \/>\n\u00c9lectronique\u00a0: Utilis\u00e9 dans la fabrication de varistances, de condensateurs en c\u00e9ramique et de thermistances en raison de sa conductivit\u00e9 \u00e9lectrique \u00e0 des temp\u00e9ratures \u00e9lev\u00e9es. Piles \u00e0 combustible \u00e0 oxyde solide (SOFC) : Utilis\u00e9es comme mat\u00e9riau \u00e9lectrolytique dans les SOFC en raison de leur conductivit\u00e9 ionique \u00e9lev\u00e9e dans des plages de temp\u00e9rature sp\u00e9cifiques.<br \/>\nPhotocatalyse : Efficace en catalyse pour les applications environnementales telles que la d\u00e9gradation des polluants organiques sous la lumi\u00e8re UV.<br \/>\nApplications m\u00e9dicales\u00a0: Utilis\u00e9 dans la production de mat\u00e9riaux radio-opaques pour les diagnostics m\u00e9dicaux, comme le blindage contre les rayons X et les ciments dentaires.<br \/>\nPigments\u00a0:L\u2019oxyde de bismuth peut \u00eatre utilis\u00e9 dans les peintures et les rev\u00eatements comme substitut non toxique des pigments \u00e0 base de plomb.<\/p>\n<p>Substitut non toxique du plomb dans diverses applications telles que les pigments et l\u2019\u00e9lectronique.<br \/>\nS\u00e9curit\u00e9 pour l\u2019environnement et la sant\u00e9 : Le Bi\u2082O\u2083 est relativement moins toxique que les autres oxydes de m\u00e9taux lourds.<\/p>\n","protected":false},"excerpt":{"rendered":"<p>La poudre d\u2019oxyde de bismuth (Bi\u2082O\u2083) est une forme particulaire fine d\u2019oxyde de bismuth avec une gamme d\u2019applications industrielles et de recherche en raison de ses propri\u00e9t\u00e9s physiques, chimiques et \u00e9lectriques polyvalentes.<\/p>\n<p>C\u00e9ramique et verre\u00a0: Am\u00e9liore l\u2019indice de r\u00e9fraction du verre et de la c\u00e9ramique.<br \/>\nIl est utilis\u00e9 dans les formulations de verre pour son opacit\u00e9, sa densit\u00e9 et ses propri\u00e9t\u00e9s colorantes.<br \/>\n\u00c9lectronique\u00a0: Utilis\u00e9 dans la fabrication de varistances, de condensateurs en c\u00e9ramique et de thermistances en raison de sa conductivit\u00e9 \u00e9lectrique \u00e0 des temp\u00e9ratures \u00e9lev\u00e9es.<br \/>\nPiles \u00e0 combustible \u00e0 oxyde solide (SOFC) : Utilis\u00e9es comme mat\u00e9riau \u00e9lectrolytique dans les SOFC en raison de leur conductivit\u00e9 ionique \u00e9lev\u00e9e dans des plages de temp\u00e9rature sp\u00e9cifiques.<br \/>\nPhotocatalyse : Efficace en catalyse pour les applications environnementales telles que la d\u00e9gradation des polluants organiques sous la lumi\u00e8re UV.<br \/>\nApplications m\u00e9dicales\u00a0: Utilis\u00e9 dans la production de mat\u00e9riaux radio-opaques pour les diagnostics m\u00e9dicaux, comme le blindage contre les rayons X et les ciments dentaires.<br \/>\nPigments\u00a0:L\u2019oxyde de bismuth peut \u00eatre utilis\u00e9 dans les peintures et les rev\u00eatements comme substitut non toxique des pigments \u00e0 base de plomb.<\/p>\n","protected":false},"featured_media":1033594,"comment_status":"open","ping_status":"closed","template":"","meta":{"_acf_changed":false},"product_brand":[],"product_cat":[243],"product_tag":[],"class_list":{"0":"post-1026308","1":"product","2":"type-product","3":"status-publish","4":"has-post-thumbnail","6":"product_cat-materiaux-oxydes-hydroxydes","8":"first","9":"instock","10":"shipping-taxable","11":"purchasable","12":"product-type-variable"},"acf":[],"_links":{"self":[{"href":"https:\/\/vimaterial.de\/fr\/wp-json\/wp\/v2\/product\/1026308","targetHints":{"allow":["GET"]}}],"collection":[{"href":"https:\/\/vimaterial.de\/fr\/wp-json\/wp\/v2\/product"}],"about":[{"href":"https:\/\/vimaterial.de\/fr\/wp-json\/wp\/v2\/types\/product"}],"replies":[{"embeddable":true,"href":"https:\/\/vimaterial.de\/fr\/wp-json\/wp\/v2\/comments?post=1026308"}],"wp:featuredmedia":[{"embeddable":true,"href":"https:\/\/vimaterial.de\/fr\/wp-json\/wp\/v2\/media\/1033594"}],"wp:attachment":[{"href":"https:\/\/vimaterial.de\/fr\/wp-json\/wp\/v2\/media?parent=1026308"}],"wp:term":[{"taxonomy":"product_brand","embeddable":true,"href":"https:\/\/vimaterial.de\/fr\/wp-json\/wp\/v2\/product_brand?post=1026308"},{"taxonomy":"product_cat","embeddable":true,"href":"https:\/\/vimaterial.de\/fr\/wp-json\/wp\/v2\/product_cat?post=1026308"},{"taxonomy":"product_tag","embeddable":true,"href":"https:\/\/vimaterial.de\/fr\/wp-json\/wp\/v2\/product_tag?post=1026308"}],"curies":[{"name":"wp","href":"https:\/\/api.w.org\/{rel}","templated":true}]}}