{"id":1026275,"date":"2024-06-17T15:56:45","date_gmt":"2024-06-17T07:56:45","guid":{"rendered":"https:\/\/vimaterial.de\/product\/sulfure-de-bismuth-2\/"},"modified":"2024-10-11T14:31:52","modified_gmt":"2024-10-11T06:31:52","slug":"sulfure-de-bismuth-2","status":"publish","type":"product","link":"https:\/\/vimaterial.de\/fr\/product\/sulfure-de-bismuth-2\/","title":{"rendered":"Sulfure de bismuth"},"content":{"rendered":"<p>Les particules de sulfure de bismuth sont un mat\u00e9riau compos\u00e9 inorganique important.<\/p>\n<p>&nbsp;<\/p>\n<p>Informations de base :<\/p>\n<p>&nbsp;<\/p>\n<p>Formule chimique : Bi\u2082S\u2083, compos\u00e9 de deux \u00e9l\u00e9ments : le bismuth (Bi) et le soufre (S).<\/p>\n<p>Apparence\u00a0: G\u00e9n\u00e9ralement des particules de poudre brun fonc\u00e9, mais en fonction de la m\u00e9thode de pr\u00e9paration et de la puret\u00e9 et d\u2019autres facteurs, la couleur peut varier.<\/p>\n<p>Densit\u00e9 : La densit\u00e9 relative est comprise entre 6,78 et 7,8 g\/cm\u00b3.<\/p>\n<p>Point de fusion : environ 685\u00b0C (temp\u00e9rature de d\u00e9composition).<\/p>\n<p>Structure cristalline : appartient au syst\u00e8me cristallin trigonal.<\/p>\n<p>&nbsp;<\/p>\n<p>M\u00e9thode de pr\u00e9paration :<\/p>\n<p>&nbsp;<\/p>\n<p>M\u00e9thode de synth\u00e8se directe : La poudre de bismuth et la poudre de soufre sont m\u00e9lang\u00e9es dans une certaine proportion, et les particules de sulfure de bismuth sont directement g\u00e9n\u00e9r\u00e9es dans des conditions de temp\u00e9rature \u00e9lev\u00e9e.<\/p>\n<p>&nbsp;<\/p>\n<p>M\u00e9thode de solution\u00a0: La solution de sel de bismuth est m\u00e9lang\u00e9e \u00e0 une solution compos\u00e9e contenant du soufre, et Bi\u2082S\u2083 est pr\u00e9cipit\u00e9 par r\u00e9action chimique, puis les particules de sulfure de bismuth sont obtenues par filtration, lavage, s\u00e9chage et autres \u00e9tapes. Cette m\u00e9thode peut \u00eatre r\u00e9alis\u00e9e \u00e0 des temp\u00e9ratures relativement basses, et la taille et la morphologie des particules peuvent \u00eatre ajust\u00e9es en contr\u00f4lant les conditions de r\u00e9action.<\/p>\n<p>&nbsp;<\/p>\n<p>Domaine d\u2019application :<\/p>\n<p>&nbsp;<\/p>\n<p>Domaine des semi-conducteurs : Le sulfure de bismuth est un mat\u00e9riau semi-conducteur, qui a un certain potentiel d\u2019application dans les dispositifs semi-conducteurs, et peut \u00eatre utilis\u00e9 pour pr\u00e9parer des photod\u00e9tecteurs, des cellules solaires, etc.<\/p>\n<p>&nbsp;<\/p>\n<p>Mat\u00e9riaux thermo\u00e9lectriques : Ces derni\u00e8res ann\u00e9es, le sulfure de bismuth a attir\u00e9 l\u2019attention en tant que nouveau mat\u00e9riau thermo\u00e9lectrique. En optimisant le processus de pr\u00e9paration et le dopage, les propri\u00e9t\u00e9s thermo\u00e9lectriques peuvent \u00eatre am\u00e9lior\u00e9es et devraient \u00eatre appliqu\u00e9es dans les domaines de la production d\u2019\u00e9nergie thermique r\u00e9siduelle et de la r\u00e9frig\u00e9ration par diff\u00e9rence de temp\u00e9rature.<\/p>\n<p>&nbsp;<\/p>\n<p>Champ optique : En raison de ses propri\u00e9t\u00e9s optiques particuli\u00e8res, il peut \u00eatre utilis\u00e9 pour pr\u00e9parer des rev\u00eatements optiques, des mat\u00e9riaux optiques non lin\u00e9aires, etc.<\/p>\n","protected":false},"excerpt":{"rendered":"<p>Les particules de sulfure de bismuth sont un mat\u00e9riau compos\u00e9 inorganique important.<\/p>\n<p>Domaine des semi-conducteurs : Le sulfure de bismuth est un mat\u00e9riau semi-conducteur, qui a un certain potentiel d\u2019application dans les dispositifs semi-conducteurs, et peut \u00eatre utilis\u00e9 pour pr\u00e9parer des photod\u00e9tecteurs, des cellules solaires, etc.<\/p>\n<p>Mat\u00e9riaux thermo\u00e9lectriques : Ces derni\u00e8res ann\u00e9es, le sulfure de bismuth a attir\u00e9 l\u2019attention en tant que nouveau mat\u00e9riau thermo\u00e9lectrique. En optimisant le processus de pr\u00e9paration et le dopage, les propri\u00e9t\u00e9s thermo\u00e9lectriques peuvent \u00eatre am\u00e9lior\u00e9es et devraient \u00eatre appliqu\u00e9es dans les domaines de la production d\u2019\u00e9nergie thermique r\u00e9siduelle et de la r\u00e9frig\u00e9ration par diff\u00e9rence de temp\u00e9rature.<\/p>\n<p>&nbsp;<\/p>\n","protected":false},"featured_media":1033604,"comment_status":"open","ping_status":"closed","template":"","meta":{"_acf_changed":false},"product_brand":[],"product_cat":[236],"product_tag":[],"class_list":{"0":"post-1026275","1":"product","2":"type-product","3":"status-publish","4":"has-post-thumbnail","6":"product_cat-materiaux-devaporation","8":"first","9":"instock","10":"shipping-taxable","11":"product-type-variable"},"acf":[],"_links":{"self":[{"href":"https:\/\/vimaterial.de\/fr\/wp-json\/wp\/v2\/product\/1026275","targetHints":{"allow":["GET"]}}],"collection":[{"href":"https:\/\/vimaterial.de\/fr\/wp-json\/wp\/v2\/product"}],"about":[{"href":"https:\/\/vimaterial.de\/fr\/wp-json\/wp\/v2\/types\/product"}],"replies":[{"embeddable":true,"href":"https:\/\/vimaterial.de\/fr\/wp-json\/wp\/v2\/comments?post=1026275"}],"wp:featuredmedia":[{"embeddable":true,"href":"https:\/\/vimaterial.de\/fr\/wp-json\/wp\/v2\/media\/1033604"}],"wp:attachment":[{"href":"https:\/\/vimaterial.de\/fr\/wp-json\/wp\/v2\/media?parent=1026275"}],"wp:term":[{"taxonomy":"product_brand","embeddable":true,"href":"https:\/\/vimaterial.de\/fr\/wp-json\/wp\/v2\/product_brand?post=1026275"},{"taxonomy":"product_cat","embeddable":true,"href":"https:\/\/vimaterial.de\/fr\/wp-json\/wp\/v2\/product_cat?post=1026275"},{"taxonomy":"product_tag","embeddable":true,"href":"https:\/\/vimaterial.de\/fr\/wp-json\/wp\/v2\/product_tag?post=1026275"}],"curies":[{"name":"wp","href":"https:\/\/api.w.org\/{rel}","templated":true}]}}