{"id":1026261,"date":"2024-06-17T15:56:46","date_gmt":"2024-06-17T07:56:46","guid":{"rendered":"https:\/\/vimaterial.de\/product\/seleniure-de-bismuth-3\/"},"modified":"2024-10-25T13:56:53","modified_gmt":"2024-10-25T05:56:53","slug":"seleniure-de-bismuth-3","status":"publish","type":"product","link":"https:\/\/vimaterial.de\/fr\/product\/seleniure-de-bismuth-3\/","title":{"rendered":"S\u00e9l\u00e9niure de bismuth"},"content":{"rendered":"<p>Les particules de s\u00e9l\u00e9niure de bismuth sont un mat\u00e9riau fonctionnel important avec des propri\u00e9t\u00e9s physicochimiques uniques et un large \u00e9ventail d\u2019applications.<\/p>\n<h3>Informations de base :<\/h3>\n<p>Formule chimique : Bi\u2082Se\u2083, indiquant qu\u2019il est compos\u00e9 de deux \u00e9l\u00e9ments, le bismuth (Bi) et le s\u00e9l\u00e9nium (Se), dans un rapport de 2:3.<\/p>\n<p>Poids mol\u00e9culaire : 654,84.<\/p>\n<p>N\u00b0 CAS : 12068-69-8.<\/p>\n<p>Num\u00e9ro EINECS : 235-104-7.<\/p>\n<p>Apparence\u00a0: G\u00e9n\u00e9ralement poudre solide grise.<\/p>\n<p>Densit\u00e9 : relativement \u00e9lev\u00e9e, environ 6,82 g\/cm\u00b3.<\/p>\n<p>Point de fusion : 710\u00b0C.<\/p>\n<p>Structure cristalline : Il appartient \u00e0 la structure cristalline hexa\u00e9drique rhombo\u00e9drique.<\/p>\n<h3>Propri\u00e9t\u00e9s chimiques :<\/h3>\n<p>Stabilit\u00e9 : il est relativement stable \u00e0 temp\u00e9rature et pression ambiantes, mais insoluble dans les alcalis et facilement d\u00e9compos\u00e9 par l\u2019acide concentr\u00e9 et l\u2019eau r\u00e9gale.<\/p>\n<p>R\u00e9activit\u00e9 : il peut r\u00e9agir avec certains agents oxydants, comme la r\u00e9action d\u2019oxydation avec l\u2019oxyg\u00e8ne \u00e0 haute temp\u00e9rature.<\/p>\n<h3>Domaines d\u2019application :<\/h3>\n<p>\u00c9lectronique : en tant qu\u2019isolant topologique tridimensionnel, le s\u00e9l\u00e9niure de bismuth a d\u2019importantes applications dans l\u2019\u00e9lectronique. L\u2019existence d\u2019\u00e9tats \u00e9lectroniques sp\u00e9ciaux \u00e0 sa surface, avec des propri\u00e9t\u00e9s \u00e9lectroniques uniques telles que l\u2019effet Hall de spin quantique, peut \u00eatre utilis\u00e9e dans le d\u00e9veloppement de nouveaux dispositifs \u00e9lectroniques, tels que les transistors isolants topologiques et les dispositifs spintroniques isolants topologiques.<\/p>\n<p>Champ thermo\u00e9lectrique : Le s\u00e9l\u00e9niure de bismuth poss\u00e8de de bonnes propri\u00e9t\u00e9s thermo\u00e9lectriques, qui peuvent convertir l\u2019\u00e9nergie thermique en \u00e9nergie \u00e9lectrique, et a des applications potentielles dans des domaines tels que les g\u00e9n\u00e9rateurs thermo\u00e9lectriques, en particulier dans des conditions de temp\u00e9rature \u00e9lev\u00e9e.<\/p>\n<p>Champ optique : il peut \u00eatre utilis\u00e9 pour pr\u00e9parer des dispositifs optiques, tels que des d\u00e9tecteurs infrarouges et des dispositifs opto\u00e9lectroniques. Il a une bonne r\u00e9ponse optique dans la bande de longueurs d\u2019onde infrarouge, ce qui lui conf\u00e8re un certain potentiel d\u2019application dans le domaine de l\u2019optique infrarouge.<\/p>\n","protected":false},"excerpt":{"rendered":"<p>Les particules de s\u00e9l\u00e9niure de bismuth sont un mat\u00e9riau fonctionnel important avec des propri\u00e9t\u00e9s physicochimiques uniques et un large \u00e9ventail d\u2019applications.<\/p>\n<p>\u00c9lectronique : en tant qu\u2019isolant topologique tridimensionnel, le s\u00e9l\u00e9niure de bismuth a d\u2019importantes applications dans l\u2019\u00e9lectronique. L\u2019existence d\u2019\u00e9tats \u00e9lectroniques sp\u00e9ciaux \u00e0 sa surface, avec des propri\u00e9t\u00e9s \u00e9lectroniques uniques telles que l\u2019effet Hall de spin quantique, peut \u00eatre utilis\u00e9e dans le d\u00e9veloppement de nouveaux dispositifs \u00e9lectroniques, tels que les transistors isolants topologiques et les dispositifs spintroniques isolants topologiques.<\/p>\n<p>Champ thermo\u00e9lectrique : Bi\u2082Se\u2083 poss\u00e8de de bonnes propri\u00e9t\u00e9s thermo\u00e9lectriques, qui peuvent convertir l\u2019\u00e9nergie thermique en \u00e9nergie \u00e9lectrique, et a des applications potentielles dans des domaines tels que les g\u00e9n\u00e9rateurs thermo\u00e9lectriques, en particulier dans des conditions de temp\u00e9rature \u00e9lev\u00e9e.<\/p>\n","protected":false},"featured_media":1033614,"comment_status":"open","ping_status":"closed","template":"","meta":{"_acf_changed":false},"product_brand":[],"product_cat":[236],"product_tag":[],"class_list":{"0":"post-1026261","1":"product","2":"type-product","3":"status-publish","4":"has-post-thumbnail","6":"product_cat-materiaux-devaporation","8":"first","9":"instock","10":"shipping-taxable","11":"product-type-variable"},"acf":[],"_links":{"self":[{"href":"https:\/\/vimaterial.de\/fr\/wp-json\/wp\/v2\/product\/1026261","targetHints":{"allow":["GET"]}}],"collection":[{"href":"https:\/\/vimaterial.de\/fr\/wp-json\/wp\/v2\/product"}],"about":[{"href":"https:\/\/vimaterial.de\/fr\/wp-json\/wp\/v2\/types\/product"}],"replies":[{"embeddable":true,"href":"https:\/\/vimaterial.de\/fr\/wp-json\/wp\/v2\/comments?post=1026261"}],"wp:featuredmedia":[{"embeddable":true,"href":"https:\/\/vimaterial.de\/fr\/wp-json\/wp\/v2\/media\/1033614"}],"wp:attachment":[{"href":"https:\/\/vimaterial.de\/fr\/wp-json\/wp\/v2\/media?parent=1026261"}],"wp:term":[{"taxonomy":"product_brand","embeddable":true,"href":"https:\/\/vimaterial.de\/fr\/wp-json\/wp\/v2\/product_brand?post=1026261"},{"taxonomy":"product_cat","embeddable":true,"href":"https:\/\/vimaterial.de\/fr\/wp-json\/wp\/v2\/product_cat?post=1026261"},{"taxonomy":"product_tag","embeddable":true,"href":"https:\/\/vimaterial.de\/fr\/wp-json\/wp\/v2\/product_tag?post=1026261"}],"curies":[{"name":"wp","href":"https:\/\/api.w.org\/{rel}","templated":true}]}}