{"id":1026256,"date":"2024-06-17T15:56:45","date_gmt":"2024-06-17T07:56:45","guid":{"rendered":"https:\/\/vimaterial.de\/product\/sulfure-de-bismuth\/"},"modified":"2024-10-11T15:00:50","modified_gmt":"2024-10-11T07:00:50","slug":"sulfure-de-bismuth","status":"publish","type":"product","link":"https:\/\/vimaterial.de\/fr\/product\/sulfure-de-bismuth\/","title":{"rendered":"Sulfure de bismuth"},"content":{"rendered":"<p>La poudre de sulfure de bismuth est un compos\u00e9 inorganique important.<\/p>\n<p>&nbsp;<\/p>\n<p>Informations de base :<\/p>\n<p>&nbsp;<\/p>\n<p>Formule chimique : Bi\u2082S\u2083, compos\u00e9 de bismuth (Bi) et de soufre (S).<\/p>\n<p>Num\u00e9ro CAS : 1345-07-9.<\/p>\n<p>Poids mol\u00e9culaire : 514,16.<\/p>\n<p>&nbsp;<\/p>\n<p>Propri\u00e9t\u00e9s physiques\u00a0:<\/p>\n<p>&nbsp;<\/p>\n<p>Apparence\u00a0: G\u00e9n\u00e9ralement une poudre brun fonc\u00e9 ou jaune brun\u00e2tre.<\/p>\n<p>Densit\u00e9\u00a0: La densit\u00e9 relative est d\u2019environ 7,6-7,8 g \/ cm\u00b3.<\/p>\n<p>Point de fusion : environ 685\u00b0C (temp\u00e9rature de d\u00e9composition).<\/p>\n<p>Structure cristalline : appartient au syst\u00e8me cristallin triangulaire, avec une structure en couches sp\u00e9ciale et des liaisons faibles entre les unit\u00e9s en couches.<\/p>\n<p>&nbsp;<\/p>\n<p>M\u00e9thode de pr\u00e9paration :<\/p>\n<p>&nbsp;<\/p>\n<p>M\u00e9thode de synth\u00e8se directe : la poudre de bismuth et la poudre de soufre sont m\u00e9lang\u00e9es selon une certaine proportion, et la poudre Bi\u2082S\u2083 r\u00e9agit directement dans des conditions de temp\u00e9rature \u00e9lev\u00e9e.<\/p>\n<p>&nbsp;<\/p>\n<p>M\u00e9thode de solution\u00a0: La solution saline de bismuth est m\u00e9lang\u00e9e \u00e0 une solution compos\u00e9e contenant du soufre, et Bi\u2082S\u2083 est pr\u00e9cipit\u00e9 par r\u00e9action chimique, puis la poudre Bi\u2082S\u2083 est obtenue par filtration, lavage, s\u00e9chage et autres \u00e9tapes.<\/p>\n<p>&nbsp;<\/p>\n<p>Domaine d\u2019application :<\/p>\n<p>&nbsp;<\/p>\n<p>Domaine des semi-conducteurs : En tant que mat\u00e9riau semi-conducteur important, le sulfure de bismuth a des applications potentielles dans les dispositifs thermo\u00e9lectriques, \u00e9lectroniques et opto\u00e9lectroniques.<\/p>\n<p>&nbsp;<\/p>\n<p>Champ optique : Il peut \u00eatre utilis\u00e9 pour fabriquer des convertisseurs photo\u00e9lectriques et offre un large \u00e9ventail de perspectives d\u2019application dans la spectroscopie infrarouge, les mat\u00e9riaux luminescents, les mat\u00e9riaux optiques non lin\u00e9aires, etc.<\/p>\n","protected":false},"excerpt":{"rendered":"<p>La poudre de sulfure de bismuth est un compos\u00e9 inorganique important.<\/p>\n<p>Domaine des semi-conducteurs : En tant que mat\u00e9riau semi-conducteur important, le Bi\u2082S\u2083 a des applications potentielles dans les dispositifs thermo\u00e9lectriques, \u00e9lectroniques et opto\u00e9lectroniques.<\/p>\n<p>Champ optique : Il peut \u00eatre utilis\u00e9 pour fabriquer des convertisseurs photo\u00e9lectriques et offre un large \u00e9ventail de perspectives d\u2019application dans la spectroscopie infrarouge, les mat\u00e9riaux luminescents, les mat\u00e9riaux optiques non lin\u00e9aires, etc.<\/p>\n","protected":false},"featured_media":1033609,"comment_status":"open","ping_status":"closed","template":"","meta":{"_acf_changed":false},"product_brand":[],"product_cat":[238],"product_tag":[],"class_list":{"0":"post-1026256","1":"product","2":"type-product","3":"status-publish","4":"has-post-thumbnail","6":"product_cat-materiaux-de-chalcogenure","8":"first","9":"instock","10":"shipping-taxable","11":"product-type-variable"},"acf":[],"_links":{"self":[{"href":"https:\/\/vimaterial.de\/fr\/wp-json\/wp\/v2\/product\/1026256","targetHints":{"allow":["GET"]}}],"collection":[{"href":"https:\/\/vimaterial.de\/fr\/wp-json\/wp\/v2\/product"}],"about":[{"href":"https:\/\/vimaterial.de\/fr\/wp-json\/wp\/v2\/types\/product"}],"replies":[{"embeddable":true,"href":"https:\/\/vimaterial.de\/fr\/wp-json\/wp\/v2\/comments?post=1026256"}],"wp:featuredmedia":[{"embeddable":true,"href":"https:\/\/vimaterial.de\/fr\/wp-json\/wp\/v2\/media\/1033609"}],"wp:attachment":[{"href":"https:\/\/vimaterial.de\/fr\/wp-json\/wp\/v2\/media?parent=1026256"}],"wp:term":[{"taxonomy":"product_brand","embeddable":true,"href":"https:\/\/vimaterial.de\/fr\/wp-json\/wp\/v2\/product_brand?post=1026256"},{"taxonomy":"product_cat","embeddable":true,"href":"https:\/\/vimaterial.de\/fr\/wp-json\/wp\/v2\/product_cat?post=1026256"},{"taxonomy":"product_tag","embeddable":true,"href":"https:\/\/vimaterial.de\/fr\/wp-json\/wp\/v2\/product_tag?post=1026256"}],"curies":[{"name":"wp","href":"https:\/\/api.w.org\/{rel}","templated":true}]}}