{"id":1026246,"date":"2024-06-17T15:56:46","date_gmt":"2024-06-17T07:56:46","guid":{"rendered":"https:\/\/vimaterial.de\/product\/seleniure-de-bismuth-2\/"},"modified":"2024-10-25T14:22:15","modified_gmt":"2024-10-25T06:22:15","slug":"seleniure-de-bismuth-2","status":"publish","type":"product","link":"https:\/\/vimaterial.de\/fr\/product\/seleniure-de-bismuth-2\/","title":{"rendered":"S\u00e9l\u00e9niure de bismuth"},"content":{"rendered":"<p>Les cibles Bi\u2082Se\u2083 sont un mat\u00e9riau important avec un large \u00e9ventail d\u2019applications dans plusieurs domaines.<\/p>\n<h3>Informations de base :<\/h3>\n<p>Composition chimique : Il est compos\u00e9 de deux \u00e9l\u00e9ments, le bismuth (Bi) et le s\u00e9l\u00e9nium (Se) dans un rapport de 2:3.<\/p>\n<p>Structure cristalline : Il appartient \u00e0 la structure cristalline hexa\u00e9drique rhombo\u00e9drique, ce qui conf\u00e8re \u00e0 la cible Bi\u2082Se\u2083 des propri\u00e9t\u00e9s physiques anisotropes.<\/p>\n<p>Apparence : G\u00e9n\u00e9ralement gris ou noir grumeleux solide.<\/p>\n<p>Densit\u00e9 : environ 6,82 g\/cm\u00b3.<\/p>\n<p>Point de fusion : Relativement \u00e9lev\u00e9, environ 710\u00b0C.<\/p>\n<p>Conductivit\u00e9 : En tant que mat\u00e9riau semi-conducteur, la cible Bi\u2082Se\u2083 a une bonne conductivit\u00e9 dans certaines conditions.<\/p>\n<h3>Domaines d\u2019application :<\/h3>\n<p>\u00c9lectronique : En raison de ses propri\u00e9t\u00e9s isolantes topologiques uniques, les cibles de s\u00e9l\u00e9niure de bismuth peuvent \u00eatre utilis\u00e9es pour pr\u00e9parer de nouveaux dispositifs \u00e9lectroniques tels que des transistors topologiques et des dispositifs spintroniques.<\/p>\n<p>Champ optique : Le s\u00e9l\u00e9niure de bismuth peut \u00eatre utilis\u00e9 pour pr\u00e9parer des dispositifs optiques, tels que des d\u00e9tecteurs infrarouges, des modulateurs de lumi\u00e8re, etc. Il a une bonne r\u00e9ponse optique dans la bande infrarouge, ce qui lui conf\u00e8re un certain potentiel d\u2019application dans le domaine de l\u2019optique infrarouge.<\/p>\n<p>Pr\u00e9paration des couches minces : Gr\u00e2ce \u00e0 la pulv\u00e9risation magn\u00e9tron et \u00e0 d\u2019autres techniques de rev\u00eatement, les cibles Bi\u2082Se\u2083 peuvent \u00eatre utilis\u00e9es pour pr\u00e9parer des films minces Bi\u2082Se\u2083 sur une vari\u00e9t\u00e9 de substrats, qui ont un large \u00e9ventail d\u2019applications dans le domaine de l\u2019\u00e9lectronique, de l\u2019optique et d\u2019autres domaines.<\/p>\n<p>Recherche scientifique : En tant que nouveau type de mat\u00e9riau fonctionnel, la cible Bi\u2082Se\u2083 est largement utilis\u00e9e dans la recherche fondamentale en science des mat\u00e9riaux, en physique et dans d\u2019autres domaines de recherche scientifique pour explorer ses propri\u00e9t\u00e9s physiques uniques et sa valeur d\u2019application potentielle.<\/p>\n","protected":false},"excerpt":{"rendered":"<p>Les cibles de s\u00e9l\u00e9niure de bismuth sont un mat\u00e9riau important avec un large \u00e9ventail d\u2019applications dans plusieurs domaines.<\/p>\n<p>\u00c9lectronique : En raison de ses propri\u00e9t\u00e9s isolantes topologiques uniques, les cibles de s\u00e9l\u00e9niure de bismuth peuvent \u00eatre utilis\u00e9es pour pr\u00e9parer de nouveaux dispositifs \u00e9lectroniques tels que des transistors topologiques et des dispositifs spintroniques.<\/p>\n<p>Champ optique : Le s\u00e9l\u00e9niure de bismuth peut \u00eatre utilis\u00e9 pour pr\u00e9parer des dispositifs optiques, tels que des d\u00e9tecteurs infrarouges, des modulateurs de lumi\u00e8re, etc. Il a une bonne r\u00e9ponse optique dans la bande infrarouge, ce qui lui conf\u00e8re un certain potentiel d\u2019application dans le domaine de l\u2019optique infrarouge.<\/p>\n<p>&nbsp;<\/p>\n","protected":false},"featured_media":1033624,"comment_status":"open","ping_status":"closed","template":"","meta":{"_acf_changed":false},"product_brand":[],"product_cat":[235],"product_tag":[],"class_list":{"0":"post-1026246","1":"product","2":"type-product","3":"status-publish","4":"has-post-thumbnail","6":"product_cat-cibles-de-pulverisation-planaire","8":"first","9":"instock","10":"shipping-taxable","11":"product-type-variable"},"acf":[],"_links":{"self":[{"href":"https:\/\/vimaterial.de\/fr\/wp-json\/wp\/v2\/product\/1026246","targetHints":{"allow":["GET"]}}],"collection":[{"href":"https:\/\/vimaterial.de\/fr\/wp-json\/wp\/v2\/product"}],"about":[{"href":"https:\/\/vimaterial.de\/fr\/wp-json\/wp\/v2\/types\/product"}],"replies":[{"embeddable":true,"href":"https:\/\/vimaterial.de\/fr\/wp-json\/wp\/v2\/comments?post=1026246"}],"wp:featuredmedia":[{"embeddable":true,"href":"https:\/\/vimaterial.de\/fr\/wp-json\/wp\/v2\/media\/1033624"}],"wp:attachment":[{"href":"https:\/\/vimaterial.de\/fr\/wp-json\/wp\/v2\/media?parent=1026246"}],"wp:term":[{"taxonomy":"product_brand","embeddable":true,"href":"https:\/\/vimaterial.de\/fr\/wp-json\/wp\/v2\/product_brand?post=1026246"},{"taxonomy":"product_cat","embeddable":true,"href":"https:\/\/vimaterial.de\/fr\/wp-json\/wp\/v2\/product_cat?post=1026246"},{"taxonomy":"product_tag","embeddable":true,"href":"https:\/\/vimaterial.de\/fr\/wp-json\/wp\/v2\/product_tag?post=1026246"}],"curies":[{"name":"wp","href":"https:\/\/api.w.org\/{rel}","templated":true}]}}