{"id":1026234,"date":"2024-06-17T15:56:46","date_gmt":"2024-06-17T07:56:46","guid":{"rendered":"https:\/\/vimaterial.de\/product\/seleniure-de-bismuth\/"},"modified":"2024-10-25T14:09:13","modified_gmt":"2024-10-25T06:09:13","slug":"seleniure-de-bismuth","status":"publish","type":"product","link":"https:\/\/vimaterial.de\/fr\/product\/seleniure-de-bismuth\/","title":{"rendered":"S\u00e9l\u00e9niure de bismuth"},"content":{"rendered":"<p>La poudre de s\u00e9l\u00e9niure de bismuth est un mat\u00e9riau fonctionnel important avec des propri\u00e9t\u00e9s physicochimiques uniques et un large \u00e9ventail d\u2019applications.<\/p>\n<p>Informations de base :<\/p>\n<p>Formule chimique : Bi\u2082Se\u2083, indiquant qu\u2019il est compos\u00e9 de deux \u00e9l\u00e9ments, le bismuth (Bi) et le s\u00e9l\u00e9nium (Se), dans un rapport de 2:3.<br \/>\nStructure cristalline : Il appartient au syst\u00e8me cristallin hexagonal, et son arrangement atomique est compos\u00e9 de cinq couches d\u2019atomes reli\u00e9es par des liaisons covalentes, et les couches atomiques sont dispos\u00e9es selon la combinaison de Se-Bi-Se-Bi-Se.<br \/>\nAspect : g\u00e9n\u00e9ralement une poudre grise ou noire.<br \/>\nDensit\u00e9 : La masse volumique th\u00e9orique est d\u2019environ 7,18 g\/cm\u00b3.<br \/>\nPoint de fusion : Le point de fusion est relativement \u00e9lev\u00e9, environ 710\u00b0C.<\/p>\n<p>Propri\u00e9t\u00e9s chimiques :<\/p>\n<p>Stabilit\u00e9 : il est relativement stable \u00e0 temp\u00e9rature et pression ambiantes, mais peut subir des r\u00e9actions chimiques dans des environnements chimiques extr\u00eames tels que des acides et des bases forts.<\/p>\n<p>Propri\u00e9t\u00e9s oxydantes et r\u00e9ductrices : les \u00e9l\u00e9ments bismuth et s\u00e9l\u00e9nium qu\u2019il contient ont une certaine activit\u00e9 redox et peuvent participer \u00e0 certaines r\u00e9actions redox. Par exemple, des agents r\u00e9ducteurs et des conditions de r\u00e9action appropri\u00e9s sont n\u00e9cessaires pour synth\u00e9tiser la poudre Bi\u2082Se\u2083 dans le processus de pr\u00e9paration.<\/p>\n<p>Domaines d\u2019application :<\/p>\n<p>Champ thermo\u00e9lectrique : Le s\u00e9l\u00e9niure de bismuth est un excellent mat\u00e9riau thermo\u00e9lectrique avec une valeur thermo\u00e9lectrique optimale \u00e9lev\u00e9e, qui peut \u00eatre utilis\u00e9 pour convertir l\u2019\u00e9nergie thermique en \u00e9lectricit\u00e9, et a des applications potentielles dans les g\u00e9n\u00e9rateurs thermo\u00e9lectriques, la r\u00e9frig\u00e9ration thermo\u00e9lectrique et d\u2019autres domaines.<\/p>\n<p>Domaine de l\u2019\u00e9lectronique : en raison de ses propri\u00e9t\u00e9s d\u2019isolation topologique, Bi\u2082Se\u2083 est d\u2019une grande importance dans la recherche et le d\u00e9veloppement de nouveaux dispositifs \u00e9lectroniques, tels que les transistors topologiques et les dispositifs spintroniques.<\/p>\n<p>Champ optique : Il peut \u00eatre utilis\u00e9 pour pr\u00e9parer des dispositifs optiques, tels que des d\u00e9tecteurs infrarouges, des modulateurs de lumi\u00e8re, etc., et pr\u00e9sente un certain potentiel d\u2019application dans le domaine de l\u2019optique infrarouge. Champ du capteur : Gr\u00e2ce \u00e0 sa sensibilit\u00e9 \u00e0 certains gaz ou substances, il peut \u00eatre utilis\u00e9 pour pr\u00e9parer des capteurs de gaz, des biocapteurs, etc.<\/p>\n","protected":false},"excerpt":{"rendered":"<p>La poudre de s\u00e9l\u00e9niure de bismuth est un mat\u00e9riau fonctionnel important avec des propri\u00e9t\u00e9s physicochimiques uniques et un large \u00e9ventail d\u2019applications.<\/p>\n<p>Champ thermo\u00e9lectrique : Le s\u00e9l\u00e9niure de bismuth est un excellent mat\u00e9riau thermo\u00e9lectrique avec une valeur thermo\u00e9lectrique optimale \u00e9lev\u00e9e, qui peut \u00eatre utilis\u00e9 pour convertir l\u2019\u00e9nergie thermique en \u00e9lectricit\u00e9, et a des applications potentielles dans les g\u00e9n\u00e9rateurs thermo\u00e9lectriques, la r\u00e9frig\u00e9ration thermo\u00e9lectrique et d\u2019autres domaines.<\/p>\n<p>Domaine de l\u2019\u00e9lectronique : en raison de ses propri\u00e9t\u00e9s d\u2019isolation topologique, Bi\u2082Se\u2083 est d\u2019une grande importance dans la recherche et le d\u00e9veloppement de nouveaux dispositifs \u00e9lectroniques, tels que les transistors topologiques et les dispositifs spintroniques.<\/p>\n","protected":false},"featured_media":1033619,"comment_status":"open","ping_status":"closed","template":"","meta":{"_acf_changed":false},"product_brand":[],"product_cat":[238],"product_tag":[],"class_list":{"0":"post-1026234","1":"product","2":"type-product","3":"status-publish","4":"has-post-thumbnail","6":"product_cat-materiaux-de-chalcogenure","8":"first","9":"instock","10":"shipping-taxable","11":"product-type-variable"},"acf":[],"_links":{"self":[{"href":"https:\/\/vimaterial.de\/fr\/wp-json\/wp\/v2\/product\/1026234","targetHints":{"allow":["GET"]}}],"collection":[{"href":"https:\/\/vimaterial.de\/fr\/wp-json\/wp\/v2\/product"}],"about":[{"href":"https:\/\/vimaterial.de\/fr\/wp-json\/wp\/v2\/types\/product"}],"replies":[{"embeddable":true,"href":"https:\/\/vimaterial.de\/fr\/wp-json\/wp\/v2\/comments?post=1026234"}],"wp:featuredmedia":[{"embeddable":true,"href":"https:\/\/vimaterial.de\/fr\/wp-json\/wp\/v2\/media\/1033619"}],"wp:attachment":[{"href":"https:\/\/vimaterial.de\/fr\/wp-json\/wp\/v2\/media?parent=1026234"}],"wp:term":[{"taxonomy":"product_brand","embeddable":true,"href":"https:\/\/vimaterial.de\/fr\/wp-json\/wp\/v2\/product_brand?post=1026234"},{"taxonomy":"product_cat","embeddable":true,"href":"https:\/\/vimaterial.de\/fr\/wp-json\/wp\/v2\/product_cat?post=1026234"},{"taxonomy":"product_tag","embeddable":true,"href":"https:\/\/vimaterial.de\/fr\/wp-json\/wp\/v2\/product_tag?post=1026234"}],"curies":[{"name":"wp","href":"https:\/\/api.w.org\/{rel}","templated":true}]}}