{"id":1026214,"date":"2024-06-17T15:56:46","date_gmt":"2024-06-17T07:56:46","guid":{"rendered":"https:\/\/vimaterial.de\/product\/tellurure-de-bismuth-iii-3\/"},"modified":"2024-10-25T14:40:34","modified_gmt":"2024-10-25T06:40:34","slug":"tellurure-de-bismuth-iii-3","status":"publish","type":"product","link":"https:\/\/vimaterial.de\/fr\/product\/tellurure-de-bismuth-iii-3\/","title":{"rendered":"Bismuth (III) Tellurure"},"content":{"rendered":"<p>Les particules Bi\u2082Te\u2083 sont un mat\u00e9riau fonctionnel important avec des propri\u00e9t\u00e9s physicochimiques uniques et un large \u00e9ventail d\u2019applications.<\/p>\n<h3>Informations de base :<\/h3>\n<p>Composition chimique\u00a0: Il est compos\u00e9 de deux \u00e9l\u00e9ments, le bismuth (Bi) et le tellure (Te), dans un rapport de 2:3.<\/p>\n<p>Structure cristalline : Il appartient au syst\u00e8me cristallin tripartite et a une structure en couches, ce qui conf\u00e8re aux particules Bi\u2082Te\u2083 des propri\u00e9t\u00e9s physiques anisotropes dans certaines directions.<\/p>\n<p>Poids mol\u00e9culaire : environ 800,76.<\/p>\n<p>Aspect : particules poudreuses g\u00e9n\u00e9ralement grises.<\/p>\n<p>Densit\u00e9 : Relativement \u00e9lev\u00e9e, environ 7,642 g\/cm\u00b3.<\/p>\n<p>Point de fusion : Relativement bas, environ 585\u00b0C.<\/p>\n<h3>Propri\u00e9t\u00e9s chimiques :<\/h3>\n<p>Stabilit\u00e9 : il est plus stable \u00e0 temp\u00e9rature et \u00e0 pression ambiantes, mais dans certains environnements chimiques sp\u00e9cifiques, tels que les acides et les bases forts, des r\u00e9actions chimiques peuvent se produire.<\/p>\n<p>Propri\u00e9t\u00e9 redox : les \u00e9l\u00e9ments bismuth et tellure qu\u2019il contient ont une certaine activit\u00e9 redox et peuvent participer \u00e0 certaines r\u00e9actions redox.<\/p>\n<h3>Domaines d\u2019application :<\/h3>\n<p>Champ thermo\u00e9lectrique : Les particules Bismuth Telluride sont actuellement l\u2019un des mat\u00e9riaux thermo\u00e9lectriques les plus performants pr\u00e8s de la temp\u00e9rature ambiante et peuvent \u00eatre utilis\u00e9es pour fabriquer des g\u00e9n\u00e9rateurs d\u2019\u00e9nergie thermo\u00e9lectrique et des dispositifs de r\u00e9frig\u00e9ration \u00e9lectroniques.<\/p>\n<p>Champ optique : En raison de la large gamme de r\u00e9ponse \u00e0 la lumi\u00e8re, de l\u2019ultraviolet \u00e0 l\u2019infrarouge lointain, les particules Bi\u2082Te\u2083 peuvent \u00eatre utilis\u00e9es pour fabriquer des photod\u00e9tecteurs, qui sont largement utilis\u00e9s dans les domaines de la d\u00e9tection de flammes, de l\u2019analyse spectrale et de l\u2019observation astronomique.<\/p>\n<p>Champ des isolants topologiques : Le telluride de bismuth est un repr\u00e9sentant typique des isolants topologiques, qui est isolant \u00e0 l\u2019int\u00e9rieur et m\u00e9talliquement conducteur \u00e0 la surface, une propri\u00e9t\u00e9 qui le rend potentiellement utile dans l\u2019informatique quantique et les dispositifs \u00e9lectroniques haute performance.<\/p>\n","protected":false},"excerpt":{"rendered":"<p>Les particules de Bismuth Telluride sont un mat\u00e9riau fonctionnel important avec des propri\u00e9t\u00e9s physicochimiques uniques et un large \u00e9ventail d\u2019applications.<\/p>\n<p>Champ thermo\u00e9lectrique : Les particules de Bismuth Telluride sont actuellement l\u2019un des mat\u00e9riaux thermo\u00e9lectriques les plus performants pr\u00e8s de la temp\u00e9rature ambiante et peuvent \u00eatre utilis\u00e9es pour fabriquer des g\u00e9n\u00e9rateurs d\u2019\u00e9nergie thermo\u00e9lectrique et des dispositifs de r\u00e9frig\u00e9ration \u00e9lectroniques.<\/p>\n<p>Champ optique : En raison de la large gamme de r\u00e9ponse \u00e0 la lumi\u00e8re, de l\u2019ultraviolet \u00e0 l\u2019infrarouge lointain, les particules Bi\u2082Te\u2083 peuvent \u00eatre utilis\u00e9es pour fabriquer des photod\u00e9tecteurs, qui sont largement utilis\u00e9s dans les domaines de la d\u00e9tection de flammes, de l\u2019analyse spectrale et de l\u2019observation astronomique.<\/p>\n","protected":false},"featured_media":1033629,"comment_status":"open","ping_status":"closed","template":"","meta":{"_acf_changed":false},"product_brand":[],"product_cat":[236],"product_tag":[],"class_list":{"0":"post-1026214","1":"product","2":"type-product","3":"status-publish","4":"has-post-thumbnail","6":"product_cat-materiaux-devaporation","8":"first","9":"instock","10":"shipping-taxable","11":"product-type-variable"},"acf":[],"_links":{"self":[{"href":"https:\/\/vimaterial.de\/fr\/wp-json\/wp\/v2\/product\/1026214","targetHints":{"allow":["GET"]}}],"collection":[{"href":"https:\/\/vimaterial.de\/fr\/wp-json\/wp\/v2\/product"}],"about":[{"href":"https:\/\/vimaterial.de\/fr\/wp-json\/wp\/v2\/types\/product"}],"replies":[{"embeddable":true,"href":"https:\/\/vimaterial.de\/fr\/wp-json\/wp\/v2\/comments?post=1026214"}],"wp:featuredmedia":[{"embeddable":true,"href":"https:\/\/vimaterial.de\/fr\/wp-json\/wp\/v2\/media\/1033629"}],"wp:attachment":[{"href":"https:\/\/vimaterial.de\/fr\/wp-json\/wp\/v2\/media?parent=1026214"}],"wp:term":[{"taxonomy":"product_brand","embeddable":true,"href":"https:\/\/vimaterial.de\/fr\/wp-json\/wp\/v2\/product_brand?post=1026214"},{"taxonomy":"product_cat","embeddable":true,"href":"https:\/\/vimaterial.de\/fr\/wp-json\/wp\/v2\/product_cat?post=1026214"},{"taxonomy":"product_tag","embeddable":true,"href":"https:\/\/vimaterial.de\/fr\/wp-json\/wp\/v2\/product_tag?post=1026214"}],"curies":[{"name":"wp","href":"https:\/\/api.w.org\/{rel}","templated":true}]}}