{"id":1026193,"date":"2024-06-17T15:56:47","date_gmt":"2024-06-17T07:56:47","guid":{"rendered":"https:\/\/vimaterial.de\/product\/tellurure-de-bismuth-iii-2\/"},"modified":"2024-10-25T10:55:27","modified_gmt":"2024-10-25T02:55:27","slug":"tellurure-de-bismuth-iii-2","status":"publish","type":"product","link":"https:\/\/vimaterial.de\/fr\/product\/tellurure-de-bismuth-iii-2\/","title":{"rendered":"Bismuth (III) Tellurure"},"content":{"rendered":"<p>Bismuth Telluride\u00a0est une cible importante pour les mat\u00e9riaux semi-conducteurs.<\/p>\n<h3>Informations de base :<\/h3>\n<p>Formule chimique : Bi\u2082Te\u2083.<\/p>\n<p>Poids mol\u00e9culaire : 800,76 g\/mol.<\/p>\n<p>N\u00b0 CAS : 1304-82-1.<\/p>\n<p>Apparence\u00a0: g\u00e9n\u00e9ralement feuille solide grise ou cible ronde.<\/p>\n<p>Point de fusion : 585\u00b0C.<\/p>\n<p>Densit\u00e9 : 7,642 g\/cm\u00b3.<\/p>\n<p>Structure cristalline : avec structure en couches.<\/p>\n<h3>Propri\u00e9t\u00e9s chimiques :<\/h3>\n<p>Stabilit\u00e9 : il est relativement stable \u00e0 temp\u00e9rature et pression ambiantes, mais peut r\u00e9agir chimiquement dans des conditions de temp\u00e9rature \u00e9lev\u00e9e et d\u2019agents oxydants puissants.<\/p>\n<p>R\u00e9activit\u00e9 : il peut r\u00e9agir avec certains acides et bases, et il faut veiller \u00e0 \u00e9viter tout contact avec ces substances lors de la pr\u00e9paration et de l\u2019utilisation.<\/p>\n<h3>Domaines d\u2019application :<\/h3>\n<p>Champ thermo\u00e9lectrique :Bismuth Telluride\u00a0est une sorte de mat\u00e9riau thermo\u00e9lectrique avec d\u2019excellentes performances, en utilisant son effet Seebeck et son effet Peltier, il peut convertir la chaleur et l\u2019\u00e9lectricit\u00e9 l\u2019une en l\u2019autre.<\/p>\n<p>Champ des semi-conducteurs : Il peut \u00eatre utilis\u00e9 pour pr\u00e9parer des dispositifs semi-conducteurs, tels que des diodes et des transistors. Sa structure \u00e9lectronique unique et ses propri\u00e9t\u00e9s semi-conductrices lui conf\u00e8rent un certain potentiel d\u2019application dans le domaine de l\u2019\u00e9lectronique des semi-conducteurs.<\/p>\n<p>Pr\u00e9paration des couches minces : Les couches minces de tellurure de bismuth sont pr\u00e9par\u00e9es \u00e0 l\u2019aide de cibles Bi\u2082Te\u2083 par pulv\u00e9risation cathodique magn\u00e9tron, \u00e9vaporation par faisceau d\u2019\u00e9lectrons et d\u2019autres techniques de rev\u00eatement, et ces films ont un large \u00e9ventail d\u2019applications dans les domaines de l\u2019optique et de l\u2019\u00e9lectronique, tels que les d\u00e9tecteurs infrarouges, les dispositifs opto\u00e9lectroniques, etc.<\/p>\n","protected":false},"excerpt":{"rendered":"<p>Bismuth Telluride\u00a0est une cible importante pour les mat\u00e9riaux semi-conducteurs.<\/p>\n<p>Champ thermo\u00e9lectrique :Bismuth Telluride est une sorte de mat\u00e9riau thermo\u00e9lectrique avec d\u2019excellentes performances, en utilisant son effet Seebeck et son effet Peltier, il peut convertir la chaleur et l\u2019\u00e9lectricit\u00e9 l\u2019une en l\u2019autre.<\/p>\n<p>Champ des semi-conducteurs : Il peut \u00eatre utilis\u00e9 pour pr\u00e9parer des dispositifs semi-conducteurs, tels que des diodes et des transistors. Sa structure \u00e9lectronique unique et ses propri\u00e9t\u00e9s semi-conductrices lui conf\u00e8rent un certain potentiel d\u2019application dans le domaine de l\u2019\u00e9lectronique des semi-conducteurs.<\/p>\n<p>&nbsp;<\/p>\n","protected":false},"featured_media":1033639,"comment_status":"open","ping_status":"closed","template":"","meta":{"_acf_changed":false},"product_brand":[],"product_cat":[235],"product_tag":[],"class_list":{"0":"post-1026193","1":"product","2":"type-product","3":"status-publish","4":"has-post-thumbnail","6":"product_cat-cibles-de-pulverisation-planaire","8":"first","9":"instock","10":"shipping-taxable","11":"purchasable","12":"product-type-variable"},"acf":[],"_links":{"self":[{"href":"https:\/\/vimaterial.de\/fr\/wp-json\/wp\/v2\/product\/1026193","targetHints":{"allow":["GET"]}}],"collection":[{"href":"https:\/\/vimaterial.de\/fr\/wp-json\/wp\/v2\/product"}],"about":[{"href":"https:\/\/vimaterial.de\/fr\/wp-json\/wp\/v2\/types\/product"}],"replies":[{"embeddable":true,"href":"https:\/\/vimaterial.de\/fr\/wp-json\/wp\/v2\/comments?post=1026193"}],"wp:featuredmedia":[{"embeddable":true,"href":"https:\/\/vimaterial.de\/fr\/wp-json\/wp\/v2\/media\/1033639"}],"wp:attachment":[{"href":"https:\/\/vimaterial.de\/fr\/wp-json\/wp\/v2\/media?parent=1026193"}],"wp:term":[{"taxonomy":"product_brand","embeddable":true,"href":"https:\/\/vimaterial.de\/fr\/wp-json\/wp\/v2\/product_brand?post=1026193"},{"taxonomy":"product_cat","embeddable":true,"href":"https:\/\/vimaterial.de\/fr\/wp-json\/wp\/v2\/product_cat?post=1026193"},{"taxonomy":"product_tag","embeddable":true,"href":"https:\/\/vimaterial.de\/fr\/wp-json\/wp\/v2\/product_tag?post=1026193"}],"curies":[{"name":"wp","href":"https:\/\/api.w.org\/{rel}","templated":true}]}}