{"id":1026181,"date":"2024-06-17T15:56:46","date_gmt":"2024-06-17T07:56:46","guid":{"rendered":"https:\/\/vimaterial.de\/product\/tellurure-de-bismuth-iii\/"},"modified":"2024-10-25T15:01:22","modified_gmt":"2024-10-25T07:01:22","slug":"tellurure-de-bismuth-iii","status":"publish","type":"product","link":"https:\/\/vimaterial.de\/fr\/product\/tellurure-de-bismuth-iii\/","title":{"rendered":"Bismuth (III) Tellurure"},"content":{"rendered":"<p>La poudre de tellurure de bismuth est un mat\u00e9riau semi-conducteur important avec des propri\u00e9t\u00e9s physicochimiques uniques et un large \u00e9ventail d\u2019applications.<\/p>\n<h3>Informations de base :<\/h3>\n<p>Composition chimique\u00a0: Il est compos\u00e9 de deux \u00e9l\u00e9ments, le bismuth (Bi) et le tellure (Te), dans un rapport de 2:3.<\/p>\n<p>Structure cristalline\u00a0: appartient au syst\u00e8me cristallin triangulaire, avec une structure en couches, cette structure donne au mat\u00e9riau des propri\u00e9t\u00e9s physiques anisotropes dans certaines directions.<\/p>\n<p>Poids mol\u00e9culaire : environ 800,76.<\/p>\n<p>Apparence : g\u00e9n\u00e9ralement une poudre grise.<\/p>\n<p>Densit\u00e9 : Relativement \u00e9lev\u00e9e, environ 7,642 &#8211; 7,8587 g\/cm\u00b3.<\/p>\n<p>Point de fusion : environ 575 &#8211; 585 \u00b0C.<\/p>\n<h3>Propri\u00e9t\u00e9s chimiques :<\/h3>\n<p>Stabilit\u00e9 : il est plus stable \u00e0 temp\u00e9rature et \u00e0 pression ambiantes, mais dans certains environnements chimiques sp\u00e9cifiques, tels que les acides et les bases forts, des r\u00e9actions chimiques peuvent se produire.<\/p>\n<p>Solubilit\u00e9 : soluble dans l\u2019\u00e9thanol, insoluble dans l\u2019eau.<\/p>\n<h3>Domaine d\u2019application :<\/h3>\n<p>Champ thermo\u00e9lectrique : c\u2019est l\u2019un des mat\u00e9riaux thermo\u00e9lectriques \u00e0 temp\u00e9rature ambiante les plus performants disponibles, et peut \u00eatre utilis\u00e9 pour fabriquer des dispositifs de production d\u2019\u00e9nergie thermo\u00e9lectrique et des \u00e9quipements de r\u00e9frig\u00e9ration \u00e9lectronique. Par exemple, il peut \u00eatre appliqu\u00e9 aux petits refroidisseurs, aux dissipateurs thermiques pour appareils \u00e9lectroniques et aux dispositifs de contr\u00f4le de la temp\u00e9rature dans certains environnements sp\u00e9ciaux.<\/p>\n<p>En raison de sa sensibilit\u00e9 aux changements de temp\u00e9rature, il peut \u00eatre utilis\u00e9 pour fabriquer des capteurs de temp\u00e9rature de haute pr\u00e9cision, qui ont des applications importantes dans la production industrielle, les \u00e9quipements m\u00e9dicaux, la surveillance de l\u2019environnement et d\u2019autres domaines.<\/p>\n<p>Champ photod\u00e9tecteur\u00a0: il peut \u00eatre utilis\u00e9 pour fabriquer des d\u00e9tecteurs thermo\u00e9lectriques \u00e0 lumi\u00e8re infrarouge \u00e0 ondes longues, qui jouent un r\u00f4le dans l\u2019imagerie infrarouge, la surveillance de la s\u00e9curit\u00e9, l\u2019a\u00e9rospatiale et d\u2019autres domaines.<\/p>\n","protected":false},"excerpt":{"rendered":"<p>La poudre de tellurure de bismuth est un mat\u00e9riau semi-conducteur important avec des propri\u00e9t\u00e9s physicochimiques uniques et un large \u00e9ventail d\u2019applications.<\/p>\n<p>Champ thermo\u00e9lectrique : Le telluride de bismuth est l\u2019un des mat\u00e9riaux thermo\u00e9lectriques \u00e0 temp\u00e9rature ambiante les plus performants disponibles et peut \u00eatre utilis\u00e9 pour fabriquer des dispositifs de production d\u2019\u00e9nergie thermo\u00e9lectrique et des \u00e9quipements de r\u00e9frig\u00e9ration \u00e9lectronique. Par exemple, il peut \u00eatre appliqu\u00e9 aux petits refroidisseurs, aux dissipateurs thermiques pour appareils \u00e9lectroniques et aux dispositifs de contr\u00f4le de la temp\u00e9rature dans certains environnements sp\u00e9ciaux.<\/p>\n<p>En raison de sa sensibilit\u00e9 aux changements de temp\u00e9rature, il peut \u00eatre utilis\u00e9 pour fabriquer des capteurs de temp\u00e9rature de haute pr\u00e9cision, qui ont des applications importantes dans la production industrielle, les \u00e9quipements m\u00e9dicaux, la surveillance de l\u2019environnement et d\u2019autres domaines.<\/p>\n","protected":false},"featured_media":1033634,"comment_status":"open","ping_status":"closed","template":"","meta":{"_acf_changed":false},"product_brand":[],"product_cat":[238],"product_tag":[],"class_list":{"0":"post-1026181","1":"product","2":"type-product","3":"status-publish","4":"has-post-thumbnail","6":"product_cat-materiaux-de-chalcogenure","8":"first","9":"instock","10":"shipping-taxable","11":"purchasable","12":"product-type-variable"},"acf":[],"_links":{"self":[{"href":"https:\/\/vimaterial.de\/fr\/wp-json\/wp\/v2\/product\/1026181","targetHints":{"allow":["GET"]}}],"collection":[{"href":"https:\/\/vimaterial.de\/fr\/wp-json\/wp\/v2\/product"}],"about":[{"href":"https:\/\/vimaterial.de\/fr\/wp-json\/wp\/v2\/types\/product"}],"replies":[{"embeddable":true,"href":"https:\/\/vimaterial.de\/fr\/wp-json\/wp\/v2\/comments?post=1026181"}],"wp:featuredmedia":[{"embeddable":true,"href":"https:\/\/vimaterial.de\/fr\/wp-json\/wp\/v2\/media\/1033634"}],"wp:attachment":[{"href":"https:\/\/vimaterial.de\/fr\/wp-json\/wp\/v2\/media?parent=1026181"}],"wp:term":[{"taxonomy":"product_brand","embeddable":true,"href":"https:\/\/vimaterial.de\/fr\/wp-json\/wp\/v2\/product_brand?post=1026181"},{"taxonomy":"product_cat","embeddable":true,"href":"https:\/\/vimaterial.de\/fr\/wp-json\/wp\/v2\/product_cat?post=1026181"},{"taxonomy":"product_tag","embeddable":true,"href":"https:\/\/vimaterial.de\/fr\/wp-json\/wp\/v2\/product_tag?post=1026181"}],"curies":[{"name":"wp","href":"https:\/\/api.w.org\/{rel}","templated":true}]}}