{"id":1026157,"date":"2024-06-17T15:56:47","date_gmt":"2024-06-17T07:56:47","guid":{"rendered":"https:\/\/vimaterial.de\/product\/oxyde-de-bismuth-et-de-germanium-bgo-2\/"},"modified":"2024-10-25T11:34:34","modified_gmt":"2024-10-25T03:34:34","slug":"oxyde-de-bismuth-et-de-germanium-bgo-2","status":"publish","type":"product","link":"https:\/\/vimaterial.de\/fr\/product\/oxyde-de-bismuth-et-de-germanium-bgo-2\/","title":{"rendered":"Oxyde de bismuth et de germanium (BGO)"},"content":{"rendered":"<p>Oxyde de bismuth et de germanium\u00a0est une cible mat\u00e9rielle fonctionnelle importante.<\/p>\n<h3>Informations de base :<\/h3>\n<p>Formule chimique : Bi\u2084Ge\u2083O\u2081\u2082.<\/p>\n<p>Structure cristalline : avec structure cristalline cubique en \u00e9werite<\/p>\n<p>Apparence : g\u00e9n\u00e9ralement des flocons solides ou une cible ronde, g\u00e9n\u00e9ralement blanc cass\u00e9 ou jaune clair.<\/p>\n<h3>Propri\u00e9t\u00e9s chimiques :<\/h3>\n<p>Stabilit\u00e9 : il est relativement stable \u00e0 temp\u00e9rature et pression ambiantes, mais dans certains environnements chimiques sp\u00e9ciaux, tels que les acides et les bases forts, des r\u00e9actions chimiques peuvent se produire.<\/p>\n<p>Propri\u00e9t\u00e9s oxydantes : les \u00e9l\u00e9ments bismuth et germanium qu\u2019il contient ont certaines propri\u00e9t\u00e9s oxydantes et peuvent \u00eatre impliqu\u00e9s en tant qu\u2019agents oxydants dans certaines r\u00e9actions, mais dans le processus d\u2019application de la cible, ces propri\u00e9t\u00e9s oxydantes n\u2019ont g\u00e9n\u00e9ralement pas d\u2019impact n\u00e9gatif sur ses performances.<\/p>\n<h3>Domaine d\u2019application :<\/h3>\n<p>Champ optique : Oxyde de bismuth et de germanium est capable d\u2019\u00e9mettre une fluorescence verte sous l\u2019action de particules de haute \u00e9nergie ou de rayons de haute \u00e9nergie (par exemple, les rayons \u03b2 et les rayons X), ses cibles peuvent \u00eatre utilis\u00e9es pour la pr\u00e9paration de films optiques, qui sont utilis\u00e9s, par exemple, dans les mat\u00e9riaux de scintillateur et les \u00e9crans fluorescents.<\/p>\n<p>Domaine des semi-conducteurs\u00a0: Peut \u00eatre utilis\u00e9 dans la fabrication de dispositifs \u00e0 semi-conducteurs, tels que dans les circuits int\u00e9gr\u00e9s, les dispositifs opto\u00e9lectroniques et d\u2019autres aspects du processus de d\u00e9p\u00f4t de couches minces, en tant que mat\u00e9riau cible de pulv\u00e9risation pour pr\u00e9parer des films avec des fonctions sp\u00e9cifiques, ces films peuvent am\u00e9liorer les performances des dispositifs \u00e0 semi-conducteurs.<\/p>\n<p>\u00c9lectronique : Dans le domaine de l\u2019\u00e9lectronique, les cibles Bi\u2084Ge\u2083O\u2081\u2082 peuvent \u00eatre utilis\u00e9es dans la pr\u00e9paration de couches isolantes ou protectrices pour les composants \u00e9lectroniques afin d\u2019am\u00e9liorer les performances et la fiabilit\u00e9 des composants \u00e9lectroniques.<\/p>\n","protected":false},"excerpt":{"rendered":"<p>Oxyde de bismuth et de germanium\u00a0est une cible mat\u00e9rielle fonctionnelle importante.<\/p>\n<p>Champ optique : Oxyde de bismuth et de germanium est capable d\u2019\u00e9mettre une fluorescence verte sous l\u2019action de particules de haute \u00e9nergie ou de rayons de haute \u00e9nergie (par exemple, les rayons \u03b2 et les rayons X), ses cibles peuvent \u00eatre utilis\u00e9es pour la pr\u00e9paration de films optiques, qui sont utilis\u00e9s, par exemple, dans les mat\u00e9riaux de scintillateur et les \u00e9crans fluorescents.<\/p>\n<p>Domaine des semi-conducteurs : Peut \u00eatre utilis\u00e9 dans la fabrication de dispositifs \u00e0 semi-conducteurs, tels que dans les circuits int\u00e9gr\u00e9s, les dispositifs opto\u00e9lectroniques et d\u2019autres aspects du processus de d\u00e9p\u00f4t de couches minces, en tant que mat\u00e9riau cible de pulv\u00e9risation pour pr\u00e9parer des films avec des fonctions sp\u00e9cifiques, ces films peuvent am\u00e9liorer les performances des dispositifs \u00e0 semi-conducteurs.<\/p>\n","protected":false},"featured_media":1033649,"comment_status":"open","ping_status":"closed","template":"","meta":{"_acf_changed":false},"product_brand":[],"product_cat":[235],"product_tag":[],"class_list":{"0":"post-1026157","1":"product","2":"type-product","3":"status-publish","4":"has-post-thumbnail","6":"product_cat-cibles-de-pulverisation-planaire","8":"first","9":"instock","10":"shipping-taxable","11":"product-type-variable"},"acf":[],"_links":{"self":[{"href":"https:\/\/vimaterial.de\/fr\/wp-json\/wp\/v2\/product\/1026157","targetHints":{"allow":["GET"]}}],"collection":[{"href":"https:\/\/vimaterial.de\/fr\/wp-json\/wp\/v2\/product"}],"about":[{"href":"https:\/\/vimaterial.de\/fr\/wp-json\/wp\/v2\/types\/product"}],"replies":[{"embeddable":true,"href":"https:\/\/vimaterial.de\/fr\/wp-json\/wp\/v2\/comments?post=1026157"}],"wp:featuredmedia":[{"embeddable":true,"href":"https:\/\/vimaterial.de\/fr\/wp-json\/wp\/v2\/media\/1033649"}],"wp:attachment":[{"href":"https:\/\/vimaterial.de\/fr\/wp-json\/wp\/v2\/media?parent=1026157"}],"wp:term":[{"taxonomy":"product_brand","embeddable":true,"href":"https:\/\/vimaterial.de\/fr\/wp-json\/wp\/v2\/product_brand?post=1026157"},{"taxonomy":"product_cat","embeddable":true,"href":"https:\/\/vimaterial.de\/fr\/wp-json\/wp\/v2\/product_cat?post=1026157"},{"taxonomy":"product_tag","embeddable":true,"href":"https:\/\/vimaterial.de\/fr\/wp-json\/wp\/v2\/product_tag?post=1026157"}],"curies":[{"name":"wp","href":"https:\/\/api.w.org\/{rel}","templated":true}]}}