{"id":1026155,"date":"2024-06-17T15:56:47","date_gmt":"2024-06-17T07:56:47","guid":{"rendered":"https:\/\/vimaterial.de\/product\/oxyde-de-bismuth-et-de-germanium-bgo\/"},"modified":"2024-10-25T11:10:15","modified_gmt":"2024-10-25T03:10:15","slug":"oxyde-de-bismuth-et-de-germanium-bgo","status":"publish","type":"product","link":"https:\/\/vimaterial.de\/fr\/product\/oxyde-de-bismuth-et-de-germanium-bgo\/","title":{"rendered":"Oxyde de bismuth et de germanium (BGO)"},"content":{"rendered":"<p>Oxyde de bismuth et de germanium\u00a0est un mat\u00e9riau fonctionnel important.<\/p>\n<h3>Informations de base :<\/h3>\n<p>Formule chimique : Bi\u2084Ge\u2083O\u2081\u2082.<\/p>\n<p>Poids mol\u00e9culaire : 1245,83 g\/mol.<\/p>\n<p>N\u00b0 CAS : 12233-56-6.<\/p>\n<p>Aspect : g\u00e9n\u00e9ralement poudre blanche ou blanc cass\u00e9. \u00c0 l\u2019\u00e9tat cristallin, il s\u2019agit d\u2019un cristal transparent incolore.<\/p>\n<p>Point de fusion : 1050\u00b0C, avec un point de fusion \u00e9lev\u00e9.<\/p>\n<p>Densit\u00e9 : 7,13 g\/cm\u00b3.<\/p>\n<p>Structure cristalline : appartient au syst\u00e8me cristallin cubique, cette structure cristalline d\u00e9termine ses propri\u00e9t\u00e9s physiques isotropes.<\/p>\n<h3>Propri\u00e9t\u00e9s chimiques :<\/h3>\n<p>Stabilit\u00e9\u00a0: Il est plus stable \u00e0 temp\u00e9rature et pression ambiantes, mais dans certains environnements chimiques sp\u00e9ciaux, tels que des conditions fortement acides et alcalines, des r\u00e9actions chimiques peuvent se produire.<\/p>\n<p>Propri\u00e9t\u00e9s oxydantes : les \u00e9l\u00e9ments bismuth et germanium qu\u2019il contient ont certaines propri\u00e9t\u00e9s oxydantes et peuvent \u00eatre impliqu\u00e9s en tant qu\u2019agents oxydants dans certaines r\u00e9actions.<\/p>\n<h3>Domaines d\u2019application :<\/h3>\n<p>D\u00e9tection des radiations : En raison de ses excellentes propri\u00e9t\u00e9s de scintillation, Oxyde de bismuth et de germanium est largement utilis\u00e9e dans les d\u00e9tecteurs de rayonnement dans les domaines de la physique des particules, de la physique a\u00e9rospatiale, de la m\u00e9decine nucl\u00e9aire, de l\u2019exploration g\u00e9ologique, etc., et elle peut d\u00e9tecter efficacement les particules de haute \u00e9nergie et les rayons de haute \u00e9nergie.<\/p>\n<p>Imagerie m\u00e9dicale : Dans les appareils d\u2019imagerie m\u00e9dicale tels que les d\u00e9tecteurs de tomographie par \u00e9mission de positons (TEP), les cristaux Bi\u2084Ge\u2083O\u2081\u2082 ou les mat\u00e9riaux pr\u00e9par\u00e9s \u00e0 partir de leurs poudres peuvent convertir le rayonnement en lumi\u00e8re visible ou en signaux \u00e9lectriques, permettant ainsi l\u2019imagerie de la structure interne et de la fonction du corps humain.<\/p>\n<p>Recherche en physique des hautes \u00e9nergies : Dans les exp\u00e9riences de physique des hautes \u00e9nergies, il est utilis\u00e9 pour d\u00e9tecter et \u00e9tudier les propri\u00e9t\u00e9s et les interactions de diverses particules de haute \u00e9nergie, fournissant des donn\u00e9es exp\u00e9rimentales importantes pour l\u2019\u00e9tude de la physique.<\/p>\n","protected":false},"excerpt":{"rendered":"<p>Oxyde de bismuth et de germanium\u00a0est un mat\u00e9riau fonctionnel important.<\/p>\n<p>D\u00e9tection des radiations : En raison de ses excellentes propri\u00e9t\u00e9s de scintillation, Oxyde de bismuth et de germanium est largement utilis\u00e9e dans les d\u00e9tecteurs de rayonnement dans les domaines de la physique des particules, de la physique a\u00e9rospatiale, de la m\u00e9decine nucl\u00e9aire, de l\u2019exploration g\u00e9ologique, etc., et elle peut d\u00e9tecter efficacement les particules de haute \u00e9nergie et les rayons de haute \u00e9nergie.<\/p>\n<p>&nbsp;<\/p>\n","protected":false},"featured_media":1033644,"comment_status":"open","ping_status":"closed","template":"","meta":{"_acf_changed":false},"product_brand":[],"product_cat":[244],"product_tag":[],"class_list":{"0":"post-1026155","1":"product","2":"type-product","3":"status-publish","4":"has-post-thumbnail","6":"product_cat-autres-materiaux","8":"first","9":"instock","10":"shipping-taxable","11":"product-type-variable"},"acf":[],"_links":{"self":[{"href":"https:\/\/vimaterial.de\/fr\/wp-json\/wp\/v2\/product\/1026155","targetHints":{"allow":["GET"]}}],"collection":[{"href":"https:\/\/vimaterial.de\/fr\/wp-json\/wp\/v2\/product"}],"about":[{"href":"https:\/\/vimaterial.de\/fr\/wp-json\/wp\/v2\/types\/product"}],"replies":[{"embeddable":true,"href":"https:\/\/vimaterial.de\/fr\/wp-json\/wp\/v2\/comments?post=1026155"}],"wp:featuredmedia":[{"embeddable":true,"href":"https:\/\/vimaterial.de\/fr\/wp-json\/wp\/v2\/media\/1033644"}],"wp:attachment":[{"href":"https:\/\/vimaterial.de\/fr\/wp-json\/wp\/v2\/media?parent=1026155"}],"wp:term":[{"taxonomy":"product_brand","embeddable":true,"href":"https:\/\/vimaterial.de\/fr\/wp-json\/wp\/v2\/product_brand?post=1026155"},{"taxonomy":"product_cat","embeddable":true,"href":"https:\/\/vimaterial.de\/fr\/wp-json\/wp\/v2\/product_cat?post=1026155"},{"taxonomy":"product_tag","embeddable":true,"href":"https:\/\/vimaterial.de\/fr\/wp-json\/wp\/v2\/product_tag?post=1026155"}],"curies":[{"name":"wp","href":"https:\/\/api.w.org\/{rel}","templated":true}]}}