{"id":1026134,"date":"2024-06-17T15:56:47","date_gmt":"2024-06-17T07:56:47","guid":{"rendered":"https:\/\/vimaterial.de\/product\/oxyde-de-bismuth-et-de-titane-2\/"},"modified":"2024-10-25T13:31:35","modified_gmt":"2024-10-25T05:31:35","slug":"oxyde-de-bismuth-et-de-titane-2","status":"publish","type":"product","link":"https:\/\/vimaterial.de\/fr\/product\/oxyde-de-bismuth-et-de-titane-2\/","title":{"rendered":"Oxyde de titane de bismuth"},"content":{"rendered":"<p>La poudre Bi\u2084Ti\u2083O\u2081\u2082 est un mat\u00e9riau fonctionnel important avec une vari\u00e9t\u00e9 de propri\u00e9t\u00e9s et un large \u00e9ventail d\u2019applications.<\/p>\n<h3>Informations de base :<\/h3>\n<p>Formule chimique : Bi\u2084Ti\u2083O\u2081\u2082.<\/p>\n<p>Poids mol\u00e9culaire : 1171,53 g\/mol.<\/p>\n<p>Aspect : g\u00e9n\u00e9ralement poudre blanche ou blanc cass\u00e9.<\/p>\n<p>Densit\u00e9 : Relativement \u00e9lev\u00e9e, environ 9,03 g\/cm\u00b3.<\/p>\n<p>Structure cristalline : Il a une structure octa\u00e9drique a\u00e9robie en couches contenant du bismuth et est un compos\u00e9 structurel d\u00e9riv\u00e9 de la calcite.<\/p>\n<h3>Propri\u00e9t\u00e9s chimiques :<\/h3>\n<p>Stabilit\u00e9 : Il est relativement stable \u00e0 temp\u00e9rature et \u00e0 pression ambiantes, mais peut r\u00e9agir dans certains environnements chimiques extr\u00eames.<\/p>\n<p>Propri\u00e9t\u00e9s oxydantes : Les \u00e9l\u00e9ments en bismuth et en titane ont certaines propri\u00e9t\u00e9s redox, bien que celles-ci ne soient pas tr\u00e8s importantes dans les applications conventionnelles.<\/p>\n<h3>Domaine d\u2019application :<\/h3>\n<p>Champ de stockage ferro\u00e9lectrique : en tant que mat\u00e9riau ferro\u00e9lectrique, l\u2019oxyde de titane de bismuth a une forte valeur de polarisation spontan\u00e9e lorsqu\u2019il est en phase ferro\u00e9lectrique, ce qui peut \u00eatre utilis\u00e9 pour pr\u00e9parer des dispositifs de m\u00e9moire non volatile, tels que la m\u00e9moire vive ferro\u00e9lectrique (FeRAM).<\/p>\n<p>Champ de photocatalyse\u00a0: L\u2019oxyde de titane de bismuth a une bonne activit\u00e9 photocatalytique sous irradiation en lumi\u00e8re visible et peut \u00eatre utilis\u00e9 pour d\u00e9grader les polluants organiques, la photolyse de l\u2019eau pour produire de l\u2019hydrog\u00e8ne, etc., ce qui est d\u2019une grande importance dans la r\u00e9solution des probl\u00e8mes de pollution environnementale et d\u2019\u00e9nergie.<\/p>\n<p>Champ optique : en raison de sa structure cristalline sp\u00e9ciale et de ses propri\u00e9t\u00e9s optiques, il peut \u00eatre utilis\u00e9 pour pr\u00e9parer des dispositifs optiques, tels que des guides d\u2019ondes optiques, des modulateurs optiques, etc.<\/p>\n","protected":false},"excerpt":{"rendered":"<p>La poudre d\u2019oxyde de titane de bismuth est un mat\u00e9riau fonctionnel important avec une vari\u00e9t\u00e9 de propri\u00e9t\u00e9s et un large \u00e9ventail d\u2019applications.<\/p>\n<p>Champ de stockage ferro\u00e9lectrique : en tant que mat\u00e9riau ferro\u00e9lectrique, l\u2019oxyde de titane de bismuth a une forte valeur de polarisation spontan\u00e9e lorsqu\u2019il est en phase ferro\u00e9lectrique, ce qui peut \u00eatre utilis\u00e9 pour pr\u00e9parer des dispositifs de m\u00e9moire non volatile, tels que la m\u00e9moire vive ferro\u00e9lectrique (FeRAM).<\/p>\n<p>&nbsp;<\/p>\n","protected":false},"featured_media":1033654,"comment_status":"open","ping_status":"closed","template":"","meta":{"_acf_changed":false},"product_brand":[],"product_cat":[244],"product_tag":[],"class_list":{"0":"post-1026134","1":"product","2":"type-product","3":"status-publish","4":"has-post-thumbnail","6":"product_cat-autres-materiaux","8":"first","9":"instock","10":"shipping-taxable","11":"purchasable","12":"product-type-variable"},"acf":[],"_links":{"self":[{"href":"https:\/\/vimaterial.de\/fr\/wp-json\/wp\/v2\/product\/1026134","targetHints":{"allow":["GET"]}}],"collection":[{"href":"https:\/\/vimaterial.de\/fr\/wp-json\/wp\/v2\/product"}],"about":[{"href":"https:\/\/vimaterial.de\/fr\/wp-json\/wp\/v2\/types\/product"}],"replies":[{"embeddable":true,"href":"https:\/\/vimaterial.de\/fr\/wp-json\/wp\/v2\/comments?post=1026134"}],"wp:featuredmedia":[{"embeddable":true,"href":"https:\/\/vimaterial.de\/fr\/wp-json\/wp\/v2\/media\/1033654"}],"wp:attachment":[{"href":"https:\/\/vimaterial.de\/fr\/wp-json\/wp\/v2\/media?parent=1026134"}],"wp:term":[{"taxonomy":"product_brand","embeddable":true,"href":"https:\/\/vimaterial.de\/fr\/wp-json\/wp\/v2\/product_brand?post=1026134"},{"taxonomy":"product_cat","embeddable":true,"href":"https:\/\/vimaterial.de\/fr\/wp-json\/wp\/v2\/product_cat?post=1026134"},{"taxonomy":"product_tag","embeddable":true,"href":"https:\/\/vimaterial.de\/fr\/wp-json\/wp\/v2\/product_tag?post=1026134"}],"curies":[{"name":"wp","href":"https:\/\/api.w.org\/{rel}","templated":true}]}}