{"id":1026113,"date":"2024-06-17T15:56:48","date_gmt":"2024-06-17T07:56:48","guid":{"rendered":"https:\/\/vimaterial.de\/product\/bromure-de-bismuth\/"},"modified":"2024-10-25T09:59:35","modified_gmt":"2024-10-25T01:59:35","slug":"bromure-de-bismuth","status":"publish","type":"product","link":"https:\/\/vimaterial.de\/fr\/product\/bromure-de-bismuth\/","title":{"rendered":"Bromure de bismuth"},"content":{"rendered":"<p>La poudre de bromure de bismuth est un compos\u00e9 inorganique important.<\/p>\n<h3>Informations de base :<\/h3>\n<p>Formule chimique : BiBr\u2083, compos\u00e9 de deux \u00e9l\u00e9ments : le bismuth (Bi) et le brome (Br).<\/p>\n<p>Poids mol\u00e9culaire : 448,692 g\/mol.<\/p>\n<p>N\u00b0 CAS : 7787-58-8.<\/p>\n<p>N\u00b0 EINECS : 232-121-1.<\/p>\n<p>Aspect : g\u00e9n\u00e9ralement blanc \u00e0 jaune clair en poudre cristalline.<\/p>\n<p>Densit\u00e9 : 5,7 g\/cm\u00b3 (25\u00b0C).<\/p>\n<p>Point de fusion : environ 218\u00b0C.<\/p>\n<p>Point d\u2019\u00e9bullition : environ 453\u00b0C.<\/p>\n<p>Solubilit\u00e9 : soluble dans l\u2019eau, mais sera lentement hydrolys\u00e9 ; \u00e9galement soluble dans l\u2019\u00e9ther, le t\u00e9trahydrofurane et d\u2019autres solvants organiques.<\/p>\n<h3>Propri\u00e9t\u00e9s chimiques :<\/h3>\n<p>Hydrolyse : la r\u00e9action d\u2019hydrolyse se produit lorsqu\u2019elle rencontre de l\u2019eau, g\u00e9n\u00e9rant des produits tels que l\u2019acide bromhydrique et l\u2019hydroxyde de bismuth.<\/p>\n<p>Propri\u00e9t\u00e9s oxydantes et r\u00e9ductrices : l\u2019\u00e9l\u00e9ment bismuth poss\u00e8de certaines propri\u00e9t\u00e9s oxydantes et r\u00e9ductrices dans les compos\u00e9s, et peut pr\u00e9senter des propri\u00e9t\u00e9s chimiques correspondantes dans des r\u00e9actions chimiques sp\u00e9cifiques, mais elles sont relativement b\u00e9nignes.<\/p>\n<h3>Domaines d\u2019application :<\/h3>\n<p>R\u00e9actif dans la synth\u00e8se chimique : Le bromure de bismuth peut \u00eatre utilis\u00e9 comme r\u00e9actif chimique important pour participer \u00e0 une vari\u00e9t\u00e9 de r\u00e9actions de synth\u00e8se organique et inorganique, par exemple, comme mati\u00e8re premi\u00e8re ou catalyseur dans la synth\u00e8se de certains compos\u00e9s organom\u00e9talliques.<\/p>\n<p>Mat\u00e9riau photocatalyseur : il a un certain potentiel d\u2019application dans le domaine de la photocatalyse et peut \u00eatre utilis\u00e9 dans la d\u00e9gradation photocatalytique des polluants organiques, la photolyse de l\u2019eau en hydrog\u00e8ne et d\u2019autres r\u00e9actions.<\/p>\n<p>Mat\u00e9riaux \u00e9lectroniques : en raison de ses propri\u00e9t\u00e9s physiques et chimiques particuli\u00e8res, il peut \u00eatre utilis\u00e9 dans le domaine des mat\u00e9riaux \u00e9lectroniques pour la pr\u00e9paration de certains dispositifs \u00e9lectroniques sp\u00e9ciaux ou comme additif pour les mat\u00e9riaux \u00e9lectroniques.<\/p>\n","protected":false},"excerpt":{"rendered":"<p>La poudre de bromure de bismuth est un compos\u00e9 inorganique important.<\/p>\n<p>R\u00e9actif dans la synth\u00e8se chimique : Le bromure de bismuth peut \u00eatre utilis\u00e9 comme r\u00e9actif chimique important pour participer \u00e0 une vari\u00e9t\u00e9 de r\u00e9actions de synth\u00e8se organique et inorganique, par exemple, comme mati\u00e8re premi\u00e8re ou catalyseur dans la synth\u00e8se de certains compos\u00e9s organom\u00e9talliques.<\/p>\n<p>Mat\u00e9riau photocatalyseur : il a un certain potentiel d\u2019application dans le domaine de la photocatalyse et peut \u00eatre utilis\u00e9 dans la d\u00e9gradation photocatalytique des polluants organiques, la photolyse de l\u2019eau en hydrog\u00e8ne et d\u2019autres r\u00e9actions.<\/p>\n","protected":false},"featured_media":1033664,"comment_status":"open","ping_status":"closed","template":"","meta":{"_acf_changed":false},"product_brand":[],"product_cat":[239],"product_tag":[],"class_list":{"0":"post-1026113","1":"product","2":"type-product","3":"status-publish","4":"has-post-thumbnail","6":"product_cat-materiaux-halogenes","8":"first","9":"instock","10":"shipping-taxable","11":"product-type-variable"},"acf":[],"_links":{"self":[{"href":"https:\/\/vimaterial.de\/fr\/wp-json\/wp\/v2\/product\/1026113","targetHints":{"allow":["GET"]}}],"collection":[{"href":"https:\/\/vimaterial.de\/fr\/wp-json\/wp\/v2\/product"}],"about":[{"href":"https:\/\/vimaterial.de\/fr\/wp-json\/wp\/v2\/types\/product"}],"replies":[{"embeddable":true,"href":"https:\/\/vimaterial.de\/fr\/wp-json\/wp\/v2\/comments?post=1026113"}],"wp:featuredmedia":[{"embeddable":true,"href":"https:\/\/vimaterial.de\/fr\/wp-json\/wp\/v2\/media\/1033664"}],"wp:attachment":[{"href":"https:\/\/vimaterial.de\/fr\/wp-json\/wp\/v2\/media?parent=1026113"}],"wp:term":[{"taxonomy":"product_brand","embeddable":true,"href":"https:\/\/vimaterial.de\/fr\/wp-json\/wp\/v2\/product_brand?post=1026113"},{"taxonomy":"product_cat","embeddable":true,"href":"https:\/\/vimaterial.de\/fr\/wp-json\/wp\/v2\/product_cat?post=1026113"},{"taxonomy":"product_tag","embeddable":true,"href":"https:\/\/vimaterial.de\/fr\/wp-json\/wp\/v2\/product_tag?post=1026113"}],"curies":[{"name":"wp","href":"https:\/\/api.w.org\/{rel}","templated":true}]}}