{"id":1026107,"date":"2024-06-17T15:56:48","date_gmt":"2024-06-17T07:56:48","guid":{"rendered":"https:\/\/vimaterial.de\/product\/oxyde-de-bismuth-et-de-titane\/"},"modified":"2024-10-25T09:35:36","modified_gmt":"2024-10-25T01:35:36","slug":"oxyde-de-bismuth-et-de-titane","status":"publish","type":"product","link":"https:\/\/vimaterial.de\/fr\/product\/oxyde-de-bismuth-et-de-titane\/","title":{"rendered":"Oxyde de titane de bismuth"},"content":{"rendered":"<p>La poudre d\u2019oxyde de titane de bismuth est un mat\u00e9riau fonctionnel important.<\/p>\n<h3>Informations de base :<\/h3>\n<p>Formule chimique : Bi\u2084Ti\u2083O\u2081\u2082, qui se compose de trois \u00e9l\u00e9ments : le bismuth (Bi), le titane (Ti) et l\u2019oxyg\u00e8ne (O).<\/p>\n<p>Poids mol\u00e9culaire : 1171,53.<\/p>\n<p>Structure cristalline : appartient \u00e0 la structure octa\u00e9drique a\u00e9robie en couches contenant du bismuth.<\/p>\n<p>Aspect : g\u00e9n\u00e9ralement poudre blanche ou blanc cass\u00e9.<\/p>\n<p>Densit\u00e9\u00a0: La densit\u00e9 relative est \u00e9lev\u00e9e, environ 9,03 g \/ cm\u00b3.<\/p>\n<p>Point de fusion : Le mat\u00e9riau a un point de fusion \u00e9lev\u00e9 et a une bonne stabilit\u00e9 \u00e0 haute temp\u00e9rature.<\/p>\n<p>Solubilit\u00e9 : difficile \u00e0 dissoudre dans l\u2019eau.<\/p>\n<h3>Domaines d\u2019application :<\/h3>\n<p>Mat\u00e9riaux ferro\u00e9lectriques\u00a0: L\u2019oxyde de titane de bismuth est un mat\u00e9riau ferro\u00e9lectrique typique avec de fortes valeurs de polarisation spontan\u00e9e et des structures de paroi \u00e0 plusieurs domaines lorsqu\u2019il est en phase ferro\u00e9lectrique, qui peut \u00eatre utilis\u00e9 pour pr\u00e9parer une m\u00e9moire ferro\u00e9lectrique, des condensateurs et d\u2019autres dispositifs \u00e9lectroniques.<\/p>\n<p>Champ photocatalytique\u00a0: il a une bonne activit\u00e9 photocatalytique sous irradiation de lumi\u00e8re visible et peut \u00eatre utilis\u00e9 pour d\u00e9grader les polluants organiques, la photolyse de l\u2019eau pour produire de l\u2019hydrog\u00e8ne, etc., ce qui est d\u2019une grande importance pour r\u00e9soudre les probl\u00e8mes de pollution environnementale et d\u2019\u00e9nergie.<\/p>\n<p>Champ optique\u00a0: il a un effet \u00e9lectro-optique et un effet photor\u00e9fractif, c\u2019est-\u00e0-dire que l\u2019indice de r\u00e9fraction changera de mani\u00e8re r\u00e9versible sous l\u2019action du champ \u00e9lectrique ou de la lumi\u00e8re, il a donc une valeur d\u2019application potentielle dans les supports d\u2019enregistrement r\u00e9versibles, l\u2019holographie en temps r\u00e9el, le traitement d\u2019image et d\u2019autres applications optiques.<\/p>\n","protected":false},"excerpt":{"rendered":"<p>La poudre d\u2019oxyde de titane de bismuth est un mat\u00e9riau fonctionnel important.<\/p>\n<p>Mat\u00e9riaux ferro\u00e9lectriques\u00a0: L\u2019oxyde de titane de bismuth est un mat\u00e9riau ferro\u00e9lectrique typique avec de fortes valeurs de polarisation spontan\u00e9e et des structures de paroi \u00e0 plusieurs domaines lorsqu\u2019il est en phase ferro\u00e9lectrique, qui peut \u00eatre utilis\u00e9 pour pr\u00e9parer une m\u00e9moire ferro\u00e9lectrique, des condensateurs et d\u2019autres dispositifs \u00e9lectroniques.<\/p>\n<p>Champ photocatalytique\u00a0: il a une bonne activit\u00e9 photocatalytique sous irradiation de lumi\u00e8re visible et peut \u00eatre utilis\u00e9 pour d\u00e9grader les polluants organiques, la photolyse de l\u2019eau pour produire de l\u2019hydrog\u00e8ne, etc., ce qui est d\u2019une grande importance pour r\u00e9soudre les probl\u00e8mes de pollution environnementale et d\u2019\u00e9nergie.<\/p>\n","protected":false},"featured_media":1033659,"comment_status":"open","ping_status":"closed","template":"","meta":{"_acf_changed":false},"product_brand":[],"product_cat":[235],"product_tag":[],"class_list":{"0":"post-1026107","1":"product","2":"type-product","3":"status-publish","4":"has-post-thumbnail","6":"product_cat-cibles-de-pulverisation-planaire","8":"first","9":"instock","10":"shipping-taxable","11":"product-type-variable"},"acf":[],"_links":{"self":[{"href":"https:\/\/vimaterial.de\/fr\/wp-json\/wp\/v2\/product\/1026107","targetHints":{"allow":["GET"]}}],"collection":[{"href":"https:\/\/vimaterial.de\/fr\/wp-json\/wp\/v2\/product"}],"about":[{"href":"https:\/\/vimaterial.de\/fr\/wp-json\/wp\/v2\/types\/product"}],"replies":[{"embeddable":true,"href":"https:\/\/vimaterial.de\/fr\/wp-json\/wp\/v2\/comments?post=1026107"}],"wp:featuredmedia":[{"embeddable":true,"href":"https:\/\/vimaterial.de\/fr\/wp-json\/wp\/v2\/media\/1033659"}],"wp:attachment":[{"href":"https:\/\/vimaterial.de\/fr\/wp-json\/wp\/v2\/media?parent=1026107"}],"wp:term":[{"taxonomy":"product_brand","embeddable":true,"href":"https:\/\/vimaterial.de\/fr\/wp-json\/wp\/v2\/product_brand?post=1026107"},{"taxonomy":"product_cat","embeddable":true,"href":"https:\/\/vimaterial.de\/fr\/wp-json\/wp\/v2\/product_cat?post=1026107"},{"taxonomy":"product_tag","embeddable":true,"href":"https:\/\/vimaterial.de\/fr\/wp-json\/wp\/v2\/product_tag?post=1026107"}],"curies":[{"name":"wp","href":"https:\/\/api.w.org\/{rel}","templated":true}]}}